{"id":1127,"date":"2025-06-02T22:36:42","date_gmt":"2025-06-03T03:36:42","guid":{"rendered":"https:\/\/makertechnologypc.com\/?post_type=product&#038;p=1127"},"modified":"2026-04-07T20:43:02","modified_gmt":"2026-04-08T01:43:02","slug":"equipo-dynamic-amd-ryzen-8600g-512gb-16gb","status":"publish","type":"product","link":"https:\/\/makertechnologypc.com\/en\/product\/equipo-dynamic-amd-ryzen-8600g-512gb-16gb\/","title":{"rendered":"EQUIPO DYNAMIC AMD RYZEN 5 8500G +| Monitor 24 inch IPS"},"content":{"rendered":"<h4>La computadora gamer perfecta para comenzar en el mundo del Gaming.<\/h4>\n<p>Recomendamos esta PC Gamer como una excelente opci\u00f3n inicial para usuarios que disponen de un presupuesto limitado, pero que tienen en mente realizar mejoras progresivas en el futuro. Su dise\u00f1o permite incorporar una tarjeta gr\u00e1fica dedicada, aumentar la capacidad de memoria RAM y ampliar el almacenamiento conforme evolucionen tus requerimientos y expectativas de rendimiento.<\/p>\n<p><strong>PC Gamer con Procesador Ryzen 8000\u00a0 y Gr\u00e1ficos Integrados AMD<\/strong><\/p>\n<p>Experimenta un rendimiento de \u00faltima generaci\u00f3n con la PC Gamer 8000S, equipada con tecnolog\u00eda DDR5 para ofrecer mayor velocidad y eficiencia. Este equipo cuenta con un procesador Ryzen 8000S de alto rendimiento que incorpora gr\u00e1ficos integrados AMD, ideales para juegos, dise\u00f1o o tareas exigentes desde el primer momento. Dise\u00f1ada pensando en el crecimiento a futuro, te brinda la flexibilidad de a\u00f1adir una tarjeta gr\u00e1fica dedicada cuando lo desees, sin complicaciones. Adem\u00e1s, viene equipada con 16 GB de memoria RAM DDR5 y un r\u00e1pido almacenamiento NVMe de 512 GB, garantizando una experiencia fluida, \u00e1gil y lista para todo tipo de desaf\u00edos digitales<\/p>\n<p><strong>EQUIPO AMD RYZEN 5 8500G<\/strong><\/p>\n<ul>\n<li><img loading=\"lazy\" decoding=\"async\" src=\"https:\/\/katech.com.ar\/wp-content\/uploads\/cpu-ktch.webp\" alt=\"\u00cdcono de procesador\" width=\"20\" height=\"20\" data-od-added-loading=\"\" data-od-xpath=\"\/*[1][self::HTML]\/*[2][self::BODY]\/*[3][self::MAIN]\/*[3][self::SECTION]\/*[2][self::DIV]\/*[1][self::DIV]\/*[2][self::DIV]\/*[1][self::DIV]\/*[1][self::DIV]\/*[11][self::DIV]\/*[1][self::DIV]\/*[1][self::UL]\/*[1][self::LI]\/*[1][self::IMG]\" \/> AMD Ryzen 5 8500G AM5<br \/>\n<img loading=\"lazy\" decoding=\"async\" src=\"https:\/\/katech.com.ar\/wp-content\/uploads\/ram-ktch.webp\" alt=\"\u00cdcono de RAM\" width=\"20\" height=\"20\" data-od-added-loading=\"\" data-od-xpath=\"\/*[1][self::HTML]\/*[2][self::BODY]\/*[3][self::MAIN]\/*[3][self::SECTION]\/*[2][self::DIV]\/*[1][self::DIV]\/*[2][self::DIV]\/*[1][self::DIV]\/*[1][self::DIV]\/*[11][self::DIV]\/*[1][self::DIV]\/*[1][self::UL]\/*[2][self::LI]\/*[1][self::IMG]\" \/> Memoria RAM Corsair RGB16GB DDR5 5600<br \/>\n<img loading=\"lazy\" decoding=\"async\" src=\"https:\/\/katech.com.ar\/wp-content\/uploads\/ssd-ktch.webp\" alt=\"\u00cdcono de SSD\" width=\"20\" height=\"20\" data-od-xpath=\"\/*[1][self::HTML]\/*[2][self::BODY]\/*[3][self::MAIN]\/*[3][self::SECTION]\/*[2][self::DIV]\/*[1][self::DIV]\/*[2][self::DIV]\/*[1][self::DIV]\/*[1][self::DIV]\/*[11][self::DIV]\/*[1][self::DIV]\/*[1][self::UL]\/*[3][self::LI]\/*[1][self::IMG]\" \/> Disco M2 512GB<br \/>\n<img loading=\"lazy\" decoding=\"async\" src=\"https:\/\/katech.com.ar\/wp-content\/uploads\/gpu-ktch.webp\" alt=\"\u00cdcono de gpu\" width=\"20\" height=\"20\" data-od-xpath=\"\/*[1][self::HTML]\/*[2][self::BODY]\/*[3][self::MAIN]\/*[3][self::SECTION]\/*[2][self::DIV]\/*[1][self::DIV]\/*[2][self::DIV]\/*[1][self::DIV]\/*[1][self::DIV]\/*[11][self::DIV]\/*[1][self::DIV]\/*[1][self::UL]\/*[4][self::LI]\/*[1][self::IMG]\" \/> Radeon 740M Integrada<\/li>\n<li>Fuente de poder 750w cougar<\/li>\n<li>Gabinete Corsair 480T + 3 fans argb Corsair<\/li>\n<li>Monitor Benq\u00a0 100hz IPS<\/li>\n<li>Teclado y mouse Logitech MK120<\/li>\n<\/ul>\n","protected":false},"excerpt":{"rendered":"<p><strong>EQUIPO AMD RYZEN 5 8500G<\/strong><\/p>\n<p><img loading=\"lazy\" decoding=\"async\" src=\"https:\/\/katech.com.ar\/wp-content\/uploads\/cpu-ktch.webp\" alt=\"\u00cdcono de procesador\" width=\"20\" height=\"20\" data-od-added-loading=\"\" data-od-xpath=\"\/*[1][self::HTML]\/*[2][self::BODY]\/*[3][self::MAIN]\/*[3][self::SECTION]\/*[2][self::DIV]\/*[1][self::DIV]\/*[2][self::DIV]\/*[1][self::DIV]\/*[1][self::DIV]\/*[11][self::DIV]\/*[1][self::DIV]\/*[1][self::UL]\/*[1][self::LI]\/*[1][self::IMG]\" \/> AMD Ryzen 5 8500G AM5<br \/>\n<img loading=\"lazy\" decoding=\"async\" src=\"https:\/\/katech.com.ar\/wp-content\/uploads\/ram-ktch.webp\" alt=\"\u00cdcono de RAM\" width=\"20\" height=\"20\" data-od-added-loading=\"\" data-od-xpath=\"\/*[1][self::HTML]\/*[2][self::BODY]\/*[3][self::MAIN]\/*[3][self::SECTION]\/*[2][self::DIV]\/*[1][self::DIV]\/*[2][self::DIV]\/*[1][self::DIV]\/*[1][self::DIV]\/*[11][self::DIV]\/*[1][self::DIV]\/*[1][self::UL]\/*[2][self::LI]\/*[1][self::IMG]\" \/> Memoria RAM Corsair RGB16GB DDR5 5600<br \/>\n<img loading=\"lazy\" decoding=\"async\" src=\"https:\/\/katech.com.ar\/wp-content\/uploads\/ssd-ktch.webp\" alt=\"\u00cdcono de SSD\" width=\"20\" height=\"20\" data-od-xpath=\"\/*[1][self::HTML]\/*[2][self::BODY]\/*[3][self::MAIN]\/*[3][self::SECTION]\/*[2][self::DIV]\/*[1][self::DIV]\/*[2][self::DIV]\/*[1][self::DIV]\/*[1][self::DIV]\/*[11][self::DIV]\/*[1][self::DIV]\/*[1][self::UL]\/*[3][self::LI]\/*[1][self::IMG]\" \/> Disco M2 1000GB<br \/>\n<img loading=\"lazy\" decoding=\"async\" src=\"https:\/\/katech.com.ar\/wp-content\/uploads\/gpu-ktch.webp\" alt=\"\u00cdcono de gpu\" width=\"20\" height=\"20\" data-od-xpath=\"\/*[1][self::HTML]\/*[2][self::BODY]\/*[3][self::MAIN]\/*[3][self::SECTION]\/*[2][self::DIV]\/*[1][self::DIV]\/*[2][self::DIV]\/*[1][self::DIV]\/*[1][self::DIV]\/*[11][self::DIV]\/*[1][self::DIV]\/*[1][self::UL]\/*[4][self::LI]\/*[1][self::IMG]\" \/> Radeon 740M Integrada<\/p>\n<ul>\n<li>Fuente de poder 750w cougar<\/li>\n<li>Gabinete Corsair 480T + 3 fans argb Corsair<\/li>\n<li>Monitor Benq 100hz IPS<\/li>\n<li>Teclado y mouse Logitech MK120<\/li>\n<\/ul>\n","protected":false},"featured_media":1404,"comment_status":"open","ping_status":"closed","template":"","meta":[],"product_brand":[],"product_cat":[82,52],"product_tag":[35,54,53,36,55],"class_list":{"0":"post-1127","1":"product","2":"type-product","3":"status-publish","4":"has-post-thumbnail","6":"product_cat-equipo-gamer-amd","7":"product_cat-equipos-gamer","8":"product_tag-corsair","9":"product_tag-equipo","10":"product_tag-equipo-gamer","11":"product_tag-gamer","12":"product_tag-gaming","14":"first","15":"instock","16":"shipping-taxable","17":"purchasable","18":"product-type-simple"},"yoast_head":"<!-- This site is optimized with the Yoast SEO plugin v27.4 - https:\/\/yoast.com\/product\/yoast-seo-wordpress\/ -->\n<title>EQUIPO DYNAMIC AMD RYZEN 5 8500G +| Monitor 24 inch IPS - Makertechnology<\/title>\n<meta name=\"description\" content=\"PC con AMD Ryzen 5 8500G, 16GB DDR5 y SSD 1TB. Gr\u00e1ficos Radeon 740M integrated graphics, monitor BenQ 100Hz y gabinete Corsair RGB.\" \/>\n<meta name=\"robots\" content=\"index, follow, max-snippet:-1, max-image-preview:large, max-video-preview:-1\" \/>\n<link rel=\"canonical\" href=\"https:\/\/makertechnologypc.com\/en\/product\/equipo-dynamic-amd-ryzen-8600g-512gb-16gb\/\" \/>\n<meta property=\"og:locale\" content=\"en_US\" \/>\n<meta property=\"og:type\" content=\"article\" \/>\n<meta property=\"og:title\" content=\"EQUIPO DYNAMIC AMD RYZEN 5 8500G +| Monitor 24 inch IPS - Makertechnology\" \/>\n<meta property=\"og:description\" content=\"PC con AMD Ryzen 5 8500G, 16GB DDR5 y SSD 1TB. Gr\u00e1ficos Radeon 740M integrated graphics, monitor BenQ 100Hz y gabinete Corsair RGB.\" \/>\n<meta property=\"og:url\" content=\"https:\/\/makertechnologypc.com\/en\/product\/equipo-dynamic-amd-ryzen-8600g-512gb-16gb\/\" \/>\n<meta property=\"og:site_name\" content=\"Makertechnology\" \/>\n<meta property=\"article:publisher\" content=\"https:\/\/www.facebook.com\/people\/MakerTechnology\/61552346566079\/\" \/>\n<meta property=\"article:modified_time\" content=\"2026-04-08T01:43:02+00:00\" \/>\n<meta property=\"og:image\" content=\"https:\/\/makertechnologypc.com\/wp-content\/uploads\/2025\/06\/equipo_8600G_dynamic_.png\" \/>\n\t<meta property=\"og:image:width\" content=\"620\" \/>\n\t<meta property=\"og:image:height\" content=\"720\" \/>\n\t<meta property=\"og:image:type\" content=\"image\/png\" \/>\n<meta name=\"twitter:card\" content=\"summary_large_image\" \/>\n<meta name=\"twitter:label1\" content=\"Est. reading time\" \/>\n\t<meta name=\"twitter:data1\" content=\"2 minutes\" \/>\n<script type=\"application\/ld+json\" class=\"yoast-schema-graph\">{\"@context\":\"https:\\\/\\\/schema.org\",\"@graph\":[{\"@type\":\"WebPage\",\"@id\":\"https:\\\/\\\/makertechnologypc.com\\\/product\\\/equipo-dynamic-amd-ryzen-8600g-512gb-16gb\\\/\",\"url\":\"https:\\\/\\\/makertechnologypc.com\\\/product\\\/equipo-dynamic-amd-ryzen-8600g-512gb-16gb\\\/\",\"name\":\"EQUIPO DYNAMIC AMD RYZEN 5 8500G +| Monitor 24 inch IPS - Makertechnology\",\"isPartOf\":{\"@id\":\"https:\\\/\\\/makertechnologypc.com\\\/#website\"},\"primaryImageOfPage\":{\"@id\":\"https:\\\/\\\/makertechnologypc.com\\\/product\\\/equipo-dynamic-amd-ryzen-8600g-512gb-16gb\\\/#primaryimage\"},\"image\":{\"@id\":\"https:\\\/\\\/makertechnologypc.com\\\/product\\\/equipo-dynamic-amd-ryzen-8600g-512gb-16gb\\\/#primaryimage\"},\"thumbnailUrl\":\"https:\\\/\\\/makertechnologypc.com\\\/wp-content\\\/uploads\\\/2025\\\/06\\\/equipo_8600G_dynamic_.png\",\"datePublished\":\"2025-06-03T03:36:42+00:00\",\"dateModified\":\"2026-04-08T01:43:02+00:00\",\"description\":\"PC con AMD Ryzen 5 8500G, 16GB DDR5 y SSD 1TB. Gr\u00e1ficos Radeon 740M integrated graphics, monitor BenQ 100Hz y gabinete Corsair RGB.\",\"breadcrumb\":{\"@id\":\"https:\\\/\\\/makertechnologypc.com\\\/product\\\/equipo-dynamic-amd-ryzen-8600g-512gb-16gb\\\/#breadcrumb\"},\"inLanguage\":\"en-US\",\"potentialAction\":[{\"@type\":\"ReadAction\",\"target\":[\"https:\\\/\\\/makertechnologypc.com\\\/product\\\/equipo-dynamic-amd-ryzen-8600g-512gb-16gb\\\/\"]}]},{\"@type\":\"ImageObject\",\"inLanguage\":\"en-US\",\"@id\":\"https:\\\/\\\/makertechnologypc.com\\\/product\\\/equipo-dynamic-amd-ryzen-8600g-512gb-16gb\\\/#primaryimage\",\"url\":\"https:\\\/\\\/makertechnologypc.com\\\/wp-content\\\/uploads\\\/2025\\\/06\\\/equipo_8600G_dynamic_.png\",\"contentUrl\":\"https:\\\/\\\/makertechnologypc.com\\\/wp-content\\\/uploads\\\/2025\\\/06\\\/equipo_8600G_dynamic_.png\",\"width\":620,\"height\":720},{\"@type\":\"BreadcrumbList\",\"@id\":\"https:\\\/\\\/makertechnologypc.com\\\/product\\\/equipo-dynamic-amd-ryzen-8600g-512gb-16gb\\\/#breadcrumb\",\"itemListElement\":[{\"@type\":\"ListItem\",\"position\":1,\"name\":\"Inicio\",\"item\":\"https:\\\/\\\/makertechnologypc.com\\\/\"},{\"@type\":\"ListItem\",\"position\":2,\"name\":\"Tienda\",\"item\":\"https:\\\/\\\/makertechnologypc.com\\\/tienda-de-pc-gamer-y-profesional\\\/\"},{\"@type\":\"ListItem\",\"position\":3,\"name\":\"EQUIPO DYNAMIC AMD RYZEN 5 8500G +| Monitor 24 inch IPS\"}]},{\"@type\":\"WebSite\",\"@id\":\"https:\\\/\\\/makertechnologypc.com\\\/#website\",\"url\":\"https:\\\/\\\/makertechnologypc.com\\\/\",\"name\":\"makertechnology\",\"description\":\"Arma tu PC gamer o profesional en Colombia. Componentes premium, ensamble experto y hardware para rendimiento, gaming y productividad.\",\"publisher\":{\"@id\":\"https:\\\/\\\/makertechnologypc.com\\\/#organization\"},\"alternateName\":\"makertechnologypc\",\"potentialAction\":[{\"@type\":\"SearchAction\",\"target\":{\"@type\":\"EntryPoint\",\"urlTemplate\":\"https:\\\/\\\/makertechnologypc.com\\\/?s={search_term_string}\"},\"query-input\":{\"@type\":\"PropertyValueSpecification\",\"valueRequired\":true,\"valueName\":\"search_term_string\"}}],\"inLanguage\":\"en-US\"},{\"@type\":\"Organization\",\"@id\":\"https:\\\/\\\/makertechnologypc.com\\\/#organization\",\"name\":\"makertechnology\",\"alternateName\":\"makertechnology\",\"url\":\"https:\\\/\\\/makertechnologypc.com\\\/\",\"logo\":{\"@type\":\"ImageObject\",\"inLanguage\":\"en-US\",\"@id\":\"https:\\\/\\\/makertechnologypc.com\\\/#\\\/schema\\\/logo\\\/image\\\/\",\"url\":\"https:\\\/\\\/makertechnologypc.com\\\/wp-content\\\/uploads\\\/2025\\\/09\\\/makertechnology-logo-2.png\",\"contentUrl\":\"https:\\\/\\\/makertechnologypc.com\\\/wp-content\\\/uploads\\\/2025\\\/09\\\/makertechnology-logo-2.png\",\"width\":125,\"height\":140,\"caption\":\"makertechnology\"},\"image\":{\"@id\":\"https:\\\/\\\/makertechnologypc.com\\\/#\\\/schema\\\/logo\\\/image\\\/\"},\"sameAs\":[\"https:\\\/\\\/www.facebook.com\\\/people\\\/MakerTechnology\\\/61552346566079\\\/\",\"https:\\\/\\\/www.instagram.com\\\/makertechnology82\\\/\"]}]}<\/script>\n<!-- \/ Yoast SEO plugin. -->","yoast_head_json":{"title":"EQUIPO DYNAMIC AMD RYZEN 5 8500G +| Monitor 24 inch IPS - Makertechnology","description":"PC con AMD Ryzen 5 8500G, 16GB DDR5 y SSD 1TB. Gr\u00e1ficos Radeon 740M integrated graphics, monitor BenQ 100Hz y gabinete Corsair RGB.","robots":{"index":"index","follow":"follow","max-snippet":"max-snippet:-1","max-image-preview":"max-image-preview:large","max-video-preview":"max-video-preview:-1"},"canonical":"https:\/\/makertechnologypc.com\/en\/product\/equipo-dynamic-amd-ryzen-8600g-512gb-16gb\/","og_locale":"en_US","og_type":"article","og_title":"EQUIPO DYNAMIC AMD RYZEN 5 8500G +| Monitor 24 inch IPS - Makertechnology","og_description":"PC con AMD Ryzen 5 8500G, 16GB DDR5 y SSD 1TB. Gr\u00e1ficos Radeon 740M integrated graphics, monitor BenQ 100Hz y gabinete Corsair RGB.","og_url":"https:\/\/makertechnologypc.com\/en\/product\/equipo-dynamic-amd-ryzen-8600g-512gb-16gb\/","og_site_name":"Makertechnology","article_publisher":"https:\/\/www.facebook.com\/people\/MakerTechnology\/61552346566079\/","article_modified_time":"2026-04-08T01:43:02+00:00","og_image":[{"width":620,"height":720,"url":"https:\/\/makertechnologypc.com\/wp-content\/uploads\/2025\/06\/equipo_8600G_dynamic_.png","type":"image\/png"}],"twitter_card":"summary_large_image","twitter_misc":{"Est. reading time":"2 minutes"},"schema":{"@context":"https:\/\/schema.org","@graph":[{"@type":"WebPage","@id":"https:\/\/makertechnologypc.com\/product\/equipo-dynamic-amd-ryzen-8600g-512gb-16gb\/","url":"https:\/\/makertechnologypc.com\/product\/equipo-dynamic-amd-ryzen-8600g-512gb-16gb\/","name":"EQUIPO DYNAMIC AMD RYZEN 5 8500G +| Monitor 24 inch IPS - Makertechnology","isPartOf":{"@id":"https:\/\/makertechnologypc.com\/#website"},"primaryImageOfPage":{"@id":"https:\/\/makertechnologypc.com\/product\/equipo-dynamic-amd-ryzen-8600g-512gb-16gb\/#primaryimage"},"image":{"@id":"https:\/\/makertechnologypc.com\/product\/equipo-dynamic-amd-ryzen-8600g-512gb-16gb\/#primaryimage"},"thumbnailUrl":"https:\/\/makertechnologypc.com\/wp-content\/uploads\/2025\/06\/equipo_8600G_dynamic_.png","datePublished":"2025-06-03T03:36:42+00:00","dateModified":"2026-04-08T01:43:02+00:00","description":"PC con AMD Ryzen 5 8500G, 16GB DDR5 y SSD 1TB. Gr\u00e1ficos Radeon 740M integrated graphics, monitor BenQ 100Hz y gabinete Corsair RGB.","breadcrumb":{"@id":"https:\/\/makertechnologypc.com\/product\/equipo-dynamic-amd-ryzen-8600g-512gb-16gb\/#breadcrumb"},"inLanguage":"en-US","potentialAction":[{"@type":"ReadAction","target":["https:\/\/makertechnologypc.com\/product\/equipo-dynamic-amd-ryzen-8600g-512gb-16gb\/"]}]},{"@type":"ImageObject","inLanguage":"en-US","@id":"https:\/\/makertechnologypc.com\/product\/equipo-dynamic-amd-ryzen-8600g-512gb-16gb\/#primaryimage","url":"https:\/\/makertechnologypc.com\/wp-content\/uploads\/2025\/06\/equipo_8600G_dynamic_.png","contentUrl":"https:\/\/makertechnologypc.com\/wp-content\/uploads\/2025\/06\/equipo_8600G_dynamic_.png","width":620,"height":720},{"@type":"BreadcrumbList","@id":"https:\/\/makertechnologypc.com\/product\/equipo-dynamic-amd-ryzen-8600g-512gb-16gb\/#breadcrumb","itemListElement":[{"@type":"ListItem","position":1,"name":"Inicio","item":"https:\/\/makertechnologypc.com\/"},{"@type":"ListItem","position":2,"name":"Tienda","item":"https:\/\/makertechnologypc.com\/tienda-de-pc-gamer-y-profesional\/"},{"@type":"ListItem","position":3,"name":"EQUIPO DYNAMIC AMD RYZEN 5 8500G +| Monitor 24 inch IPS"}]},{"@type":"WebSite","@id":"https:\/\/makertechnologypc.com\/#website","url":"https:\/\/makertechnologypc.com\/","name":"makertechnology","description":"Arma tu PC gamer o profesional en Colombia. Componentes premium, ensamble experto y hardware para rendimiento, gaming y productividad.","publisher":{"@id":"https:\/\/makertechnologypc.com\/#organization"},"alternateName":"makertechnologypc","potentialAction":[{"@type":"SearchAction","target":{"@type":"EntryPoint","urlTemplate":"https:\/\/makertechnologypc.com\/?s={search_term_string}"},"query-input":{"@type":"PropertyValueSpecification","valueRequired":true,"valueName":"search_term_string"}}],"inLanguage":"en-US"},{"@type":"Organization","@id":"https:\/\/makertechnologypc.com\/#organization","name":"makertechnology","alternateName":"makertechnology","url":"https:\/\/makertechnologypc.com\/","logo":{"@type":"ImageObject","inLanguage":"en-US","@id":"https:\/\/makertechnologypc.com\/#\/schema\/logo\/image\/","url":"https:\/\/makertechnologypc.com\/wp-content\/uploads\/2025\/09\/makertechnology-logo-2.png","contentUrl":"https:\/\/makertechnologypc.com\/wp-content\/uploads\/2025\/09\/makertechnology-logo-2.png","width":125,"height":140,"caption":"makertechnology"},"image":{"@id":"https:\/\/makertechnologypc.com\/#\/schema\/logo\/image\/"},"sameAs":["https:\/\/www.facebook.com\/people\/MakerTechnology\/61552346566079\/","https:\/\/www.instagram.com\/makertechnology82\/"]}]}},"_links":{"self":[{"href":"https:\/\/makertechnologypc.com\/en\/wp-json\/wp\/v2\/product\/1127","targetHints":{"allow":["GET"]}}],"collection":[{"href":"https:\/\/makertechnologypc.com\/en\/wp-json\/wp\/v2\/product"}],"about":[{"href":"https:\/\/makertechnologypc.com\/en\/wp-json\/wp\/v2\/types\/product"}],"replies":[{"embeddable":true,"href":"https:\/\/makertechnologypc.com\/en\/wp-json\/wp\/v2\/comments?post=1127"}],"wp:featuredmedia":[{"embeddable":true,"href":"https:\/\/makertechnologypc.com\/en\/wp-json\/wp\/v2\/media\/1404"}],"wp:attachment":[{"href":"https:\/\/makertechnologypc.com\/en\/wp-json\/wp\/v2\/media?parent=1127"}],"wp:term":[{"taxonomy":"product_brand","embeddable":true,"href":"https:\/\/makertechnologypc.com\/en\/wp-json\/wp\/v2\/product_brand?post=1127"},{"taxonomy":"product_cat","embeddable":true,"href":"https:\/\/makertechnologypc.com\/en\/wp-json\/wp\/v2\/product_cat?post=1127"},{"taxonomy":"product_tag","embeddable":true,"href":"https:\/\/makertechnologypc.com\/en\/wp-json\/wp\/v2\/product_tag?post=1127"}],"curies":[{"name":"wp","href":"https:\/\/api.w.org\/{rel}","templated":true}]}}