{"id":1278,"date":"2025-06-15T19:48:48","date_gmt":"2025-06-16T00:48:48","guid":{"rendered":"https:\/\/makertechnologypc.com\/?post_type=product&#038;p=1278"},"modified":"2026-01-22T20:21:01","modified_gmt":"2026-01-23T01:21:01","slug":"fuente-de-poder-cx-series-cx750-atx-80-plus-bronze-de-750-w","status":"publish","type":"product","link":"https:\/\/makertechnologypc.com\/en\/product\/fuente-de-poder-cx-series-cx750-atx-80-plus-bronze-de-750-w\/","title":{"rendered":"Fuente de poder Corsair CX Series\u2122 CX750 \u2013 ATX 80 PLUS Bronze de 750 W"},"content":{"rendered":"<h2 class=\"uppercase md:text-center bg-black font-semibold pt-12 px-8 text-2xl md:text-6xl\">Especificaciones t\u00e9cnicas<\/h2>\n<div class=\"TechSpecsTab_tables__1oGxr lg:flex lg:justify-center bg-black\">\n<table class=\"TechSpecsTab_table__1ZPpg w-full block\">\n<tbody class=\"block w-full\">\n<tr class=\"TechSpecItem_tableRow__1dRXZ block lg:flex lg:justify-between\">\n<th class=\"TechSpecItem_tableHeader__2tOGU block text-left text-sm lg:basis-1\/2\" scope=\"row\">EPS Connector<\/th>\n<td class=\"TechSpecItem_tableData__3evHs block lg:basis-1\/2 text-sm\">1<\/td>\n<\/tr>\n<tr class=\"TechSpecItem_tableRow__1dRXZ block lg:flex lg:justify-between\">\n<th class=\"TechSpecItem_tableHeader__2tOGU block text-left text-sm lg:basis-1\/2\" scope=\"row\">SATA Connector<\/th>\n<td class=\"TechSpecItem_tableData__3evHs block lg:basis-1\/2 text-sm\">3<\/td>\n<\/tr>\n<tr class=\"TechSpecItem_tableRow__1dRXZ block lg:flex lg:justify-between\">\n<th class=\"TechSpecItem_tableHeader__2tOGU block text-left text-sm lg:basis-1\/2\" scope=\"row\">Fan Bearing Technology<\/th>\n<td class=\"TechSpecItem_tableData__3evHs block lg:basis-1\/2 text-sm\">Sleeve<\/td>\n<\/tr>\n<tr class=\"TechSpecItem_tableRow__1dRXZ block lg:flex lg:justify-between\">\n<th class=\"TechSpecItem_tableHeader__2tOGU block text-left text-sm lg:basis-1\/2\" scope=\"row\">Modular<\/th>\n<td class=\"TechSpecItem_tableData__3evHs block lg:basis-1\/2 text-sm\">No<\/td>\n<\/tr>\n<tr class=\"TechSpecItem_tableRow__1dRXZ block lg:flex lg:justify-between\">\n<th class=\"TechSpecItem_tableHeader__2tOGU block text-left text-sm lg:basis-1\/2\" scope=\"row\">Cable Type<\/th>\n<td class=\"TechSpecItem_tableData__3evHs block lg:basis-1\/2 text-sm\">Type 4<\/td>\n<\/tr>\n<tr class=\"TechSpecItem_tableRow__1dRXZ block lg:flex lg:justify-between\">\n<th class=\"TechSpecItem_tableHeader__2tOGU block text-left text-sm lg:basis-1\/2\" scope=\"row\">PCIe Connector<\/th>\n<td class=\"TechSpecItem_tableData__3evHs block lg:basis-1\/2 text-sm\">2<\/td>\n<\/tr>\n<tr class=\"TechSpecItem_tableRow__1dRXZ block lg:flex lg:justify-between\">\n<th class=\"TechSpecItem_tableHeader__2tOGU block text-left text-sm lg:basis-1\/2\" scope=\"row\">PSU Form Factor<\/th>\n<td class=\"TechSpecItem_tableData__3evHs block lg:basis-1\/2 text-sm\">ATX<\/td>\n<\/tr>\n<tr class=\"TechSpecItem_tableRow__1dRXZ block lg:flex lg:justify-between\">\n<th class=\"TechSpecItem_tableHeader__2tOGU block text-left text-sm lg:basis-1\/2\" scope=\"row\">Fan Size MM<\/th>\n<td class=\"TechSpecItem_tableData__3evHs block lg:basis-1\/2 text-sm\">120mm<\/td>\n<\/tr>\n<\/tbody>\n<\/table>\n<table class=\"TechSpecsTab_table__1ZPpg w-full block\">\n<tbody class=\"block w-full\">\n<tr class=\"TechSpecItem_tableRow__1dRXZ block lg:flex lg:justify-between\">\n<th class=\"TechSpecItem_tableHeader__2tOGU block text-left text-sm lg:basis-1\/2\" scope=\"row\">Continuous Power W<\/th>\n<td class=\"TechSpecItem_tableData__3evHs block lg:basis-1\/2 text-sm\">750 Watts<\/td>\n<\/tr>\n<tr class=\"TechSpecItem_tableRow__1dRXZ block lg:flex lg:justify-between\">\n<th class=\"TechSpecItem_tableHeader__2tOGU block text-left text-sm lg:basis-1\/2\" scope=\"row\">ATX Connector<\/th>\n<td class=\"TechSpecItem_tableData__3evHs block lg:basis-1\/2 text-sm\">1<\/td>\n<\/tr>\n<tr class=\"TechSpecItem_tableRow__1dRXZ block lg:flex lg:justify-between\">\n<th class=\"TechSpecItem_tableHeader__2tOGU block text-left text-sm lg:basis-1\/2\" scope=\"row\">ATX12V Version<\/th>\n<td class=\"TechSpecItem_tableData__3evHs block lg:basis-1\/2 text-sm\">v2.31<\/td>\n<\/tr>\n<tr class=\"TechSpecItem_tableRow__1dRXZ block lg:flex lg:justify-between\">\n<th class=\"TechSpecItem_tableHeader__2tOGU block text-left text-sm lg:basis-1\/2\" scope=\"row\">MTBF Hours<\/th>\n<td class=\"TechSpecItem_tableData__3evHs block lg:basis-1\/2 text-sm\">100,000 hours<\/td>\n<\/tr>\n<tr class=\"TechSpecItem_tableRow__1dRXZ block lg:flex lg:justify-between\">\n<th class=\"TechSpecItem_tableHeader__2tOGU block text-left text-sm lg:basis-1\/2\" scope=\"row\">80 PLUS Efficiency<\/th>\n<td class=\"TechSpecItem_tableData__3evHs block lg:basis-1\/2 text-sm\">Bronze<\/td>\n<\/tr>\n<tr class=\"TechSpecItem_tableRow__1dRXZ block lg:flex lg:justify-between\">\n<th class=\"TechSpecItem_tableHeader__2tOGU block text-left text-sm lg:basis-1\/2\" scope=\"row\">Warranty<\/th>\n<td class=\"TechSpecItem_tableData__3evHs block lg:basis-1\/2 text-sm\">5 Year<\/td>\n<\/tr>\n<tr class=\"TechSpecItem_tableRow__1dRXZ block lg:flex lg:justify-between\">\n<th class=\"TechSpecItem_tableHeader__2tOGU block text-left text-sm lg:basis-1\/2\" scope=\"row\">Weight<\/th>\n<td class=\"TechSpecItem_tableData__3evHs block lg:basis-1\/2 text-sm\">2.335<\/td>\n<\/tr>\n<\/tbody>\n<\/table>\n<h4>CONECTORES CX750<\/h4>\n<div class=\"custom-table-outer\">\n<div class=\"custom-table-big smal-font-grotesk\">\n<div class=\"table-row\">\n<div class=\"table-header-col table-col\">\n<div class=\"inner-cell\">CTD.<\/div>\n<\/div>\n<div class=\"table-header-col table-col\">\n<div class=\"inner-cell\">CABLE<\/div>\n<\/div>\n<div class=\"table-header-col table-col\">\n<div class=\"inner-cell\">CONECTORES POR CABLE<\/div>\n<\/div>\n<div class=\"table-header-col table-col\">\n<div class=\"inner-cell\">CONECTORES TOTALES<\/div>\n<\/div>\n<div class=\"table-header-col table-col\">\n<div class=\"inner-cell\">ESPACIAMIENTO ENTRE CONECTORES<\/div>\n<\/div>\n<div class=\"table-header-col table-col\">\n<div class=\"inner-cell\">LONGITUD TOTAL<\/div>\n<\/div>\n<div class=\"table-header-col table-col\">\n<div class=\"inner-cell\">TIPO DE CABLE<\/div>\n<\/div>\n<\/div>\n<div class=\"table-row\">\n<div class=\"table-col\">\n<div class=\"inner-cell\">\n<div class=\"mobile-wrap\">\n<div class=\"right-mobile-wrap\">1<\/div>\n<\/div>\n<\/div>\n<\/div>\n<div class=\"table-col\">\n<div class=\"inner-cell\">\n<div class=\"mobile-wrap\">\n<div class=\"right-mobile-wrap\">\n<div class=\"text\">ATX (24 patillas)<\/div>\n<div class=\"image-wrap\"><img decoding=\"async\" src=\"https:\/\/assets.corsair.com\/image\/upload\/f_auto,q_auto\/akamai\/pdp\/psu\/cx-2023\/cx550\/Panel7_Cable_ATX_24-Pin.png\" alt=\"\" \/><\/div>\n<\/div>\n<\/div>\n<\/div>\n<\/div>\n<div class=\"table-col\">\n<div class=\"inner-cell\">\n<div class=\"mobile-wrap\">\n<div class=\"right-mobile-wrap\">1<\/div>\n<\/div>\n<\/div>\n<\/div>\n<div class=\"table-col\">\n<div class=\"inner-cell\">\n<div class=\"mobile-wrap\">\n<div class=\"right-mobile-wrap\">&#8211;<\/div>\n<\/div>\n<\/div>\n<\/div>\n<div class=\"table-col\">\n<div class=\"inner-cell\">\n<div class=\"mobile-wrap\">\n<div class=\"right-mobile-wrap\">600 mm<br \/>\n(\u00b1 10 mm)<\/div>\n<\/div>\n<\/div>\n<\/div>\n<div class=\"table-col\">\n<div class=\"inner-cell\">\n<div class=\"mobile-wrap\">\n<div class=\"right-mobile-wrap\">Recubierto<\/div>\n<\/div>\n<\/div>\n<\/div>\n<\/div>\n<div class=\"table-row\">\n<div class=\"table-col\">\n<div class=\"inner-cell\">\n<div class=\"mobile-wrap\">\n<div class=\"right-mobile-wrap\">1<\/div>\n<\/div>\n<\/div>\n<\/div>\n<div class=\"table-col\">\n<div class=\"inner-cell\">\n<div class=\"mobile-wrap\">\n<div class=\"right-mobile-wrap\">\n<div class=\"text\">EPS\/ATX 12\u00a0V 8 patillas (4+4)<\/div>\n<div class=\"image-wrap\"><img decoding=\"async\" src=\"https:\/\/assets.corsair.com\/image\/upload\/f_auto,q_auto\/akamai\/pdp\/psu\/cx-2023\/cx550\/Panel7_Cable_EPS_ATX_12V_8-Pin.png\" alt=\"\" \/><\/div>\n<\/div>\n<\/div>\n<\/div>\n<\/div>\n<div class=\"table-col\">\n<div class=\"inner-cell\">\n<div class=\"mobile-wrap\">\n<div class=\"right-mobile-wrap\">1<\/div>\n<\/div>\n<\/div>\n<\/div>\n<div class=\"table-col\">\n<div class=\"inner-cell\">\n<div class=\"mobile-wrap\">\n<div class=\"right-mobile-wrap\">&#8211;<\/div>\n<\/div>\n<\/div>\n<\/div>\n<div class=\"table-col\">\n<div class=\"inner-cell\">\n<div class=\"mobile-wrap\">\n<div class=\"right-mobile-wrap\">600 mm<br \/>\n(\u00b1 10 mm)<\/div>\n<\/div>\n<\/div>\n<\/div>\n<div class=\"table-col\">\n<div class=\"inner-cell\">\n<div class=\"mobile-wrap\">\n<div class=\"right-mobile-wrap\">Plano<\/div>\n<\/div>\n<\/div>\n<\/div>\n<\/div>\n<div class=\"table-row\">\n<div class=\"table-col\">\n<div class=\"inner-cell\">\n<div class=\"mobile-wrap\">\n<div class=\"right-mobile-wrap\">1<\/div>\n<\/div>\n<\/div>\n<\/div>\n<div class=\"table-col\">\n<div class=\"inner-cell\">\n<div class=\"mobile-wrap\">\n<div class=\"right-mobile-wrap\">\n<div class=\"text\">PCIe de 8 patillas (6+2)<\/div>\n<div class=\"image-wrap\"><img decoding=\"async\" src=\"https:\/\/assets.corsair.com\/image\/upload\/f_auto,q_auto\/akamai\/pdp\/psu\/cx-2023\/cx750\/Panel7_Cable_PCIe_8-Pin.png\" alt=\"\" \/><\/div>\n<\/div>\n<\/div>\n<\/div>\n<\/div>\n<div class=\"table-col\">\n<div class=\"inner-cell\">\n<div class=\"mobile-wrap\">\n<div class=\"right-mobile-wrap\">1<\/div>\n<\/div>\n<\/div>\n<\/div>\n<div class=\"table-col\">\n<div class=\"inner-cell\">\n<div class=\"mobile-wrap\">\n<div class=\"right-mobile-wrap\">&#8211;<\/div>\n<\/div>\n<\/div>\n<\/div>\n<div class=\"table-col\">\n<div class=\"inner-cell\">\n<div class=\"mobile-wrap\">\n<div class=\"right-mobile-wrap\">600 mm<br \/>\n(\u00b1 10 mm)<\/div>\n<\/div>\n<\/div>\n<\/div>\n<div class=\"table-col\">\n<div class=\"inner-cell\">\n<div class=\"mobile-wrap\">\n<div class=\"right-mobile-wrap\">Plano<\/div>\n<\/div>\n<\/div>\n<\/div>\n<\/div>\n<div class=\"table-row\">\n<div class=\"table-col\">\n<div class=\"inner-cell\">\n<div class=\"mobile-wrap\">\n<div class=\"right-mobile-wrap\">1<\/div>\n<\/div>\n<\/div>\n<\/div>\n<div class=\"table-col\">\n<div class=\"inner-cell\">\n<div class=\"mobile-wrap\">\n<div class=\"right-mobile-wrap\">\n<div class=\"text\">PCIe de 8 patillas (6+2) (6+2)<\/div>\n<div class=\"image-wrap\"><img decoding=\"async\" src=\"https:\/\/assets.corsair.com\/image\/upload\/f_auto,q_auto\/akamai\/pdp\/psu\/cx-2023\/cx550\/Panel7_Cable_PCIe_8-Pin_6_2_6_2.png\" alt=\"\" \/><\/div>\n<\/div>\n<\/div>\n<\/div>\n<\/div>\n<div class=\"table-col\">\n<div class=\"inner-cell\">\n<div class=\"mobile-wrap\">\n<div class=\"right-mobile-wrap\">2<\/div>\n<\/div>\n<\/div>\n<\/div>\n<div class=\"table-col\">\n<div class=\"inner-cell\">\n<div class=\"mobile-wrap\">\n<div class=\"right-mobile-wrap\">500 mm, 100 mm<\/div>\n<\/div>\n<\/div>\n<\/div>\n<div class=\"table-col\">\n<div class=\"inner-cell\">\n<div class=\"mobile-wrap\">\n<div class=\"right-mobile-wrap\">600 mm<br \/>\n(\u00b1 10 mm)<\/div>\n<\/div>\n<\/div>\n<\/div>\n<div class=\"table-col\">\n<div class=\"inner-cell\">\n<div class=\"mobile-wrap\">\n<div class=\"right-mobile-wrap\">Plano<\/div>\n<\/div>\n<\/div>\n<\/div>\n<\/div>\n<div class=\"table-row\">\n<div class=\"table-col\">\n<div class=\"inner-cell\">\n<div class=\"mobile-wrap\">\n<div class=\"right-mobile-wrap\">1<\/div>\n<\/div>\n<\/div>\n<\/div>\n<div class=\"table-col\">\n<div class=\"inner-cell\">\n<div class=\"mobile-wrap\">\n<div class=\"right-mobile-wrap\">\n<div class=\"text\">SATA (SATA 3, recto)<\/div>\n<div class=\"image-wrap\"><img decoding=\"async\" src=\"https:\/\/assets.corsair.com\/image\/upload\/f_auto,q_auto\/akamai\/pdp\/psu\/cx-2023\/cx550\/Panel7_Cable_3SATA.png\" alt=\"\" \/><\/div>\n<\/div>\n<\/div>\n<\/div>\n<\/div>\n<div class=\"table-col\">\n<div class=\"inner-cell\">\n<div class=\"mobile-wrap\">\n<div class=\"right-mobile-wrap\">3<\/div>\n<\/div>\n<\/div>\n<\/div>\n<div class=\"table-col\">\n<div class=\"inner-cell\">\n<div class=\"mobile-wrap\">\n<div class=\"right-mobile-wrap\">400\u00a0mm, 100\u00a0mm, 100\u00a0mm<\/div>\n<\/div>\n<\/div>\n<\/div>\n<div class=\"table-col\">\n<div class=\"inner-cell\">\n<div class=\"mobile-wrap\">\n<div class=\"right-mobile-wrap\">600 mm<br \/>\n(\u00b1 10 mm)<\/div>\n<\/div>\n<\/div>\n<\/div>\n<div class=\"table-col\">\n<div class=\"inner-cell\">\n<div class=\"mobile-wrap\">\n<div class=\"right-mobile-wrap\">Plano<\/div>\n<\/div>\n<\/div>\n<\/div>\n<\/div>\n<div class=\"table-row last\">\n<div class=\"table-col\">\n<div class=\"inner-cell\">\n<div class=\"mobile-wrap\">\n<div class=\"right-mobile-wrap\">1<\/div>\n<\/div>\n<\/div>\n<\/div>\n<div class=\"table-col\">\n<div class=\"inner-cell\">\n<div class=\"mobile-wrap\">\n<div class=\"right-mobile-wrap\">\n<div class=\"text\">PATA (2 PATA) (4 patillas)<\/div>\n<div class=\"image-wrap\"><img decoding=\"async\" src=\"https:\/\/assets.corsair.com\/image\/upload\/f_auto,q_auto\/akamai\/pdp\/psu\/cx-2023\/cx550\/Panel7_Cable_2PATA.png\" alt=\"\" \/><\/div>\n<\/div>\n<\/div>\n<\/div>\n<\/div>\n<div class=\"table-col\">\n<div class=\"inner-cell\">\n<div class=\"mobile-wrap\">\n<div class=\"right-mobile-wrap\">2<\/div>\n<\/div>\n<\/div>\n<\/div>\n<div class=\"table-col\">\n<div class=\"inner-cell\">\n<div class=\"mobile-wrap\">\n<div class=\"right-mobile-wrap\">400 mm, 100 mm<\/div>\n<\/div>\n<\/div>\n<\/div>\n<div class=\"table-col\">\n<div class=\"inner-cell\">\n<div class=\"mobile-wrap\">\n<div class=\"right-mobile-wrap\">500\u00a0mm<br \/>\n(\u00b1 10 mm)<\/div>\n<\/div>\n<\/div>\n<\/div>\n<div class=\"table-col\">\n<div class=\"inner-cell\">\n<div class=\"mobile-wrap\">\n<div class=\"right-mobile-wrap\">Plano<\/div>\n<\/div>\n<\/div>\n<\/div>\n<\/div>\n<\/div>\n<\/div>\n<\/div>","protected":false},"excerpt":{"rendered":"<p>Las fuentes de alimentaci\u00f3n CORSAIR CX Series cuentan con refrigeraci\u00f3n silenciosa y un dise\u00f1o compacto para una sencilla instalaci\u00f3n en pr\u00e1cticamente cualquier chasis moderno.<\/p>\n<ul>\n<li>Eficiencia 80 PLUS Bronze hasta un 88\u00a0%<\/li>\n<li>Potencia continua garantizada<\/li>\n<li>Ventilador de refrigeraci\u00f3n silencioso de 120\u00a0mm:<\/li>\n<li>Longitud compacta de 125\u00a0mm:<\/li>\n<\/ul>","protected":false},"featured_media":1293,"comment_status":"open","ping_status":"closed","template":"","meta":[],"product_brand":[34],"product_cat":[69],"product_tag":[72,71],"class_list":{"0":"post-1278","1":"product","2":"type-product","3":"status-publish","4":"has-post-thumbnail","6":"product_brand-corsair","7":"product_cat-psu","8":"product_tag-fuente","9":"product_tag-psu","11":"first","12":"instock","13":"sale","14":"shipping-taxable","15":"purchasable","16":"product-type-simple"},"yoast_head":"<!-- This site is optimized with the Yoast SEO plugin v27.4 - https:\/\/yoast.com\/product\/yoast-seo-wordpress\/ -->\n<title>Fuente de poder Corsair CX Series\u2122 CX750 \u2013 ATX 80 PLUS Bronze de 750 W - Makertechnology<\/title>\n<meta name=\"robots\" content=\"index, follow, max-snippet:-1, max-image-preview:large, max-video-preview:-1\" \/>\n<link rel=\"canonical\" href=\"https:\/\/makertechnologypc.com\/en\/product\/fuente-de-poder-cx-series-cx750-atx-80-plus-bronze-de-750-w\/\" \/>\n<meta property=\"og:locale\" content=\"en_US\" \/>\n<meta property=\"og:type\" content=\"article\" \/>\n<meta property=\"og:title\" content=\"Fuente de poder Corsair CX Series\u2122 CX750 \u2013 ATX 80 PLUS Bronze de 750 W - Makertechnology\" \/>\n<meta property=\"og:description\" content=\"Las fuentes de alimentaci\u00f3n CORSAIR CX Series cuentan con refrigeraci\u00f3n silenciosa y un dise\u00f1o compacto para una sencilla instalaci\u00f3n en pr\u00e1cticamente cualquier chasis moderno.   Eficiencia 80 PLUS Bronze hasta un 88\u00a0%  Potencia continua garantizada  Ventilador de refrigeraci\u00f3n silencioso de 120\u00a0mm:  Longitud compacta de 125\u00a0mm:\" \/>\n<meta property=\"og:url\" content=\"https:\/\/makertechnologypc.com\/en\/product\/fuente-de-poder-cx-series-cx750-atx-80-plus-bronze-de-750-w\/\" \/>\n<meta property=\"og:site_name\" content=\"Makertechnology\" \/>\n<meta property=\"article:publisher\" content=\"https:\/\/www.facebook.com\/people\/MakerTechnology\/61552346566079\/\" \/>\n<meta property=\"article:modified_time\" content=\"2026-01-23T01:21:01+00:00\" \/>\n<meta property=\"og:image\" content=\"https:\/\/makertechnologypc.com\/wp-content\/uploads\/2025\/06\/Corsair_cx750w_.png\" \/>\n\t<meta property=\"og:image:width\" content=\"620\" \/>\n\t<meta property=\"og:image:height\" content=\"720\" \/>\n\t<meta property=\"og:image:type\" content=\"image\/png\" \/>\n<meta name=\"twitter:card\" content=\"summary_large_image\" \/>\n<meta name=\"twitter:label1\" content=\"Est. reading time\" \/>\n\t<meta name=\"twitter:data1\" content=\"1 minute\" \/>\n<script type=\"application\/ld+json\" class=\"yoast-schema-graph\">{\"@context\":\"https:\\\/\\\/schema.org\",\"@graph\":[{\"@type\":\"WebPage\",\"@id\":\"https:\\\/\\\/makertechnologypc.com\\\/product\\\/fuente-de-poder-cx-series-cx750-atx-80-plus-bronze-de-750-w\\\/\",\"url\":\"https:\\\/\\\/makertechnologypc.com\\\/product\\\/fuente-de-poder-cx-series-cx750-atx-80-plus-bronze-de-750-w\\\/\",\"name\":\"Fuente de poder Corsair CX Series\u2122 CX750 \u2013 ATX 80 PLUS Bronze de 750 W - Makertechnology\",\"isPartOf\":{\"@id\":\"https:\\\/\\\/makertechnologypc.com\\\/#website\"},\"primaryImageOfPage\":{\"@id\":\"https:\\\/\\\/makertechnologypc.com\\\/product\\\/fuente-de-poder-cx-series-cx750-atx-80-plus-bronze-de-750-w\\\/#primaryimage\"},\"image\":{\"@id\":\"https:\\\/\\\/makertechnologypc.com\\\/product\\\/fuente-de-poder-cx-series-cx750-atx-80-plus-bronze-de-750-w\\\/#primaryimage\"},\"thumbnailUrl\":\"https:\\\/\\\/makertechnologypc.com\\\/wp-content\\\/uploads\\\/2025\\\/06\\\/Corsair_cx750w_.png\",\"datePublished\":\"2025-06-16T00:48:48+00:00\",\"dateModified\":\"2026-01-23T01:21:01+00:00\",\"breadcrumb\":{\"@id\":\"https:\\\/\\\/makertechnologypc.com\\\/product\\\/fuente-de-poder-cx-series-cx750-atx-80-plus-bronze-de-750-w\\\/#breadcrumb\"},\"inLanguage\":\"en-US\",\"potentialAction\":[{\"@type\":\"ReadAction\",\"target\":[\"https:\\\/\\\/makertechnologypc.com\\\/product\\\/fuente-de-poder-cx-series-cx750-atx-80-plus-bronze-de-750-w\\\/\"]}]},{\"@type\":\"ImageObject\",\"inLanguage\":\"en-US\",\"@id\":\"https:\\\/\\\/makertechnologypc.com\\\/product\\\/fuente-de-poder-cx-series-cx750-atx-80-plus-bronze-de-750-w\\\/#primaryimage\",\"url\":\"https:\\\/\\\/makertechnologypc.com\\\/wp-content\\\/uploads\\\/2025\\\/06\\\/Corsair_cx750w_.png\",\"contentUrl\":\"https:\\\/\\\/makertechnologypc.com\\\/wp-content\\\/uploads\\\/2025\\\/06\\\/Corsair_cx750w_.png\",\"width\":620,\"height\":720},{\"@type\":\"BreadcrumbList\",\"@id\":\"https:\\\/\\\/makertechnologypc.com\\\/product\\\/fuente-de-poder-cx-series-cx750-atx-80-plus-bronze-de-750-w\\\/#breadcrumb\",\"itemListElement\":[{\"@type\":\"ListItem\",\"position\":1,\"name\":\"Inicio\",\"item\":\"https:\\\/\\\/makertechnologypc.com\\\/\"},{\"@type\":\"ListItem\",\"position\":2,\"name\":\"Tienda\",\"item\":\"https:\\\/\\\/makertechnologypc.com\\\/tienda-de-pc-gamer-y-profesional\\\/\"},{\"@type\":\"ListItem\",\"position\":3,\"name\":\"Fuente de poder Corsair CX Series\u2122 CX750 \u2013 ATX 80 PLUS Bronze de 750 W\"}]},{\"@type\":\"WebSite\",\"@id\":\"https:\\\/\\\/makertechnologypc.com\\\/#website\",\"url\":\"https:\\\/\\\/makertechnologypc.com\\\/\",\"name\":\"makertechnology\",\"description\":\"Arma tu PC gamer o profesional en Colombia. Componentes premium, ensamble experto y hardware para rendimiento, gaming y productividad.\",\"publisher\":{\"@id\":\"https:\\\/\\\/makertechnologypc.com\\\/#organization\"},\"alternateName\":\"makertechnologypc\",\"potentialAction\":[{\"@type\":\"SearchAction\",\"target\":{\"@type\":\"EntryPoint\",\"urlTemplate\":\"https:\\\/\\\/makertechnologypc.com\\\/?s={search_term_string}\"},\"query-input\":{\"@type\":\"PropertyValueSpecification\",\"valueRequired\":true,\"valueName\":\"search_term_string\"}}],\"inLanguage\":\"en-US\"},{\"@type\":\"Organization\",\"@id\":\"https:\\\/\\\/makertechnologypc.com\\\/#organization\",\"name\":\"makertechnology\",\"alternateName\":\"makertechnology\",\"url\":\"https:\\\/\\\/makertechnologypc.com\\\/\",\"logo\":{\"@type\":\"ImageObject\",\"inLanguage\":\"en-US\",\"@id\":\"https:\\\/\\\/makertechnologypc.com\\\/#\\\/schema\\\/logo\\\/image\\\/\",\"url\":\"https:\\\/\\\/makertechnologypc.com\\\/wp-content\\\/uploads\\\/2025\\\/09\\\/makertechnology-logo-2.png\",\"contentUrl\":\"https:\\\/\\\/makertechnologypc.com\\\/wp-content\\\/uploads\\\/2025\\\/09\\\/makertechnology-logo-2.png\",\"width\":125,\"height\":140,\"caption\":\"makertechnology\"},\"image\":{\"@id\":\"https:\\\/\\\/makertechnologypc.com\\\/#\\\/schema\\\/logo\\\/image\\\/\"},\"sameAs\":[\"https:\\\/\\\/www.facebook.com\\\/people\\\/MakerTechnology\\\/61552346566079\\\/\",\"https:\\\/\\\/www.instagram.com\\\/makertechnology82\\\/\"]}]}<\/script>\n<!-- \/ Yoast SEO plugin. -->","yoast_head_json":{"title":"Fuente de poder Corsair CX Series\u2122 CX750 \u2013 ATX 80 PLUS Bronze de 750 W - Makertechnology","robots":{"index":"index","follow":"follow","max-snippet":"max-snippet:-1","max-image-preview":"max-image-preview:large","max-video-preview":"max-video-preview:-1"},"canonical":"https:\/\/makertechnologypc.com\/en\/product\/fuente-de-poder-cx-series-cx750-atx-80-plus-bronze-de-750-w\/","og_locale":"en_US","og_type":"article","og_title":"Fuente de poder Corsair CX Series\u2122 CX750 \u2013 ATX 80 PLUS Bronze de 750 W - Makertechnology","og_description":"Las fuentes de alimentaci\u00f3n CORSAIR CX Series cuentan con refrigeraci\u00f3n silenciosa y un dise\u00f1o compacto para una sencilla instalaci\u00f3n en pr\u00e1cticamente cualquier chasis moderno.   Eficiencia 80 PLUS Bronze hasta un 88\u00a0%  Potencia continua garantizada  Ventilador de refrigeraci\u00f3n silencioso de 120\u00a0mm:  Longitud compacta de 125\u00a0mm:","og_url":"https:\/\/makertechnologypc.com\/en\/product\/fuente-de-poder-cx-series-cx750-atx-80-plus-bronze-de-750-w\/","og_site_name":"Makertechnology","article_publisher":"https:\/\/www.facebook.com\/people\/MakerTechnology\/61552346566079\/","article_modified_time":"2026-01-23T01:21:01+00:00","og_image":[{"width":620,"height":720,"url":"https:\/\/makertechnologypc.com\/wp-content\/uploads\/2025\/06\/Corsair_cx750w_.png","type":"image\/png"}],"twitter_card":"summary_large_image","twitter_misc":{"Est. reading time":"1 minute"},"schema":{"@context":"https:\/\/schema.org","@graph":[{"@type":"WebPage","@id":"https:\/\/makertechnologypc.com\/product\/fuente-de-poder-cx-series-cx750-atx-80-plus-bronze-de-750-w\/","url":"https:\/\/makertechnologypc.com\/product\/fuente-de-poder-cx-series-cx750-atx-80-plus-bronze-de-750-w\/","name":"Fuente de poder Corsair CX Series\u2122 CX750 \u2013 ATX 80 PLUS Bronze de 750 W - Makertechnology","isPartOf":{"@id":"https:\/\/makertechnologypc.com\/#website"},"primaryImageOfPage":{"@id":"https:\/\/makertechnologypc.com\/product\/fuente-de-poder-cx-series-cx750-atx-80-plus-bronze-de-750-w\/#primaryimage"},"image":{"@id":"https:\/\/makertechnologypc.com\/product\/fuente-de-poder-cx-series-cx750-atx-80-plus-bronze-de-750-w\/#primaryimage"},"thumbnailUrl":"https:\/\/makertechnologypc.com\/wp-content\/uploads\/2025\/06\/Corsair_cx750w_.png","datePublished":"2025-06-16T00:48:48+00:00","dateModified":"2026-01-23T01:21:01+00:00","breadcrumb":{"@id":"https:\/\/makertechnologypc.com\/product\/fuente-de-poder-cx-series-cx750-atx-80-plus-bronze-de-750-w\/#breadcrumb"},"inLanguage":"en-US","potentialAction":[{"@type":"ReadAction","target":["https:\/\/makertechnologypc.com\/product\/fuente-de-poder-cx-series-cx750-atx-80-plus-bronze-de-750-w\/"]}]},{"@type":"ImageObject","inLanguage":"en-US","@id":"https:\/\/makertechnologypc.com\/product\/fuente-de-poder-cx-series-cx750-atx-80-plus-bronze-de-750-w\/#primaryimage","url":"https:\/\/makertechnologypc.com\/wp-content\/uploads\/2025\/06\/Corsair_cx750w_.png","contentUrl":"https:\/\/makertechnologypc.com\/wp-content\/uploads\/2025\/06\/Corsair_cx750w_.png","width":620,"height":720},{"@type":"BreadcrumbList","@id":"https:\/\/makertechnologypc.com\/product\/fuente-de-poder-cx-series-cx750-atx-80-plus-bronze-de-750-w\/#breadcrumb","itemListElement":[{"@type":"ListItem","position":1,"name":"Inicio","item":"https:\/\/makertechnologypc.com\/"},{"@type":"ListItem","position":2,"name":"Tienda","item":"https:\/\/makertechnologypc.com\/tienda-de-pc-gamer-y-profesional\/"},{"@type":"ListItem","position":3,"name":"Fuente de poder Corsair CX Series\u2122 CX750 \u2013 ATX 80 PLUS Bronze de 750 W"}]},{"@type":"WebSite","@id":"https:\/\/makertechnologypc.com\/#website","url":"https:\/\/makertechnologypc.com\/","name":"makertechnology","description":"Arma tu PC gamer o profesional en Colombia. Componentes premium, ensamble experto y hardware para rendimiento, gaming y productividad.","publisher":{"@id":"https:\/\/makertechnologypc.com\/#organization"},"alternateName":"makertechnologypc","potentialAction":[{"@type":"SearchAction","target":{"@type":"EntryPoint","urlTemplate":"https:\/\/makertechnologypc.com\/?s={search_term_string}"},"query-input":{"@type":"PropertyValueSpecification","valueRequired":true,"valueName":"search_term_string"}}],"inLanguage":"en-US"},{"@type":"Organization","@id":"https:\/\/makertechnologypc.com\/#organization","name":"makertechnology","alternateName":"makertechnology","url":"https:\/\/makertechnologypc.com\/","logo":{"@type":"ImageObject","inLanguage":"en-US","@id":"https:\/\/makertechnologypc.com\/#\/schema\/logo\/image\/","url":"https:\/\/makertechnologypc.com\/wp-content\/uploads\/2025\/09\/makertechnology-logo-2.png","contentUrl":"https:\/\/makertechnologypc.com\/wp-content\/uploads\/2025\/09\/makertechnology-logo-2.png","width":125,"height":140,"caption":"makertechnology"},"image":{"@id":"https:\/\/makertechnologypc.com\/#\/schema\/logo\/image\/"},"sameAs":["https:\/\/www.facebook.com\/people\/MakerTechnology\/61552346566079\/","https:\/\/www.instagram.com\/makertechnology82\/"]}]}},"_links":{"self":[{"href":"https:\/\/makertechnologypc.com\/en\/wp-json\/wp\/v2\/product\/1278","targetHints":{"allow":["GET"]}}],"collection":[{"href":"https:\/\/makertechnologypc.com\/en\/wp-json\/wp\/v2\/product"}],"about":[{"href":"https:\/\/makertechnologypc.com\/en\/wp-json\/wp\/v2\/types\/product"}],"replies":[{"embeddable":true,"href":"https:\/\/makertechnologypc.com\/en\/wp-json\/wp\/v2\/comments?post=1278"}],"wp:featuredmedia":[{"embeddable":true,"href":"https:\/\/makertechnologypc.com\/en\/wp-json\/wp\/v2\/media\/1293"}],"wp:attachment":[{"href":"https:\/\/makertechnologypc.com\/en\/wp-json\/wp\/v2\/media?parent=1278"}],"wp:term":[{"taxonomy":"product_brand","embeddable":true,"href":"https:\/\/makertechnologypc.com\/en\/wp-json\/wp\/v2\/product_brand?post=1278"},{"taxonomy":"product_cat","embeddable":true,"href":"https:\/\/makertechnologypc.com\/en\/wp-json\/wp\/v2\/product_cat?post=1278"},{"taxonomy":"product_tag","embeddable":true,"href":"https:\/\/makertechnologypc.com\/en\/wp-json\/wp\/v2\/product_tag?post=1278"}],"curies":[{"name":"wp","href":"https:\/\/api.w.org\/{rel}","templated":true}]}}