{"id":1396,"date":"2025-07-02T14:02:04","date_gmt":"2025-07-02T19:02:04","guid":{"rendered":"https:\/\/makertechnologypc.com\/?post_type=product&#038;p=1396"},"modified":"2026-04-07T20:50:33","modified_gmt":"2026-04-08T01:50:33","slug":"equipo-ironclaw-amd-ryzen-9600-512gb-16gb","status":"publish","type":"product","link":"https:\/\/makertechnologypc.com\/en\/product\/equipo-ironclaw-amd-ryzen-9600-512gb-16gb\/","title":{"rendered":"EQUIPO IRONCLAW AMD RYZEN 9600 + Monitor 24 Inch 100hz"},"content":{"rendered":"<h4>La computadora gamer perfecta para comenzar en el mundo del Gaming.<\/h4>\n<p>Recomendamos esta PC Gamer como una excelente opci\u00f3n inicial para usuarios que disponen de un presupuesto limitado, pero que tienen en mente realizar mejoras progresivas en el futuro. Su dise\u00f1o permite incorporar una tarjeta gr\u00e1fica dedicada, aumentar la capacidad de memoria RAM y ampliar el almacenamiento conforme evolucionen tus requerimientos y expectativas de rendimiento.<\/p>\n<p><strong>PC Gamer con Procesador Ryzen 9000\u00a0 y Gr\u00e1ficos Integrados AMD<\/strong><\/p>\n<p>Disfruta de la potencia de una PC de nueva generaci\u00f3n DDR5, La PC Gamer 9000S, cuenta con un potente procesador Ryzen 9000S con gr\u00e1ficos integrados AMD. Adem\u00e1s, podr\u00e1s agregar una tarjeta gr\u00e1fica dedicada m\u00e1s adelante sin ning\u00fan problema. Incluye 16GB de memoria RAM y un disco duro 512GB NVME.<\/p>\n<p><strong>EQUIPO AMD RYZEN 5 9600<\/strong><\/p>\n<ul>\n<li><img loading=\"lazy\" decoding=\"async\" src=\"https:\/\/katech.com.ar\/wp-content\/uploads\/cpu-ktch.webp\" alt=\"\u00cdcono de procesador\" width=\"20\" height=\"20\" data-od-added-loading=\"\" data-od-xpath=\"\/*[1][self::HTML]\/*[2][self::BODY]\/*[3][self::MAIN]\/*[3][self::SECTION]\/*[2][self::DIV]\/*[1][self::DIV]\/*[2][self::DIV]\/*[1][self::DIV]\/*[1][self::DIV]\/*[11][self::DIV]\/*[1][self::DIV]\/*[1][self::UL]\/*[1][self::LI]\/*[1][self::IMG]\" \/> AMD Ryzen 5 9600 AM5<br \/>\n<img loading=\"lazy\" decoding=\"async\" src=\"https:\/\/katech.com.ar\/wp-content\/uploads\/ram-ktch.webp\" alt=\"\u00cdcono de RAM\" width=\"20\" height=\"20\" data-od-added-loading=\"\" data-od-xpath=\"\/*[1][self::HTML]\/*[2][self::BODY]\/*[3][self::MAIN]\/*[3][self::SECTION]\/*[2][self::DIV]\/*[1][self::DIV]\/*[2][self::DIV]\/*[1][self::DIV]\/*[1][self::DIV]\/*[11][self::DIV]\/*[1][self::DIV]\/*[1][self::UL]\/*[2][self::LI]\/*[1][self::IMG]\" \/> Memoria RAM TeamGroup RGB16GB DDR5 5600<br \/>\n<img loading=\"lazy\" decoding=\"async\" src=\"https:\/\/katech.com.ar\/wp-content\/uploads\/ssd-ktch.webp\" alt=\"\u00cdcono de SSD\" width=\"20\" height=\"20\" data-od-xpath=\"\/*[1][self::HTML]\/*[2][self::BODY]\/*[3][self::MAIN]\/*[3][self::SECTION]\/*[2][self::DIV]\/*[1][self::DIV]\/*[2][self::DIV]\/*[1][self::DIV]\/*[1][self::DIV]\/*[11][self::DIV]\/*[1][self::DIV]\/*[1][self::UL]\/*[3][self::LI]\/*[1][self::IMG]\" \/>\u00a0Disco M2 512GB<br \/>\n<img loading=\"lazy\" decoding=\"async\" src=\"https:\/\/katech.com.ar\/wp-content\/uploads\/gpu-ktch.webp\" alt=\"\u00cdcono de gpu\" width=\"20\" height=\"20\" data-od-xpath=\"\/*[1][self::HTML]\/*[2][self::BODY]\/*[3][self::MAIN]\/*[3][self::SECTION]\/*[2][self::DIV]\/*[1][self::DIV]\/*[2][self::DIV]\/*[1][self::DIV]\/*[1][self::DIV]\/*[11][self::DIV]\/*[1][self::DIV]\/*[1][self::UL]\/*[4][self::LI]\/*[1][self::IMG]\" \/> Radeon Integrada<\/li>\n<li>Fuente de poder 750w cougar<br \/>\nGabinete Cougar Mx110 + 4 fans argb<br \/>\nMonitor Benq 100hz IPS<br \/>\nTeclado y mouse Logitech MK120<\/li>\n<\/ul>\n<p><strong>Las im\u00e1genes de cada componente son de referencia, puede variar el color mas no la configuraci\u00f3n y la capacidad.<\/strong><\/p>\n","protected":false},"excerpt":{"rendered":"<p><strong>EQUIPO AMD RYZEN 5 9600<\/strong><\/p>\n<ul>\n<li><img loading=\"lazy\" decoding=\"async\" src=\"https:\/\/katech.com.ar\/wp-content\/uploads\/cpu-ktch.webp\" alt=\"\u00cdcono de procesador\" width=\"20\" height=\"20\" data-od-added-loading=\"\" data-od-xpath=\"\/*[1][self::HTML]\/*[2][self::BODY]\/*[3][self::MAIN]\/*[3][self::SECTION]\/*[2][self::DIV]\/*[1][self::DIV]\/*[2][self::DIV]\/*[1][self::DIV]\/*[1][self::DIV]\/*[11][self::DIV]\/*[1][self::DIV]\/*[1][self::UL]\/*[1][self::LI]\/*[1][self::IMG]\" \/> AMD Ryzen 5 9600 AM5<br \/>\n<img loading=\"lazy\" decoding=\"async\" src=\"https:\/\/katech.com.ar\/wp-content\/uploads\/ram-ktch.webp\" alt=\"\u00cdcono de RAM\" width=\"20\" height=\"20\" data-od-added-loading=\"\" data-od-xpath=\"\/*[1][self::HTML]\/*[2][self::BODY]\/*[3][self::MAIN]\/*[3][self::SECTION]\/*[2][self::DIV]\/*[1][self::DIV]\/*[2][self::DIV]\/*[1][self::DIV]\/*[1][self::DIV]\/*[11][self::DIV]\/*[1][self::DIV]\/*[1][self::UL]\/*[2][self::LI]\/*[1][self::IMG]\" \/> Memoria RAM TeamGroup RGB16GB DDR5 5600<br \/>\n<img loading=\"lazy\" decoding=\"async\" src=\"https:\/\/katech.com.ar\/wp-content\/uploads\/ssd-ktch.webp\" alt=\"\u00cdcono de SSD\" width=\"20\" height=\"20\" data-od-xpath=\"\/*[1][self::HTML]\/*[2][self::BODY]\/*[3][self::MAIN]\/*[3][self::SECTION]\/*[2][self::DIV]\/*[1][self::DIV]\/*[2][self::DIV]\/*[1][self::DIV]\/*[1][self::DIV]\/*[11][self::DIV]\/*[1][self::DIV]\/*[1][self::UL]\/*[3][self::LI]\/*[1][self::IMG]\" \/>\u00a0Disco M2 512GB<br \/>\n<img loading=\"lazy\" decoding=\"async\" src=\"https:\/\/katech.com.ar\/wp-content\/uploads\/gpu-ktch.webp\" alt=\"\u00cdcono de gpu\" width=\"20\" height=\"20\" data-od-xpath=\"\/*[1][self::HTML]\/*[2][self::BODY]\/*[3][self::MAIN]\/*[3][self::SECTION]\/*[2][self::DIV]\/*[1][self::DIV]\/*[2][self::DIV]\/*[1][self::DIV]\/*[1][self::DIV]\/*[11][self::DIV]\/*[1][self::DIV]\/*[1][self::UL]\/*[4][self::LI]\/*[1][self::IMG]\" \/> Radeon Integrada<\/li>\n<li>Fuente de poder 750w cougar<br \/>\nGabinete Cougar Mx110 + 4 fans argb<br \/>\nMonitor Benq 100hz IPS<br \/>\nTeclado y mouse Logitech MK120<\/li>\n<li><strong>Las im\u00e1genes de cada componente son de referencia, puede variar el color mas no la configuraci\u00f3n y la capacidad.<\/strong><\/li>\n<\/ul>\n","protected":false},"featured_media":2257,"comment_status":"open","ping_status":"closed","template":"","meta":[],"product_brand":[],"product_cat":[82,52],"product_tag":[35,54,53,36,55],"class_list":{"0":"post-1396","1":"product","2":"type-product","3":"status-publish","4":"has-post-thumbnail","6":"product_cat-equipo-gamer-amd","7":"product_cat-equipos-gamer","8":"product_tag-corsair","9":"product_tag-equipo","10":"product_tag-equipo-gamer","11":"product_tag-gamer","12":"product_tag-gaming","14":"first","15":"instock","16":"sale","17":"shipping-taxable","18":"purchasable","19":"product-type-simple"},"yoast_head":"<!-- This site is optimized with the Yoast SEO plugin v27.4 - https:\/\/yoast.com\/product\/yoast-seo-wordpress\/ -->\n<title>EQUIPO IRONCLAW AMD RYZEN 9600 + Monitor 24 Inch 100hz - Makertechnology<\/title>\n<meta name=\"description\" content=\"PC con AMD Ryzen 5 9600, 16GB DDR5 y SSD 512GB. Gr\u00e1ficos integrados, monitor BenQ 100Hz y chasis Cougar RGB.\" \/>\n<meta name=\"robots\" content=\"index, follow, max-snippet:-1, max-image-preview:large, max-video-preview:-1\" \/>\n<link rel=\"canonical\" href=\"https:\/\/makertechnologypc.com\/en\/product\/equipo-ironclaw-amd-ryzen-9600-512gb-16gb\/\" \/>\n<meta property=\"og:locale\" content=\"en_US\" \/>\n<meta property=\"og:type\" content=\"article\" \/>\n<meta property=\"og:title\" content=\"EQUIPO IRONCLAW AMD RYZEN 9600 + Monitor 24 Inch 100hz - Makertechnology\" \/>\n<meta property=\"og:description\" content=\"PC con AMD Ryzen 5 9600, 16GB DDR5 y SSD 512GB. Gr\u00e1ficos integrados, monitor BenQ 100Hz y chasis Cougar RGB.\" \/>\n<meta property=\"og:url\" content=\"https:\/\/makertechnologypc.com\/en\/product\/equipo-ironclaw-amd-ryzen-9600-512gb-16gb\/\" \/>\n<meta property=\"og:site_name\" content=\"Makertechnology\" \/>\n<meta property=\"article:publisher\" content=\"https:\/\/www.facebook.com\/people\/MakerTechnology\/61552346566079\/\" \/>\n<meta property=\"article:modified_time\" content=\"2026-04-08T01:50:33+00:00\" \/>\n<meta property=\"og:image\" content=\"https:\/\/makertechnologypc.com\/wp-content\/uploads\/2025\/07\/Agregar-un-subtitulo.png\" \/>\n\t<meta property=\"og:image:width\" content=\"1000\" \/>\n\t<meta property=\"og:image:height\" content=\"1000\" \/>\n\t<meta property=\"og:image:type\" content=\"image\/png\" \/>\n<meta name=\"twitter:card\" content=\"summary_large_image\" \/>\n<meta name=\"twitter:label1\" content=\"Est. reading time\" \/>\n\t<meta name=\"twitter:data1\" content=\"2 minutes\" \/>\n<script type=\"application\/ld+json\" class=\"yoast-schema-graph\">{\"@context\":\"https:\\\/\\\/schema.org\",\"@graph\":[{\"@type\":\"WebPage\",\"@id\":\"https:\\\/\\\/makertechnologypc.com\\\/product\\\/equipo-ironclaw-amd-ryzen-9600-512gb-16gb\\\/\",\"url\":\"https:\\\/\\\/makertechnologypc.com\\\/product\\\/equipo-ironclaw-amd-ryzen-9600-512gb-16gb\\\/\",\"name\":\"EQUIPO IRONCLAW AMD RYZEN 9600 + Monitor 24 Inch 100hz - Makertechnology\",\"isPartOf\":{\"@id\":\"https:\\\/\\\/makertechnologypc.com\\\/#website\"},\"primaryImageOfPage\":{\"@id\":\"https:\\\/\\\/makertechnologypc.com\\\/product\\\/equipo-ironclaw-amd-ryzen-9600-512gb-16gb\\\/#primaryimage\"},\"image\":{\"@id\":\"https:\\\/\\\/makertechnologypc.com\\\/product\\\/equipo-ironclaw-amd-ryzen-9600-512gb-16gb\\\/#primaryimage\"},\"thumbnailUrl\":\"https:\\\/\\\/makertechnologypc.com\\\/wp-content\\\/uploads\\\/2025\\\/07\\\/Agregar-un-subtitulo.png\",\"datePublished\":\"2025-07-02T19:02:04+00:00\",\"dateModified\":\"2026-04-08T01:50:33+00:00\",\"description\":\"PC con AMD Ryzen 5 9600, 16GB DDR5 y SSD 512GB. Gr\u00e1ficos integrados, monitor BenQ 100Hz y chasis Cougar RGB.\",\"breadcrumb\":{\"@id\":\"https:\\\/\\\/makertechnologypc.com\\\/product\\\/equipo-ironclaw-amd-ryzen-9600-512gb-16gb\\\/#breadcrumb\"},\"inLanguage\":\"en-US\",\"potentialAction\":[{\"@type\":\"ReadAction\",\"target\":[\"https:\\\/\\\/makertechnologypc.com\\\/product\\\/equipo-ironclaw-amd-ryzen-9600-512gb-16gb\\\/\"]}]},{\"@type\":\"ImageObject\",\"inLanguage\":\"en-US\",\"@id\":\"https:\\\/\\\/makertechnologypc.com\\\/product\\\/equipo-ironclaw-amd-ryzen-9600-512gb-16gb\\\/#primaryimage\",\"url\":\"https:\\\/\\\/makertechnologypc.com\\\/wp-content\\\/uploads\\\/2025\\\/07\\\/Agregar-un-subtitulo.png\",\"contentUrl\":\"https:\\\/\\\/makertechnologypc.com\\\/wp-content\\\/uploads\\\/2025\\\/07\\\/Agregar-un-subtitulo.png\",\"width\":1000,\"height\":1000},{\"@type\":\"BreadcrumbList\",\"@id\":\"https:\\\/\\\/makertechnologypc.com\\\/product\\\/equipo-ironclaw-amd-ryzen-9600-512gb-16gb\\\/#breadcrumb\",\"itemListElement\":[{\"@type\":\"ListItem\",\"position\":1,\"name\":\"Inicio\",\"item\":\"https:\\\/\\\/makertechnologypc.com\\\/\"},{\"@type\":\"ListItem\",\"position\":2,\"name\":\"Tienda\",\"item\":\"https:\\\/\\\/makertechnologypc.com\\\/tienda-de-pc-gamer-y-profesional\\\/\"},{\"@type\":\"ListItem\",\"position\":3,\"name\":\"EQUIPO IRONCLAW AMD RYZEN 9600 + Monitor 24 Inch 100hz\"}]},{\"@type\":\"WebSite\",\"@id\":\"https:\\\/\\\/makertechnologypc.com\\\/#website\",\"url\":\"https:\\\/\\\/makertechnologypc.com\\\/\",\"name\":\"makertechnology\",\"description\":\"Arma tu PC gamer o profesional en Colombia. Componentes premium, ensamble experto y hardware para rendimiento, gaming y productividad.\",\"publisher\":{\"@id\":\"https:\\\/\\\/makertechnologypc.com\\\/#organization\"},\"alternateName\":\"makertechnologypc\",\"potentialAction\":[{\"@type\":\"SearchAction\",\"target\":{\"@type\":\"EntryPoint\",\"urlTemplate\":\"https:\\\/\\\/makertechnologypc.com\\\/?s={search_term_string}\"},\"query-input\":{\"@type\":\"PropertyValueSpecification\",\"valueRequired\":true,\"valueName\":\"search_term_string\"}}],\"inLanguage\":\"en-US\"},{\"@type\":\"Organization\",\"@id\":\"https:\\\/\\\/makertechnologypc.com\\\/#organization\",\"name\":\"makertechnology\",\"alternateName\":\"makertechnology\",\"url\":\"https:\\\/\\\/makertechnologypc.com\\\/\",\"logo\":{\"@type\":\"ImageObject\",\"inLanguage\":\"en-US\",\"@id\":\"https:\\\/\\\/makertechnologypc.com\\\/#\\\/schema\\\/logo\\\/image\\\/\",\"url\":\"https:\\\/\\\/makertechnologypc.com\\\/wp-content\\\/uploads\\\/2025\\\/09\\\/makertechnology-logo-2.png\",\"contentUrl\":\"https:\\\/\\\/makertechnologypc.com\\\/wp-content\\\/uploads\\\/2025\\\/09\\\/makertechnology-logo-2.png\",\"width\":125,\"height\":140,\"caption\":\"makertechnology\"},\"image\":{\"@id\":\"https:\\\/\\\/makertechnologypc.com\\\/#\\\/schema\\\/logo\\\/image\\\/\"},\"sameAs\":[\"https:\\\/\\\/www.facebook.com\\\/people\\\/MakerTechnology\\\/61552346566079\\\/\",\"https:\\\/\\\/www.instagram.com\\\/makertechnology82\\\/\"]}]}<\/script>\n<!-- \/ Yoast SEO plugin. -->","yoast_head_json":{"title":"EQUIPO IRONCLAW AMD RYZEN 9600 + Monitor 24 Inch 100hz - Makertechnology","description":"PC con AMD Ryzen 5 9600, 16GB DDR5 y SSD 512GB. Gr\u00e1ficos integrados, monitor BenQ 100Hz y chasis Cougar RGB.","robots":{"index":"index","follow":"follow","max-snippet":"max-snippet:-1","max-image-preview":"max-image-preview:large","max-video-preview":"max-video-preview:-1"},"canonical":"https:\/\/makertechnologypc.com\/en\/product\/equipo-ironclaw-amd-ryzen-9600-512gb-16gb\/","og_locale":"en_US","og_type":"article","og_title":"EQUIPO IRONCLAW AMD RYZEN 9600 + Monitor 24 Inch 100hz - Makertechnology","og_description":"PC con AMD Ryzen 5 9600, 16GB DDR5 y SSD 512GB. Gr\u00e1ficos integrados, monitor BenQ 100Hz y chasis Cougar RGB.","og_url":"https:\/\/makertechnologypc.com\/en\/product\/equipo-ironclaw-amd-ryzen-9600-512gb-16gb\/","og_site_name":"Makertechnology","article_publisher":"https:\/\/www.facebook.com\/people\/MakerTechnology\/61552346566079\/","article_modified_time":"2026-04-08T01:50:33+00:00","og_image":[{"width":1000,"height":1000,"url":"https:\/\/makertechnologypc.com\/wp-content\/uploads\/2025\/07\/Agregar-un-subtitulo.png","type":"image\/png"}],"twitter_card":"summary_large_image","twitter_misc":{"Est. reading time":"2 minutes"},"schema":{"@context":"https:\/\/schema.org","@graph":[{"@type":"WebPage","@id":"https:\/\/makertechnologypc.com\/product\/equipo-ironclaw-amd-ryzen-9600-512gb-16gb\/","url":"https:\/\/makertechnologypc.com\/product\/equipo-ironclaw-amd-ryzen-9600-512gb-16gb\/","name":"EQUIPO IRONCLAW AMD RYZEN 9600 + Monitor 24 Inch 100hz - Makertechnology","isPartOf":{"@id":"https:\/\/makertechnologypc.com\/#website"},"primaryImageOfPage":{"@id":"https:\/\/makertechnologypc.com\/product\/equipo-ironclaw-amd-ryzen-9600-512gb-16gb\/#primaryimage"},"image":{"@id":"https:\/\/makertechnologypc.com\/product\/equipo-ironclaw-amd-ryzen-9600-512gb-16gb\/#primaryimage"},"thumbnailUrl":"https:\/\/makertechnologypc.com\/wp-content\/uploads\/2025\/07\/Agregar-un-subtitulo.png","datePublished":"2025-07-02T19:02:04+00:00","dateModified":"2026-04-08T01:50:33+00:00","description":"PC con AMD Ryzen 5 9600, 16GB DDR5 y SSD 512GB. Gr\u00e1ficos integrados, monitor BenQ 100Hz y chasis Cougar RGB.","breadcrumb":{"@id":"https:\/\/makertechnologypc.com\/product\/equipo-ironclaw-amd-ryzen-9600-512gb-16gb\/#breadcrumb"},"inLanguage":"en-US","potentialAction":[{"@type":"ReadAction","target":["https:\/\/makertechnologypc.com\/product\/equipo-ironclaw-amd-ryzen-9600-512gb-16gb\/"]}]},{"@type":"ImageObject","inLanguage":"en-US","@id":"https:\/\/makertechnologypc.com\/product\/equipo-ironclaw-amd-ryzen-9600-512gb-16gb\/#primaryimage","url":"https:\/\/makertechnologypc.com\/wp-content\/uploads\/2025\/07\/Agregar-un-subtitulo.png","contentUrl":"https:\/\/makertechnologypc.com\/wp-content\/uploads\/2025\/07\/Agregar-un-subtitulo.png","width":1000,"height":1000},{"@type":"BreadcrumbList","@id":"https:\/\/makertechnologypc.com\/product\/equipo-ironclaw-amd-ryzen-9600-512gb-16gb\/#breadcrumb","itemListElement":[{"@type":"ListItem","position":1,"name":"Inicio","item":"https:\/\/makertechnologypc.com\/"},{"@type":"ListItem","position":2,"name":"Tienda","item":"https:\/\/makertechnologypc.com\/tienda-de-pc-gamer-y-profesional\/"},{"@type":"ListItem","position":3,"name":"EQUIPO IRONCLAW AMD RYZEN 9600 + Monitor 24 Inch 100hz"}]},{"@type":"WebSite","@id":"https:\/\/makertechnologypc.com\/#website","url":"https:\/\/makertechnologypc.com\/","name":"makertechnology","description":"Arma tu PC gamer o profesional en Colombia. Componentes premium, ensamble experto y hardware para rendimiento, gaming y productividad.","publisher":{"@id":"https:\/\/makertechnologypc.com\/#organization"},"alternateName":"makertechnologypc","potentialAction":[{"@type":"SearchAction","target":{"@type":"EntryPoint","urlTemplate":"https:\/\/makertechnologypc.com\/?s={search_term_string}"},"query-input":{"@type":"PropertyValueSpecification","valueRequired":true,"valueName":"search_term_string"}}],"inLanguage":"en-US"},{"@type":"Organization","@id":"https:\/\/makertechnologypc.com\/#organization","name":"makertechnology","alternateName":"makertechnology","url":"https:\/\/makertechnologypc.com\/","logo":{"@type":"ImageObject","inLanguage":"en-US","@id":"https:\/\/makertechnologypc.com\/#\/schema\/logo\/image\/","url":"https:\/\/makertechnologypc.com\/wp-content\/uploads\/2025\/09\/makertechnology-logo-2.png","contentUrl":"https:\/\/makertechnologypc.com\/wp-content\/uploads\/2025\/09\/makertechnology-logo-2.png","width":125,"height":140,"caption":"makertechnology"},"image":{"@id":"https:\/\/makertechnologypc.com\/#\/schema\/logo\/image\/"},"sameAs":["https:\/\/www.facebook.com\/people\/MakerTechnology\/61552346566079\/","https:\/\/www.instagram.com\/makertechnology82\/"]}]}},"_links":{"self":[{"href":"https:\/\/makertechnologypc.com\/en\/wp-json\/wp\/v2\/product\/1396","targetHints":{"allow":["GET"]}}],"collection":[{"href":"https:\/\/makertechnologypc.com\/en\/wp-json\/wp\/v2\/product"}],"about":[{"href":"https:\/\/makertechnologypc.com\/en\/wp-json\/wp\/v2\/types\/product"}],"replies":[{"embeddable":true,"href":"https:\/\/makertechnologypc.com\/en\/wp-json\/wp\/v2\/comments?post=1396"}],"wp:featuredmedia":[{"embeddable":true,"href":"https:\/\/makertechnologypc.com\/en\/wp-json\/wp\/v2\/media\/2257"}],"wp:attachment":[{"href":"https:\/\/makertechnologypc.com\/en\/wp-json\/wp\/v2\/media?parent=1396"}],"wp:term":[{"taxonomy":"product_brand","embeddable":true,"href":"https:\/\/makertechnologypc.com\/en\/wp-json\/wp\/v2\/product_brand?post=1396"},{"taxonomy":"product_cat","embeddable":true,"href":"https:\/\/makertechnologypc.com\/en\/wp-json\/wp\/v2\/product_cat?post=1396"},{"taxonomy":"product_tag","embeddable":true,"href":"https:\/\/makertechnologypc.com\/en\/wp-json\/wp\/v2\/product_tag?post=1396"}],"curies":[{"name":"wp","href":"https:\/\/api.w.org\/{rel}","templated":true}]}}