{"id":1617,"date":"2025-08-07T23:10:05","date_gmt":"2025-08-08T04:10:05","guid":{"rendered":"https:\/\/makertechnologypc.com\/?post_type=product&#038;p=1617"},"modified":"2026-04-07T20:10:54","modified_gmt":"2026-04-08T01:10:54","slug":"equipo-dynamic-2-amd-ryzen-8600g-512gb-16gb","status":"publish","type":"product","link":"https:\/\/makertechnologypc.com\/en\/product\/equipo-dynamic-2-amd-ryzen-8600g-512gb-16gb\/","title":{"rendered":"EQUIPO DYNAMIC 2 AMD RYZEN 5 8600G + Monitor 24 inch"},"content":{"rendered":"<p data-start=\"100\" data-end=\"492\">El\u00a0<strong data-start=\"103\" data-end=\"125\">Computador Dynamic 2<\/strong>\u00a0es una m\u00e1quina de alto rendimiento cuidadosamente dise\u00f1ada para satisfacer las demandas de los usuarios m\u00e1s exigentes. Equipado con el potente procesador\u00a0<strong data-start=\"280\" data-end=\"301\">AMD Ryzen 5 8600G<\/strong>, este equipo ofrece una combinaci\u00f3n perfecta de\u00a0<strong data-start=\"350\" data-end=\"398\">velocidad, eficiencia y capacidad multitarea<\/strong>, permiti\u00e9ndote ejecutar desde tareas cotidianas hasta procesos complejos con total fluidez.<\/p>\n<p data-start=\"494\" data-end=\"878\">Su arquitectura de \u00faltima generaci\u00f3n y sus gr\u00e1ficos integrados de alto nivel hacen que sea ideal tanto para\u00a0<strong data-start=\"602\" data-end=\"625\">trabajo profesional<\/strong>, como\u00a0<strong data-start=\"632\" data-end=\"682\">edici\u00f3n de video, dise\u00f1o gr\u00e1fico, programaci\u00f3n<\/strong>\u00a0y, por supuesto,\u00a0<strong data-start=\"700\" data-end=\"715\">videojuegos<\/strong>\u00a0con un rendimiento \u00f3ptimo. Adem\u00e1s, su capacidad para manejar m\u00faltiples aplicaciones de forma simult\u00e1nea garantiza que no pierdas tiempo en esperas innecesarias.<\/p>\n<p data-start=\"880\" data-end=\"1126\">Con el\u00a0<strong data-start=\"887\" data-end=\"909\">Computador Oriente<\/strong>, obtienes una herramienta confiable que combina\u00a0<strong data-start=\"958\" data-end=\"998\">potencia, estabilidad y versatilidad<\/strong>, asegurando una experiencia de usuario impecable en cualquier escenario, ya sea en el \u00e1mbito laboral, educativo o recreativo.<\/p>\n<p><strong>EQUIPO DYNAMIC 2 AMD RYZEN 5 8600G<\/strong><\/p>\n<p><img loading=\"lazy\" decoding=\"async\" src=\"https:\/\/katech.com.ar\/wp-content\/uploads\/cpu-ktch.webp\" alt=\"\u00cdcono de procesador\" width=\"20\" height=\"20\" data-od-added-loading=\"\" data-od-xpath=\"\/*[1][self::HTML]\/*[2][self::BODY]\/*[3][self::MAIN]\/*[3][self::SECTION]\/*[2][self::DIV]\/*[1][self::DIV]\/*[2][self::DIV]\/*[1][self::DIV]\/*[1][self::DIV]\/*[11][self::DIV]\/*[1][self::DIV]\/*[1][self::UL]\/*[1][self::LI]\/*[1][self::IMG]\" \/> AMD Ryzen 5 8600G AM5<br \/>\n<img loading=\"lazy\" decoding=\"async\" src=\"https:\/\/katech.com.ar\/wp-content\/uploads\/ram-ktch.webp\" alt=\"\u00cdcono de RAM\" width=\"20\" height=\"20\" data-od-added-loading=\"\" data-od-xpath=\"\/*[1][self::HTML]\/*[2][self::BODY]\/*[3][self::MAIN]\/*[3][self::SECTION]\/*[2][self::DIV]\/*[1][self::DIV]\/*[2][self::DIV]\/*[1][self::DIV]\/*[1][self::DIV]\/*[11][self::DIV]\/*[1][self::DIV]\/*[1][self::UL]\/*[2][self::LI]\/*[1][self::IMG]\" \/> Memoria RAM TeamGroup RGB 16GB DDR5 5600mhz<br \/>\n<img loading=\"lazy\" decoding=\"async\" src=\"https:\/\/katech.com.ar\/wp-content\/uploads\/ssd-ktch.webp\" alt=\"\u00cdcono de SSD\" width=\"20\" height=\"20\" data-od-xpath=\"\/*[1][self::HTML]\/*[2][self::BODY]\/*[3][self::MAIN]\/*[3][self::SECTION]\/*[2][self::DIV]\/*[1][self::DIV]\/*[2][self::DIV]\/*[1][self::DIV]\/*[1][self::DIV]\/*[11][self::DIV]\/*[1][self::DIV]\/*[1][self::UL]\/*[3][self::LI]\/*[1][self::IMG]\" \/> Disco M2 512GB Team mp33<br \/>\n<img loading=\"lazy\" decoding=\"async\" src=\"https:\/\/katech.com.ar\/wp-content\/uploads\/gpu-ktch.webp\" alt=\"\u00cdcono de gpu\" width=\"20\" height=\"20\" data-od-xpath=\"\/*[1][self::HTML]\/*[2][self::BODY]\/*[3][self::MAIN]\/*[3][self::SECTION]\/*[2][self::DIV]\/*[1][self::DIV]\/*[2][self::DIV]\/*[1][self::DIV]\/*[1][self::DIV]\/*[11][self::DIV]\/*[1][self::DIV]\/*[1][self::UL]\/*[4][self::LI]\/*[1][self::IMG]\" \/> AMD Radeon\u2122 760M Integrada<\/p>\n<ul>\n<li>Fuente de poder 750W Cougar Atlas 80 bronze<\/li>\n<li>Gabinete Cougar FV150 black + 4 fans RGB<\/li>\n<li>Monitor Benq 24 inch 100hz<\/li>\n<li>Teclado y mouse Logitech MK120<\/li>\n<\/ul>\n","protected":false},"excerpt":{"rendered":"<p><strong>EQUIPO DYNAMIC 2 AMD RYZEN 5 8600G<\/strong><\/p>\n<p><img loading=\"lazy\" decoding=\"async\" src=\"https:\/\/katech.com.ar\/wp-content\/uploads\/cpu-ktch.webp\" alt=\"\u00cdcono de procesador\" width=\"20\" height=\"20\" data-od-added-loading=\"\" data-od-xpath=\"\/*[1][self::HTML]\/*[2][self::BODY]\/*[3][self::MAIN]\/*[3][self::SECTION]\/*[2][self::DIV]\/*[1][self::DIV]\/*[2][self::DIV]\/*[1][self::DIV]\/*[1][self::DIV]\/*[11][self::DIV]\/*[1][self::DIV]\/*[1][self::UL]\/*[1][self::LI]\/*[1][self::IMG]\" \/> AMD Ryzen 5 8600G AM5<br \/>\n<img loading=\"lazy\" decoding=\"async\" src=\"https:\/\/katech.com.ar\/wp-content\/uploads\/ram-ktch.webp\" alt=\"\u00cdcono de RAM\" width=\"20\" height=\"20\" data-od-added-loading=\"\" data-od-xpath=\"\/*[1][self::HTML]\/*[2][self::BODY]\/*[3][self::MAIN]\/*[3][self::SECTION]\/*[2][self::DIV]\/*[1][self::DIV]\/*[2][self::DIV]\/*[1][self::DIV]\/*[1][self::DIV]\/*[11][self::DIV]\/*[1][self::DIV]\/*[1][self::UL]\/*[2][self::LI]\/*[1][self::IMG]\" \/> Memoria RAM TeamGroup RGB 16GB DDR5 5600mhz<br \/>\n<img loading=\"lazy\" decoding=\"async\" src=\"https:\/\/katech.com.ar\/wp-content\/uploads\/ssd-ktch.webp\" alt=\"\u00cdcono de SSD\" width=\"20\" height=\"20\" data-od-xpath=\"\/*[1][self::HTML]\/*[2][self::BODY]\/*[3][self::MAIN]\/*[3][self::SECTION]\/*[2][self::DIV]\/*[1][self::DIV]\/*[2][self::DIV]\/*[1][self::DIV]\/*[1][self::DIV]\/*[11][self::DIV]\/*[1][self::DIV]\/*[1][self::UL]\/*[3][self::LI]\/*[1][self::IMG]\" \/> Disco M2 512GB Team mp33<br \/>\n<img loading=\"lazy\" decoding=\"async\" src=\"https:\/\/katech.com.ar\/wp-content\/uploads\/gpu-ktch.webp\" alt=\"\u00cdcono de gpu\" width=\"20\" height=\"20\" data-od-xpath=\"\/*[1][self::HTML]\/*[2][self::BODY]\/*[3][self::MAIN]\/*[3][self::SECTION]\/*[2][self::DIV]\/*[1][self::DIV]\/*[2][self::DIV]\/*[1][self::DIV]\/*[1][self::DIV]\/*[11][self::DIV]\/*[1][self::DIV]\/*[1][self::UL]\/*[4][self::LI]\/*[1][self::IMG]\" \/> AMD Radeon\u2122 760M Integrada<\/p>\n<p>Fuente de poder 750W Cougar Atlas 80 bronze<\/p>\n<p>Gabinete Cougar FV150 black + 4 fans RGB<\/p>\n<p>Monitor BenQ 24 inch 100hz<\/p>\n<p>Teclado y mouse Logitech MK120<\/p>\n","protected":false},"featured_media":1618,"comment_status":"open","ping_status":"closed","template":"","meta":[],"product_brand":[],"product_cat":[82,52],"product_tag":[54,53],"class_list":{"0":"post-1617","1":"product","2":"type-product","3":"status-publish","4":"has-post-thumbnail","6":"product_cat-equipo-gamer-amd","7":"product_cat-equipos-gamer","8":"product_tag-equipo","9":"product_tag-equipo-gamer","11":"first","12":"instock","13":"sale","14":"shipping-taxable","15":"purchasable","16":"product-type-simple"},"yoast_head":"<!-- This site is optimized with the Yoast SEO plugin v27.4 - https:\/\/yoast.com\/product\/yoast-seo-wordpress\/ -->\n<title>EQUIPO DYNAMIC 2 AMD RYZEN 5 8600G + Monitor 24 inch - Makertechnology<\/title>\n<meta name=\"description\" content=\"PC Dynamic 2 con AMD Ryzen 5 8600G, 16GB DDR5, SSD 512GB y gr\u00e1ficos Radeon 760M integrated graphics. Incluye monitor 24\u201d y perif\u00e9ricos Logitech.\" \/>\n<meta name=\"robots\" content=\"index, follow, max-snippet:-1, max-image-preview:large, max-video-preview:-1\" \/>\n<link rel=\"canonical\" href=\"https:\/\/makertechnologypc.com\/en\/product\/equipo-dynamic-2-amd-ryzen-8600g-512gb-16gb\/\" \/>\n<meta property=\"og:locale\" content=\"en_US\" \/>\n<meta property=\"og:type\" content=\"article\" \/>\n<meta property=\"og:title\" content=\"EQUIPO DYNAMIC 2 AMD RYZEN 5 8600G + Monitor 24 inch - Makertechnology\" \/>\n<meta property=\"og:description\" content=\"PC Dynamic 2 con AMD Ryzen 5 8600G, 16GB DDR5, SSD 512GB y gr\u00e1ficos Radeon 760M integrated graphics. Incluye monitor 24\u201d y perif\u00e9ricos Logitech.\" \/>\n<meta property=\"og:url\" content=\"https:\/\/makertechnologypc.com\/en\/product\/equipo-dynamic-2-amd-ryzen-8600g-512gb-16gb\/\" \/>\n<meta property=\"og:site_name\" content=\"Makertechnology\" \/>\n<meta property=\"article:publisher\" content=\"https:\/\/www.facebook.com\/people\/MakerTechnology\/61552346566079\/\" \/>\n<meta property=\"article:modified_time\" content=\"2026-04-08T01:10:54+00:00\" \/>\n<meta property=\"og:image\" content=\"https:\/\/makertechnologypc.com\/wp-content\/uploads\/2025\/08\/8600g_pecera.png\" \/>\n\t<meta property=\"og:image:width\" content=\"620\" \/>\n\t<meta property=\"og:image:height\" content=\"720\" \/>\n\t<meta property=\"og:image:type\" content=\"image\/png\" \/>\n<meta name=\"twitter:card\" content=\"summary_large_image\" \/>\n<meta name=\"twitter:label1\" content=\"Est. reading time\" \/>\n\t<meta name=\"twitter:data1\" content=\"2 minutes\" \/>\n<script type=\"application\/ld+json\" class=\"yoast-schema-graph\">{\"@context\":\"https:\\\/\\\/schema.org\",\"@graph\":[{\"@type\":\"WebPage\",\"@id\":\"https:\\\/\\\/makertechnologypc.com\\\/product\\\/equipo-dynamic-2-amd-ryzen-8600g-512gb-16gb\\\/\",\"url\":\"https:\\\/\\\/makertechnologypc.com\\\/product\\\/equipo-dynamic-2-amd-ryzen-8600g-512gb-16gb\\\/\",\"name\":\"EQUIPO DYNAMIC 2 AMD RYZEN 5 8600G + Monitor 24 inch - Makertechnology\",\"isPartOf\":{\"@id\":\"https:\\\/\\\/makertechnologypc.com\\\/#website\"},\"primaryImageOfPage\":{\"@id\":\"https:\\\/\\\/makertechnologypc.com\\\/product\\\/equipo-dynamic-2-amd-ryzen-8600g-512gb-16gb\\\/#primaryimage\"},\"image\":{\"@id\":\"https:\\\/\\\/makertechnologypc.com\\\/product\\\/equipo-dynamic-2-amd-ryzen-8600g-512gb-16gb\\\/#primaryimage\"},\"thumbnailUrl\":\"https:\\\/\\\/makertechnologypc.com\\\/wp-content\\\/uploads\\\/2025\\\/08\\\/8600g_pecera.png\",\"datePublished\":\"2025-08-08T04:10:05+00:00\",\"dateModified\":\"2026-04-08T01:10:54+00:00\",\"description\":\"PC Dynamic 2 con AMD Ryzen 5 8600G, 16GB DDR5, SSD 512GB y gr\u00e1ficos Radeon 760M integrated graphics. Incluye monitor 24\u201d y perif\u00e9ricos Logitech.\",\"breadcrumb\":{\"@id\":\"https:\\\/\\\/makertechnologypc.com\\\/product\\\/equipo-dynamic-2-amd-ryzen-8600g-512gb-16gb\\\/#breadcrumb\"},\"inLanguage\":\"en-US\",\"potentialAction\":[{\"@type\":\"ReadAction\",\"target\":[\"https:\\\/\\\/makertechnologypc.com\\\/product\\\/equipo-dynamic-2-amd-ryzen-8600g-512gb-16gb\\\/\"]}]},{\"@type\":\"ImageObject\",\"inLanguage\":\"en-US\",\"@id\":\"https:\\\/\\\/makertechnologypc.com\\\/product\\\/equipo-dynamic-2-amd-ryzen-8600g-512gb-16gb\\\/#primaryimage\",\"url\":\"https:\\\/\\\/makertechnologypc.com\\\/wp-content\\\/uploads\\\/2025\\\/08\\\/8600g_pecera.png\",\"contentUrl\":\"https:\\\/\\\/makertechnologypc.com\\\/wp-content\\\/uploads\\\/2025\\\/08\\\/8600g_pecera.png\",\"width\":620,\"height\":720},{\"@type\":\"BreadcrumbList\",\"@id\":\"https:\\\/\\\/makertechnologypc.com\\\/product\\\/equipo-dynamic-2-amd-ryzen-8600g-512gb-16gb\\\/#breadcrumb\",\"itemListElement\":[{\"@type\":\"ListItem\",\"position\":1,\"name\":\"Inicio\",\"item\":\"https:\\\/\\\/makertechnologypc.com\\\/\"},{\"@type\":\"ListItem\",\"position\":2,\"name\":\"Tienda\",\"item\":\"https:\\\/\\\/makertechnologypc.com\\\/tienda-de-pc-gamer-y-profesional\\\/\"},{\"@type\":\"ListItem\",\"position\":3,\"name\":\"EQUIPO DYNAMIC 2 AMD RYZEN 5 8600G + Monitor 24 inch\"}]},{\"@type\":\"WebSite\",\"@id\":\"https:\\\/\\\/makertechnologypc.com\\\/#website\",\"url\":\"https:\\\/\\\/makertechnologypc.com\\\/\",\"name\":\"makertechnology\",\"description\":\"Arma tu PC gamer o profesional en Colombia. Componentes premium, ensamble experto y hardware para rendimiento, gaming y productividad.\",\"publisher\":{\"@id\":\"https:\\\/\\\/makertechnologypc.com\\\/#organization\"},\"alternateName\":\"makertechnologypc\",\"potentialAction\":[{\"@type\":\"SearchAction\",\"target\":{\"@type\":\"EntryPoint\",\"urlTemplate\":\"https:\\\/\\\/makertechnologypc.com\\\/?s={search_term_string}\"},\"query-input\":{\"@type\":\"PropertyValueSpecification\",\"valueRequired\":true,\"valueName\":\"search_term_string\"}}],\"inLanguage\":\"en-US\"},{\"@type\":\"Organization\",\"@id\":\"https:\\\/\\\/makertechnologypc.com\\\/#organization\",\"name\":\"makertechnology\",\"alternateName\":\"makertechnology\",\"url\":\"https:\\\/\\\/makertechnologypc.com\\\/\",\"logo\":{\"@type\":\"ImageObject\",\"inLanguage\":\"en-US\",\"@id\":\"https:\\\/\\\/makertechnologypc.com\\\/#\\\/schema\\\/logo\\\/image\\\/\",\"url\":\"https:\\\/\\\/makertechnologypc.com\\\/wp-content\\\/uploads\\\/2025\\\/09\\\/makertechnology-logo-2.png\",\"contentUrl\":\"https:\\\/\\\/makertechnologypc.com\\\/wp-content\\\/uploads\\\/2025\\\/09\\\/makertechnology-logo-2.png\",\"width\":125,\"height\":140,\"caption\":\"makertechnology\"},\"image\":{\"@id\":\"https:\\\/\\\/makertechnologypc.com\\\/#\\\/schema\\\/logo\\\/image\\\/\"},\"sameAs\":[\"https:\\\/\\\/www.facebook.com\\\/people\\\/MakerTechnology\\\/61552346566079\\\/\",\"https:\\\/\\\/www.instagram.com\\\/makertechnology82\\\/\"]}]}<\/script>\n<!-- \/ Yoast SEO plugin. -->","yoast_head_json":{"title":"EQUIPO DYNAMIC 2 AMD RYZEN 5 8600G + Monitor 24 inch - Makertechnology","description":"PC Dynamic 2 con AMD Ryzen 5 8600G, 16GB DDR5, SSD 512GB y gr\u00e1ficos Radeon 760M integrated graphics. Incluye monitor 24\u201d y perif\u00e9ricos Logitech.","robots":{"index":"index","follow":"follow","max-snippet":"max-snippet:-1","max-image-preview":"max-image-preview:large","max-video-preview":"max-video-preview:-1"},"canonical":"https:\/\/makertechnologypc.com\/en\/product\/equipo-dynamic-2-amd-ryzen-8600g-512gb-16gb\/","og_locale":"en_US","og_type":"article","og_title":"EQUIPO DYNAMIC 2 AMD RYZEN 5 8600G + Monitor 24 inch - Makertechnology","og_description":"PC Dynamic 2 con AMD Ryzen 5 8600G, 16GB DDR5, SSD 512GB y gr\u00e1ficos Radeon 760M integrated graphics. Incluye monitor 24\u201d y perif\u00e9ricos Logitech.","og_url":"https:\/\/makertechnologypc.com\/en\/product\/equipo-dynamic-2-amd-ryzen-8600g-512gb-16gb\/","og_site_name":"Makertechnology","article_publisher":"https:\/\/www.facebook.com\/people\/MakerTechnology\/61552346566079\/","article_modified_time":"2026-04-08T01:10:54+00:00","og_image":[{"width":620,"height":720,"url":"https:\/\/makertechnologypc.com\/wp-content\/uploads\/2025\/08\/8600g_pecera.png","type":"image\/png"}],"twitter_card":"summary_large_image","twitter_misc":{"Est. reading time":"2 minutes"},"schema":{"@context":"https:\/\/schema.org","@graph":[{"@type":"WebPage","@id":"https:\/\/makertechnologypc.com\/product\/equipo-dynamic-2-amd-ryzen-8600g-512gb-16gb\/","url":"https:\/\/makertechnologypc.com\/product\/equipo-dynamic-2-amd-ryzen-8600g-512gb-16gb\/","name":"EQUIPO DYNAMIC 2 AMD RYZEN 5 8600G + Monitor 24 inch - Makertechnology","isPartOf":{"@id":"https:\/\/makertechnologypc.com\/#website"},"primaryImageOfPage":{"@id":"https:\/\/makertechnologypc.com\/product\/equipo-dynamic-2-amd-ryzen-8600g-512gb-16gb\/#primaryimage"},"image":{"@id":"https:\/\/makertechnologypc.com\/product\/equipo-dynamic-2-amd-ryzen-8600g-512gb-16gb\/#primaryimage"},"thumbnailUrl":"https:\/\/makertechnologypc.com\/wp-content\/uploads\/2025\/08\/8600g_pecera.png","datePublished":"2025-08-08T04:10:05+00:00","dateModified":"2026-04-08T01:10:54+00:00","description":"PC Dynamic 2 con AMD Ryzen 5 8600G, 16GB DDR5, SSD 512GB y gr\u00e1ficos Radeon 760M integrated graphics. Incluye monitor 24\u201d y perif\u00e9ricos Logitech.","breadcrumb":{"@id":"https:\/\/makertechnologypc.com\/product\/equipo-dynamic-2-amd-ryzen-8600g-512gb-16gb\/#breadcrumb"},"inLanguage":"en-US","potentialAction":[{"@type":"ReadAction","target":["https:\/\/makertechnologypc.com\/product\/equipo-dynamic-2-amd-ryzen-8600g-512gb-16gb\/"]}]},{"@type":"ImageObject","inLanguage":"en-US","@id":"https:\/\/makertechnologypc.com\/product\/equipo-dynamic-2-amd-ryzen-8600g-512gb-16gb\/#primaryimage","url":"https:\/\/makertechnologypc.com\/wp-content\/uploads\/2025\/08\/8600g_pecera.png","contentUrl":"https:\/\/makertechnologypc.com\/wp-content\/uploads\/2025\/08\/8600g_pecera.png","width":620,"height":720},{"@type":"BreadcrumbList","@id":"https:\/\/makertechnologypc.com\/product\/equipo-dynamic-2-amd-ryzen-8600g-512gb-16gb\/#breadcrumb","itemListElement":[{"@type":"ListItem","position":1,"name":"Inicio","item":"https:\/\/makertechnologypc.com\/"},{"@type":"ListItem","position":2,"name":"Tienda","item":"https:\/\/makertechnologypc.com\/tienda-de-pc-gamer-y-profesional\/"},{"@type":"ListItem","position":3,"name":"EQUIPO DYNAMIC 2 AMD RYZEN 5 8600G + Monitor 24 inch"}]},{"@type":"WebSite","@id":"https:\/\/makertechnologypc.com\/#website","url":"https:\/\/makertechnologypc.com\/","name":"makertechnology","description":"Arma tu PC gamer o profesional en Colombia. Componentes premium, ensamble experto y hardware para rendimiento, gaming y productividad.","publisher":{"@id":"https:\/\/makertechnologypc.com\/#organization"},"alternateName":"makertechnologypc","potentialAction":[{"@type":"SearchAction","target":{"@type":"EntryPoint","urlTemplate":"https:\/\/makertechnologypc.com\/?s={search_term_string}"},"query-input":{"@type":"PropertyValueSpecification","valueRequired":true,"valueName":"search_term_string"}}],"inLanguage":"en-US"},{"@type":"Organization","@id":"https:\/\/makertechnologypc.com\/#organization","name":"makertechnology","alternateName":"makertechnology","url":"https:\/\/makertechnologypc.com\/","logo":{"@type":"ImageObject","inLanguage":"en-US","@id":"https:\/\/makertechnologypc.com\/#\/schema\/logo\/image\/","url":"https:\/\/makertechnologypc.com\/wp-content\/uploads\/2025\/09\/makertechnology-logo-2.png","contentUrl":"https:\/\/makertechnologypc.com\/wp-content\/uploads\/2025\/09\/makertechnology-logo-2.png","width":125,"height":140,"caption":"makertechnology"},"image":{"@id":"https:\/\/makertechnologypc.com\/#\/schema\/logo\/image\/"},"sameAs":["https:\/\/www.facebook.com\/people\/MakerTechnology\/61552346566079\/","https:\/\/www.instagram.com\/makertechnology82\/"]}]}},"_links":{"self":[{"href":"https:\/\/makertechnologypc.com\/en\/wp-json\/wp\/v2\/product\/1617","targetHints":{"allow":["GET"]}}],"collection":[{"href":"https:\/\/makertechnologypc.com\/en\/wp-json\/wp\/v2\/product"}],"about":[{"href":"https:\/\/makertechnologypc.com\/en\/wp-json\/wp\/v2\/types\/product"}],"replies":[{"embeddable":true,"href":"https:\/\/makertechnologypc.com\/en\/wp-json\/wp\/v2\/comments?post=1617"}],"wp:featuredmedia":[{"embeddable":true,"href":"https:\/\/makertechnologypc.com\/en\/wp-json\/wp\/v2\/media\/1618"}],"wp:attachment":[{"href":"https:\/\/makertechnologypc.com\/en\/wp-json\/wp\/v2\/media?parent=1617"}],"wp:term":[{"taxonomy":"product_brand","embeddable":true,"href":"https:\/\/makertechnologypc.com\/en\/wp-json\/wp\/v2\/product_brand?post=1617"},{"taxonomy":"product_cat","embeddable":true,"href":"https:\/\/makertechnologypc.com\/en\/wp-json\/wp\/v2\/product_cat?post=1617"},{"taxonomy":"product_tag","embeddable":true,"href":"https:\/\/makertechnologypc.com\/en\/wp-json\/wp\/v2\/product_tag?post=1617"}],"curies":[{"name":"wp","href":"https:\/\/api.w.org\/{rel}","templated":true}]}}