{"id":1755,"date":"2025-08-26T13:06:49","date_gmt":"2025-08-26T18:06:49","guid":{"rendered":"https:\/\/makertechnologypc.com\/?post_type=product&#038;p=1755"},"modified":"2025-09-08T12:36:42","modified_gmt":"2025-09-08T17:36:42","slug":"chasis-cougar-archon-mesh-blanco-fans3-argb","status":"publish","type":"product","link":"https:\/\/makertechnologypc.com\/en\/product\/chasis-cougar-archon-mesh-blanco-fans3-argb\/","title":{"rendered":"Gabinete Cougar Archon Mesh blanco Fans+3 ARGB"},"content":{"rendered":"<table class=\"table table-bordered width767\">\n<tbody class=\"vertical\">\n<tr>\n<th colspan=\"2\">Product Name<\/th>\n<td>Archon 2 Mesh RGB<\/td>\n<\/tr>\n<tr>\n<th colspan=\"2\">Case Form Factor<\/th>\n<td>Mid Tower<\/td>\n<\/tr>\n<tr>\n<th colspan=\"2\">Motherboard Type<\/th>\n<td>Mini ITX \/ Micro ATX \/ ATX<\/td>\n<\/tr>\n<tr>\n<th colspan=\"2\">Dimensions (WxHxD)<\/th>\n<td>210 x 470 x 380 (mm)<br \/>\n8.3 x 18.5 x 15 (in)<\/td>\n<\/tr>\n<tr>\n<th colspan=\"2\">I\/O Panel<\/th>\n<td>USB 3.0 x 2, USB 2.0 x 1, Mic x 1 \/ Audio x 1, RGB Button<\/td>\n<\/tr>\n<tr>\n<th colspan=\"2\">3.5&#8243; Drive Bay<\/th>\n<td>2<\/td>\n<\/tr>\n<tr>\n<th colspan=\"2\">2.5&#8243; Drive Bay<\/th>\n<td>2+1 (converted from 3.5&#8243; drive bay) \/ (2 SSD trays included)<\/td>\n<\/tr>\n<tr>\n<th colspan=\"2\">Expansion Slots<\/th>\n<td>7<\/td>\n<\/tr>\n<tr>\n<th rowspan=\"3\">Cooling Fan Support<\/th>\n<th>Front<\/th>\n<td>120mm x 3 \/ 140mm x 2 (120mm ARGB fan x 3 pre-installed)<\/td>\n<\/tr>\n<tr>\n<th>Top<\/th>\n<td>120mm x 2 \/ 140mm x 2<\/td>\n<\/tr>\n<tr>\n<th>Rear<\/th>\n<td>120mm x 1<\/td>\n<\/tr>\n<tr>\n<th colspan=\"2\">Maximun Number of Fans<\/th>\n<td>6 Max.<\/td>\n<\/tr>\n<tr>\n<th rowspan=\"3\">Water Cooling Support<\/th>\n<th>Front<\/th>\n<td>*360mm \/ 280mm \/ 240mm \/ 140mm \/ 120mm<\/td>\n<\/tr>\n<tr>\n<th>Top<\/th>\n<td>240mm \/ 120mm<\/td>\n<\/tr>\n<tr>\n<th>Rear<\/th>\n<td>120mm<\/td>\n<\/tr>\n<tr>\n<th colspan=\"2\">Transparent Left Panel<\/th>\n<td>3mm Tempered Glass<\/td>\n<\/tr>\n<tr>\n<th colspan=\"2\">RGB Sync with M\/B<\/th>\n<td>Yes<\/td>\n<\/tr>\n<tr>\n<th colspan=\"2\">Max. Graphics Card Length<\/th>\n<td>315 (mm) \/ 12.4 (in)<\/td>\n<\/tr>\n<tr>\n<th colspan=\"2\">Max. CPU Cooler Height<\/th>\n<td>170 (mm) \/ 6.7 (in)<\/td>\n<\/tr>\n<tr>\n<th colspan=\"2\">Max. PSU Length<\/th>\n<td>*160 (mm) \/ 6.3 (in)<\/td>\n<\/tr>\n<\/tbody>\n<\/table>","protected":false},"excerpt":{"rendered":"<p>Su avanzada compatibilidad con tarjetas gr\u00e1ficas de hasta 350 mm de longitud permite disfrutar de los m\u00e1s recientes juegos con una velocidad de frames suave. La compacta disposici\u00f3n de la Archon 2 RGB te permite instalar seis ventiladores, un radiador de refrigeraci\u00f3n por agua de 360mm y un refrigerador de CPU de 170 mm. Este inmenso potencial de refrigeraci\u00f3n permite elegir libremente los componentes.<\/p>\n<p>La cubierta de la PSU de longitud completa tambi\u00e9n le permite ocultar los cables, mejorar el flujo de aire interno, y mostrar una apariencia limpia!<\/p>","protected":false},"featured_media":1758,"comment_status":"open","ping_status":"closed","template":"","meta":[],"product_brand":[37],"product_cat":[25],"product_tag":[87,27,38],"class_list":{"0":"post-1755","1":"product","2":"type-product","3":"status-publish","4":"has-post-thumbnail","6":"product_brand-cougar","7":"product_cat-gabinetes","8":"product_tag-argb","9":"product_tag-chasis","10":"product_tag-cougar","12":"first","13":"instock","14":"shipping-taxable","15":"purchasable","16":"product-type-simple"},"yoast_head":"<!-- This site is optimized with the Yoast SEO plugin v27.4 - https:\/\/yoast.com\/product\/yoast-seo-wordpress\/ -->\n<title>Gabinete Cougar Archon Mesh blanco Fans+3 ARGB - Makertechnology<\/title>\n<meta name=\"robots\" content=\"index, follow, max-snippet:-1, max-image-preview:large, max-video-preview:-1\" \/>\n<link rel=\"canonical\" href=\"https:\/\/makertechnologypc.com\/en\/product\/chasis-cougar-archon-mesh-blanco-fans3-argb\/\" \/>\n<meta property=\"og:locale\" content=\"en_US\" \/>\n<meta property=\"og:type\" content=\"article\" \/>\n<meta property=\"og:title\" content=\"Gabinete Cougar Archon Mesh blanco Fans+3 ARGB - Makertechnology\" \/>\n<meta property=\"og:description\" content=\"Su avanzada compatibilidad con tarjetas gr\u00e1ficas de hasta 350 mm de longitud permite disfrutar de los m\u00e1s recientes juegos con una velocidad de frames suave. La compacta disposici\u00f3n de la Archon 2 RGB te permite instalar seis ventiladores, un radiador de refrigeraci\u00f3n por agua de 360mm y un refrigerador de CPU de 170 mm. Este inmenso potencial de refrigeraci\u00f3n permite elegir libremente los componentes.  La cubierta de la PSU de longitud completa tambi\u00e9n le permite ocultar los cables, mejorar el flujo de aire interno, y mostrar una apariencia limpia!\" \/>\n<meta property=\"og:url\" content=\"https:\/\/makertechnologypc.com\/en\/product\/chasis-cougar-archon-mesh-blanco-fans3-argb\/\" \/>\n<meta property=\"og:site_name\" content=\"Makertechnology\" \/>\n<meta property=\"article:publisher\" content=\"https:\/\/www.facebook.com\/people\/MakerTechnology\/61552346566079\/\" \/>\n<meta property=\"article:modified_time\" content=\"2025-09-08T17:36:42+00:00\" \/>\n<meta property=\"og:image\" content=\"https:\/\/makertechnologypc.com\/wp-content\/uploads\/2025\/08\/Chasis-Cougar-Archon-Mesh-blanco-Fans3-ARGB-1.png\" \/>\n\t<meta property=\"og:image:width\" content=\"1000\" \/>\n\t<meta property=\"og:image:height\" content=\"800\" \/>\n\t<meta property=\"og:image:type\" content=\"image\/png\" \/>\n<meta name=\"twitter:card\" content=\"summary_large_image\" \/>\n<meta name=\"twitter:label1\" content=\"Est. reading time\" \/>\n\t<meta name=\"twitter:data1\" content=\"1 minute\" \/>\n<script type=\"application\/ld+json\" class=\"yoast-schema-graph\">{\"@context\":\"https:\\\/\\\/schema.org\",\"@graph\":[{\"@type\":\"WebPage\",\"@id\":\"https:\\\/\\\/makertechnologypc.com\\\/product\\\/chasis-cougar-archon-mesh-blanco-fans3-argb\\\/\",\"url\":\"https:\\\/\\\/makertechnologypc.com\\\/product\\\/chasis-cougar-archon-mesh-blanco-fans3-argb\\\/\",\"name\":\"Gabinete Cougar Archon Mesh blanco Fans+3 ARGB - Makertechnology\",\"isPartOf\":{\"@id\":\"https:\\\/\\\/makertechnologypc.com\\\/#website\"},\"primaryImageOfPage\":{\"@id\":\"https:\\\/\\\/makertechnologypc.com\\\/product\\\/chasis-cougar-archon-mesh-blanco-fans3-argb\\\/#primaryimage\"},\"image\":{\"@id\":\"https:\\\/\\\/makertechnologypc.com\\\/product\\\/chasis-cougar-archon-mesh-blanco-fans3-argb\\\/#primaryimage\"},\"thumbnailUrl\":\"https:\\\/\\\/makertechnologypc.com\\\/wp-content\\\/uploads\\\/2025\\\/08\\\/Chasis-Cougar-Archon-Mesh-blanco-Fans3-ARGB-1.png\",\"datePublished\":\"2025-08-26T18:06:49+00:00\",\"dateModified\":\"2025-09-08T17:36:42+00:00\",\"breadcrumb\":{\"@id\":\"https:\\\/\\\/makertechnologypc.com\\\/product\\\/chasis-cougar-archon-mesh-blanco-fans3-argb\\\/#breadcrumb\"},\"inLanguage\":\"en-US\",\"potentialAction\":[{\"@type\":\"ReadAction\",\"target\":[\"https:\\\/\\\/makertechnologypc.com\\\/product\\\/chasis-cougar-archon-mesh-blanco-fans3-argb\\\/\"]}]},{\"@type\":\"ImageObject\",\"inLanguage\":\"en-US\",\"@id\":\"https:\\\/\\\/makertechnologypc.com\\\/product\\\/chasis-cougar-archon-mesh-blanco-fans3-argb\\\/#primaryimage\",\"url\":\"https:\\\/\\\/makertechnologypc.com\\\/wp-content\\\/uploads\\\/2025\\\/08\\\/Chasis-Cougar-Archon-Mesh-blanco-Fans3-ARGB-1.png\",\"contentUrl\":\"https:\\\/\\\/makertechnologypc.com\\\/wp-content\\\/uploads\\\/2025\\\/08\\\/Chasis-Cougar-Archon-Mesh-blanco-Fans3-ARGB-1.png\",\"width\":1000,\"height\":800},{\"@type\":\"BreadcrumbList\",\"@id\":\"https:\\\/\\\/makertechnologypc.com\\\/product\\\/chasis-cougar-archon-mesh-blanco-fans3-argb\\\/#breadcrumb\",\"itemListElement\":[{\"@type\":\"ListItem\",\"position\":1,\"name\":\"Inicio\",\"item\":\"https:\\\/\\\/makertechnologypc.com\\\/\"},{\"@type\":\"ListItem\",\"position\":2,\"name\":\"Tienda\",\"item\":\"https:\\\/\\\/makertechnologypc.com\\\/tienda-de-pc-gamer-y-profesional\\\/\"},{\"@type\":\"ListItem\",\"position\":3,\"name\":\"Gabinete Cougar Archon Mesh blanco Fans+3 ARGB\"}]},{\"@type\":\"WebSite\",\"@id\":\"https:\\\/\\\/makertechnologypc.com\\\/#website\",\"url\":\"https:\\\/\\\/makertechnologypc.com\\\/\",\"name\":\"makertechnology\",\"description\":\"Arma tu PC gamer o profesional en Colombia. Componentes premium, ensamble experto y hardware para rendimiento, gaming y productividad.\",\"publisher\":{\"@id\":\"https:\\\/\\\/makertechnologypc.com\\\/#organization\"},\"alternateName\":\"makertechnologypc\",\"potentialAction\":[{\"@type\":\"SearchAction\",\"target\":{\"@type\":\"EntryPoint\",\"urlTemplate\":\"https:\\\/\\\/makertechnologypc.com\\\/?s={search_term_string}\"},\"query-input\":{\"@type\":\"PropertyValueSpecification\",\"valueRequired\":true,\"valueName\":\"search_term_string\"}}],\"inLanguage\":\"en-US\"},{\"@type\":\"Organization\",\"@id\":\"https:\\\/\\\/makertechnologypc.com\\\/#organization\",\"name\":\"makertechnology\",\"alternateName\":\"makertechnology\",\"url\":\"https:\\\/\\\/makertechnologypc.com\\\/\",\"logo\":{\"@type\":\"ImageObject\",\"inLanguage\":\"en-US\",\"@id\":\"https:\\\/\\\/makertechnologypc.com\\\/#\\\/schema\\\/logo\\\/image\\\/\",\"url\":\"https:\\\/\\\/makertechnologypc.com\\\/wp-content\\\/uploads\\\/2025\\\/09\\\/makertechnology-logo-2.png\",\"contentUrl\":\"https:\\\/\\\/makertechnologypc.com\\\/wp-content\\\/uploads\\\/2025\\\/09\\\/makertechnology-logo-2.png\",\"width\":125,\"height\":140,\"caption\":\"makertechnology\"},\"image\":{\"@id\":\"https:\\\/\\\/makertechnologypc.com\\\/#\\\/schema\\\/logo\\\/image\\\/\"},\"sameAs\":[\"https:\\\/\\\/www.facebook.com\\\/people\\\/MakerTechnology\\\/61552346566079\\\/\",\"https:\\\/\\\/www.instagram.com\\\/makertechnology82\\\/\"]}]}<\/script>\n<!-- \/ Yoast SEO plugin. -->","yoast_head_json":{"title":"Gabinete Cougar Archon Mesh blanco Fans+3 ARGB - Makertechnology","robots":{"index":"index","follow":"follow","max-snippet":"max-snippet:-1","max-image-preview":"max-image-preview:large","max-video-preview":"max-video-preview:-1"},"canonical":"https:\/\/makertechnologypc.com\/en\/product\/chasis-cougar-archon-mesh-blanco-fans3-argb\/","og_locale":"en_US","og_type":"article","og_title":"Gabinete Cougar Archon Mesh blanco Fans+3 ARGB - Makertechnology","og_description":"Su avanzada compatibilidad con tarjetas gr\u00e1ficas de hasta 350 mm de longitud permite disfrutar de los m\u00e1s recientes juegos con una velocidad de frames suave. La compacta disposici\u00f3n de la Archon 2 RGB te permite instalar seis ventiladores, un radiador de refrigeraci\u00f3n por agua de 360mm y un refrigerador de CPU de 170 mm. Este inmenso potencial de refrigeraci\u00f3n permite elegir libremente los componentes.  La cubierta de la PSU de longitud completa tambi\u00e9n le permite ocultar los cables, mejorar el flujo de aire interno, y mostrar una apariencia limpia!","og_url":"https:\/\/makertechnologypc.com\/en\/product\/chasis-cougar-archon-mesh-blanco-fans3-argb\/","og_site_name":"Makertechnology","article_publisher":"https:\/\/www.facebook.com\/people\/MakerTechnology\/61552346566079\/","article_modified_time":"2025-09-08T17:36:42+00:00","og_image":[{"width":1000,"height":800,"url":"https:\/\/makertechnologypc.com\/wp-content\/uploads\/2025\/08\/Chasis-Cougar-Archon-Mesh-blanco-Fans3-ARGB-1.png","type":"image\/png"}],"twitter_card":"summary_large_image","twitter_misc":{"Est. reading time":"1 minute"},"schema":{"@context":"https:\/\/schema.org","@graph":[{"@type":"WebPage","@id":"https:\/\/makertechnologypc.com\/product\/chasis-cougar-archon-mesh-blanco-fans3-argb\/","url":"https:\/\/makertechnologypc.com\/product\/chasis-cougar-archon-mesh-blanco-fans3-argb\/","name":"Gabinete Cougar Archon Mesh blanco Fans+3 ARGB - Makertechnology","isPartOf":{"@id":"https:\/\/makertechnologypc.com\/#website"},"primaryImageOfPage":{"@id":"https:\/\/makertechnologypc.com\/product\/chasis-cougar-archon-mesh-blanco-fans3-argb\/#primaryimage"},"image":{"@id":"https:\/\/makertechnologypc.com\/product\/chasis-cougar-archon-mesh-blanco-fans3-argb\/#primaryimage"},"thumbnailUrl":"https:\/\/makertechnologypc.com\/wp-content\/uploads\/2025\/08\/Chasis-Cougar-Archon-Mesh-blanco-Fans3-ARGB-1.png","datePublished":"2025-08-26T18:06:49+00:00","dateModified":"2025-09-08T17:36:42+00:00","breadcrumb":{"@id":"https:\/\/makertechnologypc.com\/product\/chasis-cougar-archon-mesh-blanco-fans3-argb\/#breadcrumb"},"inLanguage":"en-US","potentialAction":[{"@type":"ReadAction","target":["https:\/\/makertechnologypc.com\/product\/chasis-cougar-archon-mesh-blanco-fans3-argb\/"]}]},{"@type":"ImageObject","inLanguage":"en-US","@id":"https:\/\/makertechnologypc.com\/product\/chasis-cougar-archon-mesh-blanco-fans3-argb\/#primaryimage","url":"https:\/\/makertechnologypc.com\/wp-content\/uploads\/2025\/08\/Chasis-Cougar-Archon-Mesh-blanco-Fans3-ARGB-1.png","contentUrl":"https:\/\/makertechnologypc.com\/wp-content\/uploads\/2025\/08\/Chasis-Cougar-Archon-Mesh-blanco-Fans3-ARGB-1.png","width":1000,"height":800},{"@type":"BreadcrumbList","@id":"https:\/\/makertechnologypc.com\/product\/chasis-cougar-archon-mesh-blanco-fans3-argb\/#breadcrumb","itemListElement":[{"@type":"ListItem","position":1,"name":"Inicio","item":"https:\/\/makertechnologypc.com\/"},{"@type":"ListItem","position":2,"name":"Tienda","item":"https:\/\/makertechnologypc.com\/tienda-de-pc-gamer-y-profesional\/"},{"@type":"ListItem","position":3,"name":"Gabinete Cougar Archon Mesh blanco Fans+3 ARGB"}]},{"@type":"WebSite","@id":"https:\/\/makertechnologypc.com\/#website","url":"https:\/\/makertechnologypc.com\/","name":"makertechnology","description":"Arma tu PC gamer o profesional en Colombia. Componentes premium, ensamble experto y hardware para rendimiento, gaming y productividad.","publisher":{"@id":"https:\/\/makertechnologypc.com\/#organization"},"alternateName":"makertechnologypc","potentialAction":[{"@type":"SearchAction","target":{"@type":"EntryPoint","urlTemplate":"https:\/\/makertechnologypc.com\/?s={search_term_string}"},"query-input":{"@type":"PropertyValueSpecification","valueRequired":true,"valueName":"search_term_string"}}],"inLanguage":"en-US"},{"@type":"Organization","@id":"https:\/\/makertechnologypc.com\/#organization","name":"makertechnology","alternateName":"makertechnology","url":"https:\/\/makertechnologypc.com\/","logo":{"@type":"ImageObject","inLanguage":"en-US","@id":"https:\/\/makertechnologypc.com\/#\/schema\/logo\/image\/","url":"https:\/\/makertechnologypc.com\/wp-content\/uploads\/2025\/09\/makertechnology-logo-2.png","contentUrl":"https:\/\/makertechnologypc.com\/wp-content\/uploads\/2025\/09\/makertechnology-logo-2.png","width":125,"height":140,"caption":"makertechnology"},"image":{"@id":"https:\/\/makertechnologypc.com\/#\/schema\/logo\/image\/"},"sameAs":["https:\/\/www.facebook.com\/people\/MakerTechnology\/61552346566079\/","https:\/\/www.instagram.com\/makertechnology82\/"]}]}},"_links":{"self":[{"href":"https:\/\/makertechnologypc.com\/en\/wp-json\/wp\/v2\/product\/1755","targetHints":{"allow":["GET"]}}],"collection":[{"href":"https:\/\/makertechnologypc.com\/en\/wp-json\/wp\/v2\/product"}],"about":[{"href":"https:\/\/makertechnologypc.com\/en\/wp-json\/wp\/v2\/types\/product"}],"replies":[{"embeddable":true,"href":"https:\/\/makertechnologypc.com\/en\/wp-json\/wp\/v2\/comments?post=1755"}],"wp:featuredmedia":[{"embeddable":true,"href":"https:\/\/makertechnologypc.com\/en\/wp-json\/wp\/v2\/media\/1758"}],"wp:attachment":[{"href":"https:\/\/makertechnologypc.com\/en\/wp-json\/wp\/v2\/media?parent=1755"}],"wp:term":[{"taxonomy":"product_brand","embeddable":true,"href":"https:\/\/makertechnologypc.com\/en\/wp-json\/wp\/v2\/product_brand?post=1755"},{"taxonomy":"product_cat","embeddable":true,"href":"https:\/\/makertechnologypc.com\/en\/wp-json\/wp\/v2\/product_cat?post=1755"},{"taxonomy":"product_tag","embeddable":true,"href":"https:\/\/makertechnologypc.com\/en\/wp-json\/wp\/v2\/product_tag?post=1755"}],"curies":[{"name":"wp","href":"https:\/\/api.w.org\/{rel}","templated":true}]}}