{"id":1765,"date":"2025-08-26T14:15:26","date_gmt":"2025-08-26T19:15:26","guid":{"rendered":"https:\/\/makertechnologypc.com\/?post_type=product&#038;p=1765"},"modified":"2025-09-08T12:36:35","modified_gmt":"2025-09-08T17:36:35","slug":"chasis-cougar-uniface-rgb-negro-fans4","status":"publish","type":"product","link":"https:\/\/makertechnologypc.com\/en\/product\/chasis-cougar-uniface-rgb-negro-fans4\/","title":{"rendered":"Gabinete Cougar uniface RGB negro Fans+4"},"content":{"rendered":"<div class=\"aux-col\">\n<p>Nombre del producto: Uniface RGB<\/p>\n<\/div>\n<div class=\"aux-col\">\n<p>Factor de forma de la caja:\u00a0Torre media<\/p>\n<\/div>\n<div class=\"aux-col\">\n<p>Tipo de placa base:\u00a0Mini-ITX \/ Micro-ATX \/ ATX \/ CEB \/ E-ATX<\/p>\n<\/div>\n<div class=\"aux-col\">\n<p>Dimensiones (Ancho x Alto x Profundidad):\u00a0230 x 493 x 475 (mm), 9,1 x 19,4 x 18,7 (pulgadas)<\/p>\n<\/div>\n<div class=\"aux-col\">\n<p>Panel de E\/S: Tipo C Gen 2 x 1, USB 3.0 x 2, conector de audio para auriculares de 4 polos x 1, bot\u00f3n RGB<\/p>\n<\/div>\n<div class=\"aux-col\">\n<p>Bah\u00eda de unidad de 3,5\u2033: 2<\/p>\n<\/div>\n<div class=\"aux-col\">\n<p>Bah\u00eda de unidad de 2,5\u2033:\u00a02+1 (convertido a partir de bah\u00edas de unidad de 3,5\u2033)<\/p>\n<\/div>\n<div class=\"aux-col\">\n<p>Ranuras de expansi\u00f3n:\u00a07 (las ranuras horizontales se pueden convertir en ranuras verticales)<\/p>\n<\/div>\n<div class=\"aux-col\">\n<p>Compatibilidad con GPU verticales: S\u00ed<\/p>\n<\/div>\n<div class=\"aux-col\">\n<p>Soporte de ventilador de refrigeraci\u00f3n:<\/p>\n<ul>\n<li>Frente: 120 mm x 3 \/ 140 mm x 3<\/li>\n<li>Arriba: 120 mm x 3 \/ 140 mm x 2<\/li>\n<\/ul>\n<div class=\"aux-col\">\n<ul>\n<li>Lado M\/B: 120 mm x 2<\/li>\n<li>Trasero: 120 mm x 1 \/ 140 mm x 1<\/li>\n<\/ul>\n<\/div>\n<div class=\"aux-col\">\n<p>Ventiladores preinstalados:<\/p>\n<ul>\n<li>Frente: Ventilador ARGB de 120 mm x 3<\/li>\n<li>Trasero: Ventilador ARGB de 120 mm x 1<\/li>\n<li>Velocidad: Ventilador ARGB de 120 mm: 1200 \u00b1 10 % RPM<\/li>\n<li>Conector: 5 V 3 pines (ARGB) \/ 3 pines (ventilador)<\/li>\n<\/ul>\n<\/div>\n<div class=\"aux-col\">\n<p>N\u00famero m\u00e1ximo de fans: 9<\/p>\n<\/div>\n<p>&nbsp;<\/p>\n<\/div>","protected":false},"excerpt":{"rendered":"<p>El Chasis Cougar Uniface RGB Black combina estilo y rendimiento para ofrecer una experiencia gaming de alto nivel. Incluye 4 ventiladores RGB preinstalados, que aseguran un flujo de aire eficiente y al mismo tiempo aportan una iluminaci\u00f3n personalizable para darle un toque \u00fanico a tu setup. Su panel lateral de vidrio templado permite exhibir los componentes internos con un acabado moderno y elegante, mientras que su interior espacioso facilita la instalaci\u00f3n de tarjetas gr\u00e1ficas de gran tama\u00f1o y sistemas de refrigeraci\u00f3n l\u00edquida. Adem\u00e1s, cuenta con una estructura robusta en color negro y un sistema optimizado de gesti\u00f3n de cables, lo que garantiza un ensamble limpio, ordenado y con un aspecto profesional.<\/p>","protected":false},"featured_media":1766,"comment_status":"open","ping_status":"closed","template":"","meta":[],"product_brand":[37],"product_cat":[25],"product_tag":[27,38],"class_list":{"0":"post-1765","1":"product","2":"type-product","3":"status-publish","4":"has-post-thumbnail","6":"product_brand-cougar","7":"product_cat-gabinetes","8":"product_tag-chasis","9":"product_tag-cougar","11":"first","12":"instock","13":"shipping-taxable","14":"purchasable","15":"product-type-simple"},"yoast_head":"<!-- This site is optimized with the Yoast SEO plugin v27.4 - https:\/\/yoast.com\/product\/yoast-seo-wordpress\/ -->\n<title>Gabinete Cougar uniface RGB negro Fans+4 - Makertechnology<\/title>\n<meta name=\"robots\" content=\"index, follow, max-snippet:-1, max-image-preview:large, max-video-preview:-1\" \/>\n<link rel=\"canonical\" href=\"https:\/\/makertechnologypc.com\/en\/product\/chasis-cougar-uniface-rgb-negro-fans4\/\" \/>\n<meta property=\"og:locale\" content=\"en_US\" \/>\n<meta property=\"og:type\" content=\"article\" \/>\n<meta property=\"og:title\" content=\"Gabinete Cougar uniface RGB negro Fans+4 - Makertechnology\" \/>\n<meta property=\"og:description\" content=\"El Chasis Cougar Uniface RGB Black combina estilo y rendimiento para ofrecer una experiencia gaming de alto nivel. Incluye 4 ventiladores RGB preinstalados, que aseguran un flujo de aire eficiente y al mismo tiempo aportan una iluminaci\u00f3n personalizable para darle un toque \u00fanico a tu setup. Su panel lateral de vidrio templado permite exhibir los componentes internos con un acabado moderno y elegante, mientras que su interior espacioso facilita la instalaci\u00f3n de tarjetas gr\u00e1ficas de gran tama\u00f1o y sistemas de refrigeraci\u00f3n l\u00edquida. Adem\u00e1s, cuenta con una estructura robusta en color negro y un sistema optimizado de gesti\u00f3n de cables, lo que garantiza un ensamble limpio, ordenado y con un aspecto profesional.\" \/>\n<meta property=\"og:url\" content=\"https:\/\/makertechnologypc.com\/en\/product\/chasis-cougar-uniface-rgb-negro-fans4\/\" \/>\n<meta property=\"og:site_name\" content=\"Makertechnology\" \/>\n<meta property=\"article:publisher\" content=\"https:\/\/www.facebook.com\/people\/MakerTechnology\/61552346566079\/\" \/>\n<meta property=\"article:modified_time\" content=\"2025-09-08T17:36:35+00:00\" \/>\n<meta property=\"og:image\" content=\"https:\/\/makertechnologypc.com\/wp-content\/uploads\/2025\/08\/CHASIS-COUGAR-UNIFACE-RGB-BLACK-4-FANS-1.jpg\" \/>\n\t<meta property=\"og:image:width\" content=\"1300\" \/>\n\t<meta property=\"og:image:height\" content=\"1300\" \/>\n\t<meta property=\"og:image:type\" content=\"image\/jpeg\" \/>\n<meta name=\"twitter:card\" content=\"summary_large_image\" \/>\n<meta name=\"twitter:label1\" content=\"Est. reading time\" \/>\n\t<meta name=\"twitter:data1\" content=\"1 minute\" \/>\n<script type=\"application\/ld+json\" class=\"yoast-schema-graph\">{\"@context\":\"https:\\\/\\\/schema.org\",\"@graph\":[{\"@type\":\"WebPage\",\"@id\":\"https:\\\/\\\/makertechnologypc.com\\\/product\\\/chasis-cougar-uniface-rgb-negro-fans4\\\/\",\"url\":\"https:\\\/\\\/makertechnologypc.com\\\/product\\\/chasis-cougar-uniface-rgb-negro-fans4\\\/\",\"name\":\"Gabinete Cougar uniface RGB negro Fans+4 - Makertechnology\",\"isPartOf\":{\"@id\":\"https:\\\/\\\/makertechnologypc.com\\\/#website\"},\"primaryImageOfPage\":{\"@id\":\"https:\\\/\\\/makertechnologypc.com\\\/product\\\/chasis-cougar-uniface-rgb-negro-fans4\\\/#primaryimage\"},\"image\":{\"@id\":\"https:\\\/\\\/makertechnologypc.com\\\/product\\\/chasis-cougar-uniface-rgb-negro-fans4\\\/#primaryimage\"},\"thumbnailUrl\":\"https:\\\/\\\/makertechnologypc.com\\\/wp-content\\\/uploads\\\/2025\\\/08\\\/CHASIS-COUGAR-UNIFACE-RGB-BLACK-4-FANS-1.jpg\",\"datePublished\":\"2025-08-26T19:15:26+00:00\",\"dateModified\":\"2025-09-08T17:36:35+00:00\",\"breadcrumb\":{\"@id\":\"https:\\\/\\\/makertechnologypc.com\\\/product\\\/chasis-cougar-uniface-rgb-negro-fans4\\\/#breadcrumb\"},\"inLanguage\":\"en-US\",\"potentialAction\":[{\"@type\":\"ReadAction\",\"target\":[\"https:\\\/\\\/makertechnologypc.com\\\/product\\\/chasis-cougar-uniface-rgb-negro-fans4\\\/\"]}]},{\"@type\":\"ImageObject\",\"inLanguage\":\"en-US\",\"@id\":\"https:\\\/\\\/makertechnologypc.com\\\/product\\\/chasis-cougar-uniface-rgb-negro-fans4\\\/#primaryimage\",\"url\":\"https:\\\/\\\/makertechnologypc.com\\\/wp-content\\\/uploads\\\/2025\\\/08\\\/CHASIS-COUGAR-UNIFACE-RGB-BLACK-4-FANS-1.jpg\",\"contentUrl\":\"https:\\\/\\\/makertechnologypc.com\\\/wp-content\\\/uploads\\\/2025\\\/08\\\/CHASIS-COUGAR-UNIFACE-RGB-BLACK-4-FANS-1.jpg\",\"width\":1300,\"height\":1300},{\"@type\":\"BreadcrumbList\",\"@id\":\"https:\\\/\\\/makertechnologypc.com\\\/product\\\/chasis-cougar-uniface-rgb-negro-fans4\\\/#breadcrumb\",\"itemListElement\":[{\"@type\":\"ListItem\",\"position\":1,\"name\":\"Inicio\",\"item\":\"https:\\\/\\\/makertechnologypc.com\\\/\"},{\"@type\":\"ListItem\",\"position\":2,\"name\":\"Tienda\",\"item\":\"https:\\\/\\\/makertechnologypc.com\\\/tienda-de-pc-gamer-y-profesional\\\/\"},{\"@type\":\"ListItem\",\"position\":3,\"name\":\"Gabinete Cougar uniface RGB negro Fans+4\"}]},{\"@type\":\"WebSite\",\"@id\":\"https:\\\/\\\/makertechnologypc.com\\\/#website\",\"url\":\"https:\\\/\\\/makertechnologypc.com\\\/\",\"name\":\"makertechnology\",\"description\":\"Arma tu PC gamer o profesional en Colombia. Componentes premium, ensamble experto y hardware para rendimiento, gaming y productividad.\",\"publisher\":{\"@id\":\"https:\\\/\\\/makertechnologypc.com\\\/#organization\"},\"alternateName\":\"makertechnologypc\",\"potentialAction\":[{\"@type\":\"SearchAction\",\"target\":{\"@type\":\"EntryPoint\",\"urlTemplate\":\"https:\\\/\\\/makertechnologypc.com\\\/?s={search_term_string}\"},\"query-input\":{\"@type\":\"PropertyValueSpecification\",\"valueRequired\":true,\"valueName\":\"search_term_string\"}}],\"inLanguage\":\"en-US\"},{\"@type\":\"Organization\",\"@id\":\"https:\\\/\\\/makertechnologypc.com\\\/#organization\",\"name\":\"makertechnology\",\"alternateName\":\"makertechnology\",\"url\":\"https:\\\/\\\/makertechnologypc.com\\\/\",\"logo\":{\"@type\":\"ImageObject\",\"inLanguage\":\"en-US\",\"@id\":\"https:\\\/\\\/makertechnologypc.com\\\/#\\\/schema\\\/logo\\\/image\\\/\",\"url\":\"https:\\\/\\\/makertechnologypc.com\\\/wp-content\\\/uploads\\\/2025\\\/09\\\/makertechnology-logo-2.png\",\"contentUrl\":\"https:\\\/\\\/makertechnologypc.com\\\/wp-content\\\/uploads\\\/2025\\\/09\\\/makertechnology-logo-2.png\",\"width\":125,\"height\":140,\"caption\":\"makertechnology\"},\"image\":{\"@id\":\"https:\\\/\\\/makertechnologypc.com\\\/#\\\/schema\\\/logo\\\/image\\\/\"},\"sameAs\":[\"https:\\\/\\\/www.facebook.com\\\/people\\\/MakerTechnology\\\/61552346566079\\\/\",\"https:\\\/\\\/www.instagram.com\\\/makertechnology82\\\/\"]}]}<\/script>\n<!-- \/ Yoast SEO plugin. -->","yoast_head_json":{"title":"Gabinete Cougar uniface RGB negro Fans+4 - Makertechnology","robots":{"index":"index","follow":"follow","max-snippet":"max-snippet:-1","max-image-preview":"max-image-preview:large","max-video-preview":"max-video-preview:-1"},"canonical":"https:\/\/makertechnologypc.com\/en\/product\/chasis-cougar-uniface-rgb-negro-fans4\/","og_locale":"en_US","og_type":"article","og_title":"Gabinete Cougar uniface RGB negro Fans+4 - Makertechnology","og_description":"El Chasis Cougar Uniface RGB Black combina estilo y rendimiento para ofrecer una experiencia gaming de alto nivel. Incluye 4 ventiladores RGB preinstalados, que aseguran un flujo de aire eficiente y al mismo tiempo aportan una iluminaci\u00f3n personalizable para darle un toque \u00fanico a tu setup. Su panel lateral de vidrio templado permite exhibir los componentes internos con un acabado moderno y elegante, mientras que su interior espacioso facilita la instalaci\u00f3n de tarjetas gr\u00e1ficas de gran tama\u00f1o y sistemas de refrigeraci\u00f3n l\u00edquida. Adem\u00e1s, cuenta con una estructura robusta en color negro y un sistema optimizado de gesti\u00f3n de cables, lo que garantiza un ensamble limpio, ordenado y con un aspecto profesional.","og_url":"https:\/\/makertechnologypc.com\/en\/product\/chasis-cougar-uniface-rgb-negro-fans4\/","og_site_name":"Makertechnology","article_publisher":"https:\/\/www.facebook.com\/people\/MakerTechnology\/61552346566079\/","article_modified_time":"2025-09-08T17:36:35+00:00","og_image":[{"width":1300,"height":1300,"url":"https:\/\/makertechnologypc.com\/wp-content\/uploads\/2025\/08\/CHASIS-COUGAR-UNIFACE-RGB-BLACK-4-FANS-1.jpg","type":"image\/jpeg"}],"twitter_card":"summary_large_image","twitter_misc":{"Est. reading time":"1 minute"},"schema":{"@context":"https:\/\/schema.org","@graph":[{"@type":"WebPage","@id":"https:\/\/makertechnologypc.com\/product\/chasis-cougar-uniface-rgb-negro-fans4\/","url":"https:\/\/makertechnologypc.com\/product\/chasis-cougar-uniface-rgb-negro-fans4\/","name":"Gabinete Cougar uniface RGB negro Fans+4 - Makertechnology","isPartOf":{"@id":"https:\/\/makertechnologypc.com\/#website"},"primaryImageOfPage":{"@id":"https:\/\/makertechnologypc.com\/product\/chasis-cougar-uniface-rgb-negro-fans4\/#primaryimage"},"image":{"@id":"https:\/\/makertechnologypc.com\/product\/chasis-cougar-uniface-rgb-negro-fans4\/#primaryimage"},"thumbnailUrl":"https:\/\/makertechnologypc.com\/wp-content\/uploads\/2025\/08\/CHASIS-COUGAR-UNIFACE-RGB-BLACK-4-FANS-1.jpg","datePublished":"2025-08-26T19:15:26+00:00","dateModified":"2025-09-08T17:36:35+00:00","breadcrumb":{"@id":"https:\/\/makertechnologypc.com\/product\/chasis-cougar-uniface-rgb-negro-fans4\/#breadcrumb"},"inLanguage":"en-US","potentialAction":[{"@type":"ReadAction","target":["https:\/\/makertechnologypc.com\/product\/chasis-cougar-uniface-rgb-negro-fans4\/"]}]},{"@type":"ImageObject","inLanguage":"en-US","@id":"https:\/\/makertechnologypc.com\/product\/chasis-cougar-uniface-rgb-negro-fans4\/#primaryimage","url":"https:\/\/makertechnologypc.com\/wp-content\/uploads\/2025\/08\/CHASIS-COUGAR-UNIFACE-RGB-BLACK-4-FANS-1.jpg","contentUrl":"https:\/\/makertechnologypc.com\/wp-content\/uploads\/2025\/08\/CHASIS-COUGAR-UNIFACE-RGB-BLACK-4-FANS-1.jpg","width":1300,"height":1300},{"@type":"BreadcrumbList","@id":"https:\/\/makertechnologypc.com\/product\/chasis-cougar-uniface-rgb-negro-fans4\/#breadcrumb","itemListElement":[{"@type":"ListItem","position":1,"name":"Inicio","item":"https:\/\/makertechnologypc.com\/"},{"@type":"ListItem","position":2,"name":"Tienda","item":"https:\/\/makertechnologypc.com\/tienda-de-pc-gamer-y-profesional\/"},{"@type":"ListItem","position":3,"name":"Gabinete Cougar uniface RGB negro Fans+4"}]},{"@type":"WebSite","@id":"https:\/\/makertechnologypc.com\/#website","url":"https:\/\/makertechnologypc.com\/","name":"makertechnology","description":"Arma tu PC gamer o profesional en Colombia. Componentes premium, ensamble experto y hardware para rendimiento, gaming y productividad.","publisher":{"@id":"https:\/\/makertechnologypc.com\/#organization"},"alternateName":"makertechnologypc","potentialAction":[{"@type":"SearchAction","target":{"@type":"EntryPoint","urlTemplate":"https:\/\/makertechnologypc.com\/?s={search_term_string}"},"query-input":{"@type":"PropertyValueSpecification","valueRequired":true,"valueName":"search_term_string"}}],"inLanguage":"en-US"},{"@type":"Organization","@id":"https:\/\/makertechnologypc.com\/#organization","name":"makertechnology","alternateName":"makertechnology","url":"https:\/\/makertechnologypc.com\/","logo":{"@type":"ImageObject","inLanguage":"en-US","@id":"https:\/\/makertechnologypc.com\/#\/schema\/logo\/image\/","url":"https:\/\/makertechnologypc.com\/wp-content\/uploads\/2025\/09\/makertechnology-logo-2.png","contentUrl":"https:\/\/makertechnologypc.com\/wp-content\/uploads\/2025\/09\/makertechnology-logo-2.png","width":125,"height":140,"caption":"makertechnology"},"image":{"@id":"https:\/\/makertechnologypc.com\/#\/schema\/logo\/image\/"},"sameAs":["https:\/\/www.facebook.com\/people\/MakerTechnology\/61552346566079\/","https:\/\/www.instagram.com\/makertechnology82\/"]}]}},"_links":{"self":[{"href":"https:\/\/makertechnologypc.com\/en\/wp-json\/wp\/v2\/product\/1765","targetHints":{"allow":["GET"]}}],"collection":[{"href":"https:\/\/makertechnologypc.com\/en\/wp-json\/wp\/v2\/product"}],"about":[{"href":"https:\/\/makertechnologypc.com\/en\/wp-json\/wp\/v2\/types\/product"}],"replies":[{"embeddable":true,"href":"https:\/\/makertechnologypc.com\/en\/wp-json\/wp\/v2\/comments?post=1765"}],"wp:featuredmedia":[{"embeddable":true,"href":"https:\/\/makertechnologypc.com\/en\/wp-json\/wp\/v2\/media\/1766"}],"wp:attachment":[{"href":"https:\/\/makertechnologypc.com\/en\/wp-json\/wp\/v2\/media?parent=1765"}],"wp:term":[{"taxonomy":"product_brand","embeddable":true,"href":"https:\/\/makertechnologypc.com\/en\/wp-json\/wp\/v2\/product_brand?post=1765"},{"taxonomy":"product_cat","embeddable":true,"href":"https:\/\/makertechnologypc.com\/en\/wp-json\/wp\/v2\/product_cat?post=1765"},{"taxonomy":"product_tag","embeddable":true,"href":"https:\/\/makertechnologypc.com\/en\/wp-json\/wp\/v2\/product_tag?post=1765"}],"curies":[{"name":"wp","href":"https:\/\/api.w.org\/{rel}","templated":true}]}}