{"id":1796,"date":"2025-08-26T15:25:05","date_gmt":"2025-08-26T20:25:05","guid":{"rendered":"https:\/\/makertechnologypc.com\/?post_type=product&#038;p=1796"},"modified":"2025-09-08T12:35:13","modified_gmt":"2025-09-08T17:35:13","slug":"chasis-hyte-y60-negro-negro","status":"publish","type":"product","link":"https:\/\/makertechnologypc.com\/en\/product\/chasis-hyte-y60-negro-negro\/","title":{"rendered":"Gabinete Hyte Y60 Negro\/negro"},"content":{"rendered":"<ul>\n<li class=\"text-normal font-bold mb-1\">Tipo \u2013 Caja ATX de torre media de doble c\u00e1mara<\/li>\n<li>\n<p class=\"text-normal font-bold mb-1\">Peso de la caja \u2013 9,6 kg<\/p>\n<\/li>\n<li>\n<p class=\"text-normal font-bold mb-1\">Materiales de la caja \u2013 Vidrio templado, Acero, ABS<\/p>\n<\/li>\n<li>\n<p class=\"text-normal font-bold mb-1\">Fuente de alimentaci\u00f3n \u2013 ATX de hasta 235 mm de longitud<\/p>\n<\/li>\n<li>\n<p class=\"text-normal font-bold mb-1\">Ventilador de Soporte (Superior) \u2013 3x 120mm<\/p>\n<\/li>\n<li>\n<p class=\"text-normal font-bold mb-1\">Soporte del radiador (lateral) \u2013 120, 140, 240, 280 mm hasta 150 mm de espesor<\/p>\n<\/li>\n<li>\n<p class=\"text-normal font-bold mb-1\">Altura del enfriador de CPU \u2013 160 mm*<\/p>\n<\/li>\n<li>\n<p class=\"text-normal font-bold mb-1\">Riser PCI Express \u2013 4.0 x 16 (incluido)<\/p>\n<\/li>\n<li>\n<p class=\"text-normal font-bold mb-1\">Volumen \u2013 60L<\/p>\n<\/li>\n<li>\n<p class=\"text-normal font-bold mb-1\">Dimensiones de la caja en la caja \u2013 535mm (L) x 372mm (W) x 540mm (H)<\/p>\n<\/li>\n<li>\n<p class=\"text-normal font-bold mb-1\">Dimensiones m\u00e1ximas de la tarjeta de video \u2013 375 mm de largo, 75 mm de ancho (se recomiendan 60 mm o menos para una mejor refrigeraci\u00f3n)<\/p>\n<\/li>\n<li>\n<p class=\"text-normal font-bold mb-1\">Ventilador de soporte (trasero) \u2013 1x 120mm (1x 120mm, 1300 RPM incluido)<\/p>\n<\/li>\n<li>\n<p class=\"text-normal font-bold mb-1\">Soporte de Radiador (Superior) \u2013 120, 240, 360 mm hasta 30 mm de espesor<\/p>\n<\/li>\n<li>\n<p class=\"text-normal font-bold mb-1\">Almacenamiento \u2013 2x 3.5\u2033 HDD o 4x 2.5\u2033 SSD<\/p>\n<\/li>\n<li>\n<p class=\"text-normal font-bold mb-1\">Dimensiones de la caja \u2013 456mm (L) x 285mm (W) x 462mm (H)<\/p>\n<\/li>\n<li>\n<p class=\"text-normal font-bold mb-1\">Peso de la caja en la caja \u2013 11,3 kg<\/p>\n<\/li>\n<\/ul>","protected":false},"excerpt":{"rendered":"<p>Gabinete Mid-Tower de 60 L con construcci\u00f3n en ABS, acero y vidrio templado panor\u00e1mico de 3 piezas. Soporta placas E-ATX y GPUs de hasta 375 mm. Montaje vertical de GPU con riser PCIe 4.0 incluido. Dise\u00f1o de doble c\u00e1mara con s\u00f3tano para refrigeraci\u00f3n eficiente y gesti\u00f3n impecable de cables. Incluye 3 ventiladores Flow FE12 preinstalados, varios puntos de montaje para ventiladores y radiadores (hasta 360 mm), respaldo completo en conectividad (USB 3.2 Gen 1, USB-C Gen 2, audio), soporte para HDD\/SSD convertibles, filtros antipolvo y cuidado por los detalles. Perfecto para quienes buscan un escaparate elegante para su build, aunque requiere escritorio espacioso y montaje cuidadoso<\/p>","protected":false},"featured_media":2162,"comment_status":"open","ping_status":"closed","template":"","meta":[],"product_brand":[32],"product_cat":[25],"product_tag":[27,33],"class_list":{"0":"post-1796","1":"product","2":"type-product","3":"status-publish","4":"has-post-thumbnail","6":"product_brand-hyte","7":"product_cat-gabinetes","8":"product_tag-chasis","9":"product_tag-hyte","11":"first","12":"instock","13":"shipping-taxable","14":"purchasable","15":"product-type-simple"},"yoast_head":"<!-- This site is optimized with the Yoast SEO plugin v27.4 - https:\/\/yoast.com\/product\/yoast-seo-wordpress\/ -->\n<title>Gabinete Hyte Y60 Negro\/negro - Makertechnology<\/title>\n<meta name=\"robots\" content=\"index, follow, max-snippet:-1, max-image-preview:large, max-video-preview:-1\" \/>\n<link rel=\"canonical\" href=\"https:\/\/makertechnologypc.com\/en\/product\/chasis-hyte-y60-negro-negro\/\" \/>\n<meta property=\"og:locale\" content=\"en_US\" \/>\n<meta property=\"og:type\" content=\"article\" \/>\n<meta property=\"og:title\" content=\"Gabinete Hyte Y60 Negro\/negro - Makertechnology\" \/>\n<meta property=\"og:description\" content=\"Gabinete Mid-Tower de 60 L con construcci\u00f3n en ABS, acero y vidrio templado panor\u00e1mico de 3 piezas. Soporta placas E-ATX y GPUs de hasta 375 mm. Montaje vertical de GPU con riser PCIe 4.0 incluido. Dise\u00f1o de doble c\u00e1mara con s\u00f3tano para refrigeraci\u00f3n eficiente y gesti\u00f3n impecable de cables. Incluye 3 ventiladores Flow FE12 preinstalados, varios puntos de montaje para ventiladores y radiadores (hasta 360 mm), respaldo completo en conectividad (USB 3.2 Gen 1, USB-C Gen 2, audio), soporte para HDD\/SSD convertibles, filtros antipolvo y cuidado por los detalles. Perfecto para quienes buscan un escaparate elegante para su build, aunque requiere escritorio espacioso y montaje cuidadoso\" \/>\n<meta property=\"og:url\" content=\"https:\/\/makertechnologypc.com\/en\/product\/chasis-hyte-y60-negro-negro\/\" \/>\n<meta property=\"og:site_name\" content=\"Makertechnology\" \/>\n<meta property=\"article:publisher\" content=\"https:\/\/www.facebook.com\/people\/MakerTechnology\/61552346566079\/\" \/>\n<meta property=\"article:modified_time\" content=\"2025-09-08T17:35:13+00:00\" \/>\n<meta property=\"og:image\" content=\"https:\/\/makertechnologypc.com\/wp-content\/uploads\/2025\/08\/Y60-1-1.png\" \/>\n\t<meta property=\"og:image:width\" content=\"1000\" \/>\n\t<meta property=\"og:image:height\" content=\"1000\" \/>\n\t<meta property=\"og:image:type\" content=\"image\/png\" \/>\n<meta name=\"twitter:card\" content=\"summary_large_image\" \/>\n<meta name=\"twitter:label1\" content=\"Est. reading time\" \/>\n\t<meta name=\"twitter:data1\" content=\"1 minute\" \/>\n<script type=\"application\/ld+json\" class=\"yoast-schema-graph\">{\"@context\":\"https:\\\/\\\/schema.org\",\"@graph\":[{\"@type\":\"WebPage\",\"@id\":\"https:\\\/\\\/makertechnologypc.com\\\/product\\\/chasis-hyte-y60-negro-negro\\\/\",\"url\":\"https:\\\/\\\/makertechnologypc.com\\\/product\\\/chasis-hyte-y60-negro-negro\\\/\",\"name\":\"Gabinete Hyte Y60 Negro\\\/negro - Makertechnology\",\"isPartOf\":{\"@id\":\"https:\\\/\\\/makertechnologypc.com\\\/#website\"},\"primaryImageOfPage\":{\"@id\":\"https:\\\/\\\/makertechnologypc.com\\\/product\\\/chasis-hyte-y60-negro-negro\\\/#primaryimage\"},\"image\":{\"@id\":\"https:\\\/\\\/makertechnologypc.com\\\/product\\\/chasis-hyte-y60-negro-negro\\\/#primaryimage\"},\"thumbnailUrl\":\"https:\\\/\\\/makertechnologypc.com\\\/wp-content\\\/uploads\\\/2025\\\/08\\\/Y60-1-1.png\",\"datePublished\":\"2025-08-26T20:25:05+00:00\",\"dateModified\":\"2025-09-08T17:35:13+00:00\",\"breadcrumb\":{\"@id\":\"https:\\\/\\\/makertechnologypc.com\\\/product\\\/chasis-hyte-y60-negro-negro\\\/#breadcrumb\"},\"inLanguage\":\"en-US\",\"potentialAction\":[{\"@type\":\"ReadAction\",\"target\":[\"https:\\\/\\\/makertechnologypc.com\\\/product\\\/chasis-hyte-y60-negro-negro\\\/\"]}]},{\"@type\":\"ImageObject\",\"inLanguage\":\"en-US\",\"@id\":\"https:\\\/\\\/makertechnologypc.com\\\/product\\\/chasis-hyte-y60-negro-negro\\\/#primaryimage\",\"url\":\"https:\\\/\\\/makertechnologypc.com\\\/wp-content\\\/uploads\\\/2025\\\/08\\\/Y60-1-1.png\",\"contentUrl\":\"https:\\\/\\\/makertechnologypc.com\\\/wp-content\\\/uploads\\\/2025\\\/08\\\/Y60-1-1.png\",\"width\":1000,\"height\":1000},{\"@type\":\"BreadcrumbList\",\"@id\":\"https:\\\/\\\/makertechnologypc.com\\\/product\\\/chasis-hyte-y60-negro-negro\\\/#breadcrumb\",\"itemListElement\":[{\"@type\":\"ListItem\",\"position\":1,\"name\":\"Inicio\",\"item\":\"https:\\\/\\\/makertechnologypc.com\\\/\"},{\"@type\":\"ListItem\",\"position\":2,\"name\":\"Tienda\",\"item\":\"https:\\\/\\\/makertechnologypc.com\\\/tienda-de-pc-gamer-y-profesional\\\/\"},{\"@type\":\"ListItem\",\"position\":3,\"name\":\"Gabinete Hyte Y60 Negro\\\/negro\"}]},{\"@type\":\"WebSite\",\"@id\":\"https:\\\/\\\/makertechnologypc.com\\\/#website\",\"url\":\"https:\\\/\\\/makertechnologypc.com\\\/\",\"name\":\"makertechnology\",\"description\":\"Arma tu PC gamer o profesional en Colombia. Componentes premium, ensamble experto y hardware para rendimiento, gaming y productividad.\",\"publisher\":{\"@id\":\"https:\\\/\\\/makertechnologypc.com\\\/#organization\"},\"alternateName\":\"makertechnologypc\",\"potentialAction\":[{\"@type\":\"SearchAction\",\"target\":{\"@type\":\"EntryPoint\",\"urlTemplate\":\"https:\\\/\\\/makertechnologypc.com\\\/?s={search_term_string}\"},\"query-input\":{\"@type\":\"PropertyValueSpecification\",\"valueRequired\":true,\"valueName\":\"search_term_string\"}}],\"inLanguage\":\"en-US\"},{\"@type\":\"Organization\",\"@id\":\"https:\\\/\\\/makertechnologypc.com\\\/#organization\",\"name\":\"makertechnology\",\"alternateName\":\"makertechnology\",\"url\":\"https:\\\/\\\/makertechnologypc.com\\\/\",\"logo\":{\"@type\":\"ImageObject\",\"inLanguage\":\"en-US\",\"@id\":\"https:\\\/\\\/makertechnologypc.com\\\/#\\\/schema\\\/logo\\\/image\\\/\",\"url\":\"https:\\\/\\\/makertechnologypc.com\\\/wp-content\\\/uploads\\\/2025\\\/09\\\/makertechnology-logo-2.png\",\"contentUrl\":\"https:\\\/\\\/makertechnologypc.com\\\/wp-content\\\/uploads\\\/2025\\\/09\\\/makertechnology-logo-2.png\",\"width\":125,\"height\":140,\"caption\":\"makertechnology\"},\"image\":{\"@id\":\"https:\\\/\\\/makertechnologypc.com\\\/#\\\/schema\\\/logo\\\/image\\\/\"},\"sameAs\":[\"https:\\\/\\\/www.facebook.com\\\/people\\\/MakerTechnology\\\/61552346566079\\\/\",\"https:\\\/\\\/www.instagram.com\\\/makertechnology82\\\/\"]}]}<\/script>\n<!-- \/ Yoast SEO plugin. -->","yoast_head_json":{"title":"Gabinete Hyte Y60 Negro\/negro - Makertechnology","robots":{"index":"index","follow":"follow","max-snippet":"max-snippet:-1","max-image-preview":"max-image-preview:large","max-video-preview":"max-video-preview:-1"},"canonical":"https:\/\/makertechnologypc.com\/en\/product\/chasis-hyte-y60-negro-negro\/","og_locale":"en_US","og_type":"article","og_title":"Gabinete Hyte Y60 Negro\/negro - Makertechnology","og_description":"Gabinete Mid-Tower de 60 L con construcci\u00f3n en ABS, acero y vidrio templado panor\u00e1mico de 3 piezas. Soporta placas E-ATX y GPUs de hasta 375 mm. Montaje vertical de GPU con riser PCIe 4.0 incluido. Dise\u00f1o de doble c\u00e1mara con s\u00f3tano para refrigeraci\u00f3n eficiente y gesti\u00f3n impecable de cables. Incluye 3 ventiladores Flow FE12 preinstalados, varios puntos de montaje para ventiladores y radiadores (hasta 360 mm), respaldo completo en conectividad (USB 3.2 Gen 1, USB-C Gen 2, audio), soporte para HDD\/SSD convertibles, filtros antipolvo y cuidado por los detalles. Perfecto para quienes buscan un escaparate elegante para su build, aunque requiere escritorio espacioso y montaje cuidadoso","og_url":"https:\/\/makertechnologypc.com\/en\/product\/chasis-hyte-y60-negro-negro\/","og_site_name":"Makertechnology","article_publisher":"https:\/\/www.facebook.com\/people\/MakerTechnology\/61552346566079\/","article_modified_time":"2025-09-08T17:35:13+00:00","og_image":[{"width":1000,"height":1000,"url":"https:\/\/makertechnologypc.com\/wp-content\/uploads\/2025\/08\/Y60-1-1.png","type":"image\/png"}],"twitter_card":"summary_large_image","twitter_misc":{"Est. reading time":"1 minute"},"schema":{"@context":"https:\/\/schema.org","@graph":[{"@type":"WebPage","@id":"https:\/\/makertechnologypc.com\/product\/chasis-hyte-y60-negro-negro\/","url":"https:\/\/makertechnologypc.com\/product\/chasis-hyte-y60-negro-negro\/","name":"Gabinete Hyte Y60 Negro\/negro - Makertechnology","isPartOf":{"@id":"https:\/\/makertechnologypc.com\/#website"},"primaryImageOfPage":{"@id":"https:\/\/makertechnologypc.com\/product\/chasis-hyte-y60-negro-negro\/#primaryimage"},"image":{"@id":"https:\/\/makertechnologypc.com\/product\/chasis-hyte-y60-negro-negro\/#primaryimage"},"thumbnailUrl":"https:\/\/makertechnologypc.com\/wp-content\/uploads\/2025\/08\/Y60-1-1.png","datePublished":"2025-08-26T20:25:05+00:00","dateModified":"2025-09-08T17:35:13+00:00","breadcrumb":{"@id":"https:\/\/makertechnologypc.com\/product\/chasis-hyte-y60-negro-negro\/#breadcrumb"},"inLanguage":"en-US","potentialAction":[{"@type":"ReadAction","target":["https:\/\/makertechnologypc.com\/product\/chasis-hyte-y60-negro-negro\/"]}]},{"@type":"ImageObject","inLanguage":"en-US","@id":"https:\/\/makertechnologypc.com\/product\/chasis-hyte-y60-negro-negro\/#primaryimage","url":"https:\/\/makertechnologypc.com\/wp-content\/uploads\/2025\/08\/Y60-1-1.png","contentUrl":"https:\/\/makertechnologypc.com\/wp-content\/uploads\/2025\/08\/Y60-1-1.png","width":1000,"height":1000},{"@type":"BreadcrumbList","@id":"https:\/\/makertechnologypc.com\/product\/chasis-hyte-y60-negro-negro\/#breadcrumb","itemListElement":[{"@type":"ListItem","position":1,"name":"Inicio","item":"https:\/\/makertechnologypc.com\/"},{"@type":"ListItem","position":2,"name":"Tienda","item":"https:\/\/makertechnologypc.com\/tienda-de-pc-gamer-y-profesional\/"},{"@type":"ListItem","position":3,"name":"Gabinete Hyte Y60 Negro\/negro"}]},{"@type":"WebSite","@id":"https:\/\/makertechnologypc.com\/#website","url":"https:\/\/makertechnologypc.com\/","name":"makertechnology","description":"Arma tu PC gamer o profesional en Colombia. Componentes premium, ensamble experto y hardware para rendimiento, gaming y productividad.","publisher":{"@id":"https:\/\/makertechnologypc.com\/#organization"},"alternateName":"makertechnologypc","potentialAction":[{"@type":"SearchAction","target":{"@type":"EntryPoint","urlTemplate":"https:\/\/makertechnologypc.com\/?s={search_term_string}"},"query-input":{"@type":"PropertyValueSpecification","valueRequired":true,"valueName":"search_term_string"}}],"inLanguage":"en-US"},{"@type":"Organization","@id":"https:\/\/makertechnologypc.com\/#organization","name":"makertechnology","alternateName":"makertechnology","url":"https:\/\/makertechnologypc.com\/","logo":{"@type":"ImageObject","inLanguage":"en-US","@id":"https:\/\/makertechnologypc.com\/#\/schema\/logo\/image\/","url":"https:\/\/makertechnologypc.com\/wp-content\/uploads\/2025\/09\/makertechnology-logo-2.png","contentUrl":"https:\/\/makertechnologypc.com\/wp-content\/uploads\/2025\/09\/makertechnology-logo-2.png","width":125,"height":140,"caption":"makertechnology"},"image":{"@id":"https:\/\/makertechnologypc.com\/#\/schema\/logo\/image\/"},"sameAs":["https:\/\/www.facebook.com\/people\/MakerTechnology\/61552346566079\/","https:\/\/www.instagram.com\/makertechnology82\/"]}]}},"_links":{"self":[{"href":"https:\/\/makertechnologypc.com\/en\/wp-json\/wp\/v2\/product\/1796","targetHints":{"allow":["GET"]}}],"collection":[{"href":"https:\/\/makertechnologypc.com\/en\/wp-json\/wp\/v2\/product"}],"about":[{"href":"https:\/\/makertechnologypc.com\/en\/wp-json\/wp\/v2\/types\/product"}],"replies":[{"embeddable":true,"href":"https:\/\/makertechnologypc.com\/en\/wp-json\/wp\/v2\/comments?post=1796"}],"wp:featuredmedia":[{"embeddable":true,"href":"https:\/\/makertechnologypc.com\/en\/wp-json\/wp\/v2\/media\/2162"}],"wp:attachment":[{"href":"https:\/\/makertechnologypc.com\/en\/wp-json\/wp\/v2\/media?parent=1796"}],"wp:term":[{"taxonomy":"product_brand","embeddable":true,"href":"https:\/\/makertechnologypc.com\/en\/wp-json\/wp\/v2\/product_brand?post=1796"},{"taxonomy":"product_cat","embeddable":true,"href":"https:\/\/makertechnologypc.com\/en\/wp-json\/wp\/v2\/product_cat?post=1796"},{"taxonomy":"product_tag","embeddable":true,"href":"https:\/\/makertechnologypc.com\/en\/wp-json\/wp\/v2\/product_tag?post=1796"}],"curies":[{"name":"wp","href":"https:\/\/api.w.org\/{rel}","templated":true}]}}