{"id":2152,"date":"2025-09-02T16:11:17","date_gmt":"2025-09-02T21:11:17","guid":{"rendered":"https:\/\/makertechnologypc.com\/?post_type=product&#038;p=2152"},"modified":"2026-01-06T19:29:48","modified_gmt":"2026-01-07T00:29:48","slug":"teclado-redragon-andromeda-k558-rgb","status":"publish","type":"product","link":"https:\/\/makertechnologypc.com\/en\/product\/teclado-redragon-andromeda-k558-rgb\/","title":{"rendered":"Teclado Redragon Andromeda K558 RGB"},"content":{"rendered":"<ul>\n<li>Dimensiones del producto: 17,8 x 1,3 x 6,1 pulgadas<\/li>\n<li>Peso del art\u00edculo: 1,76 libras<\/li>\n<li>Fabricante: Redragon<\/li>\n<li>Pa\u00eds de origen: China<\/li>\n<li>N\u00famero de modelo del art\u00edculo: K558<\/li>\n<li>Marca: Redragon<\/li>\n<li>Dispositivos compatibles: port\u00e1til, consola de juegos, PC<\/li>\n<li>Tecnolog\u00eda de conectividad: USB-A<\/li>\n<li>Descripci\u00f3n del teclado: Juegos<\/li>\n<li>Usos recomendados para el producto: oficina, multimedia, uso diario, personal, educaci\u00f3n, juegos, negocios<\/li>\n<li>Caracter\u00edstica especial: ergon\u00f3mico, retroiluminado, reposamu\u00f1ecas, soporte integrado<\/li>\n<li>Color: Negro<\/li>\n<li>N\u00famero de teclas: 104<\/li>\n<li>Soporte de color de retroiluminaci\u00f3n del teclado: color \u00fanico<\/li>\n<li>Estilo: Cl\u00e1sico<\/li>\n<\/ul>","protected":false},"excerpt":{"rendered":"<p>El teclado mec\u00e1nico K558 combina interruptores azules clicky para m\u00e1xima precisi\u00f3n, retroiluminaci\u00f3n Rainbow con 11 modos, ergonom\u00eda avanzada con reposamu\u00f1ecas, y tecnolog\u00eda 100 % anti-ghosting. Fabricado en aleaci\u00f3n met\u00e1lica premium con 104 teclas completas, ofrece durabilidad, estabilidad y una experiencia de juego y escritura superior.<\/p>","protected":false},"featured_media":2153,"comment_status":"open","ping_status":"closed","template":"","meta":[],"product_brand":[211],"product_cat":[207,206],"product_tag":[132,212,203],"class_list":{"0":"post-2152","1":"product","2":"type-product","3":"status-publish","4":"has-post-thumbnail","6":"product_brand-redragon","7":"product_cat-mecanico","8":"product_cat-teclados","9":"product_tag-rgb","10":"product_tag-switch-azul","11":"product_tag-teclado","13":"first","14":"instock","15":"shipping-taxable","16":"purchasable","17":"product-type-simple"},"yoast_head":"<!-- This site is optimized with the Yoast SEO plugin v27.4 - https:\/\/yoast.com\/product\/yoast-seo-wordpress\/ -->\n<title>Teclado Redragon Andromeda K558 RGB - Makertechnology<\/title>\n<meta name=\"robots\" content=\"index, follow, max-snippet:-1, max-image-preview:large, max-video-preview:-1\" \/>\n<link rel=\"canonical\" href=\"https:\/\/makertechnologypc.com\/en\/product\/teclado-redragon-andromeda-k558-rgb\/\" \/>\n<meta property=\"og:locale\" content=\"en_US\" \/>\n<meta property=\"og:type\" content=\"article\" \/>\n<meta property=\"og:title\" content=\"Teclado Redragon Andromeda K558 RGB - Makertechnology\" \/>\n<meta property=\"og:description\" content=\"El teclado mec\u00e1nico K558 combina interruptores azules clicky para m\u00e1xima precisi\u00f3n, retroiluminaci\u00f3n Rainbow con 11 modos, ergonom\u00eda avanzada con reposamu\u00f1ecas, y tecnolog\u00eda 100 % anti-ghosting. Fabricado en aleaci\u00f3n met\u00e1lica premium con 104 teclas completas, ofrece durabilidad, estabilidad y una experiencia de juego y escritura superior.\" \/>\n<meta property=\"og:url\" content=\"https:\/\/makertechnologypc.com\/en\/product\/teclado-redragon-andromeda-k558-rgb\/\" \/>\n<meta property=\"og:site_name\" content=\"Makertechnology\" \/>\n<meta property=\"article:publisher\" content=\"https:\/\/www.facebook.com\/people\/MakerTechnology\/61552346566079\/\" \/>\n<meta property=\"article:modified_time\" content=\"2026-01-07T00:29:48+00:00\" \/>\n<meta property=\"og:image\" content=\"https:\/\/makertechnologypc.com\/wp-content\/uploads\/2025\/09\/9695.png\" \/>\n\t<meta property=\"og:image:width\" content=\"1000\" \/>\n\t<meta property=\"og:image:height\" content=\"1000\" \/>\n\t<meta property=\"og:image:type\" content=\"image\/png\" \/>\n<meta name=\"twitter:card\" content=\"summary_large_image\" \/>\n<script type=\"application\/ld+json\" class=\"yoast-schema-graph\">{\"@context\":\"https:\\\/\\\/schema.org\",\"@graph\":[{\"@type\":\"WebPage\",\"@id\":\"https:\\\/\\\/makertechnologypc.com\\\/product\\\/teclado-redragon-andromeda-k558-rgb\\\/\",\"url\":\"https:\\\/\\\/makertechnologypc.com\\\/product\\\/teclado-redragon-andromeda-k558-rgb\\\/\",\"name\":\"Teclado Redragon Andromeda K558 RGB - Makertechnology\",\"isPartOf\":{\"@id\":\"https:\\\/\\\/makertechnologypc.com\\\/#website\"},\"primaryImageOfPage\":{\"@id\":\"https:\\\/\\\/makertechnologypc.com\\\/product\\\/teclado-redragon-andromeda-k558-rgb\\\/#primaryimage\"},\"image\":{\"@id\":\"https:\\\/\\\/makertechnologypc.com\\\/product\\\/teclado-redragon-andromeda-k558-rgb\\\/#primaryimage\"},\"thumbnailUrl\":\"https:\\\/\\\/makertechnologypc.com\\\/wp-content\\\/uploads\\\/2025\\\/09\\\/9695.png\",\"datePublished\":\"2025-09-02T21:11:17+00:00\",\"dateModified\":\"2026-01-07T00:29:48+00:00\",\"breadcrumb\":{\"@id\":\"https:\\\/\\\/makertechnologypc.com\\\/product\\\/teclado-redragon-andromeda-k558-rgb\\\/#breadcrumb\"},\"inLanguage\":\"en-US\",\"potentialAction\":[{\"@type\":\"ReadAction\",\"target\":[\"https:\\\/\\\/makertechnologypc.com\\\/product\\\/teclado-redragon-andromeda-k558-rgb\\\/\"]}]},{\"@type\":\"ImageObject\",\"inLanguage\":\"en-US\",\"@id\":\"https:\\\/\\\/makertechnologypc.com\\\/product\\\/teclado-redragon-andromeda-k558-rgb\\\/#primaryimage\",\"url\":\"https:\\\/\\\/makertechnologypc.com\\\/wp-content\\\/uploads\\\/2025\\\/09\\\/9695.png\",\"contentUrl\":\"https:\\\/\\\/makertechnologypc.com\\\/wp-content\\\/uploads\\\/2025\\\/09\\\/9695.png\",\"width\":1000,\"height\":1000},{\"@type\":\"BreadcrumbList\",\"@id\":\"https:\\\/\\\/makertechnologypc.com\\\/product\\\/teclado-redragon-andromeda-k558-rgb\\\/#breadcrumb\",\"itemListElement\":[{\"@type\":\"ListItem\",\"position\":1,\"name\":\"Inicio\",\"item\":\"https:\\\/\\\/makertechnologypc.com\\\/\"},{\"@type\":\"ListItem\",\"position\":2,\"name\":\"Tienda\",\"item\":\"https:\\\/\\\/makertechnologypc.com\\\/tienda-de-pc-gamer-y-profesional\\\/\"},{\"@type\":\"ListItem\",\"position\":3,\"name\":\"Teclado Redragon Andromeda K558 RGB\"}]},{\"@type\":\"WebSite\",\"@id\":\"https:\\\/\\\/makertechnologypc.com\\\/#website\",\"url\":\"https:\\\/\\\/makertechnologypc.com\\\/\",\"name\":\"makertechnology\",\"description\":\"Arma tu PC gamer o profesional en Colombia. Componentes premium, ensamble experto y hardware para rendimiento, gaming y productividad.\",\"publisher\":{\"@id\":\"https:\\\/\\\/makertechnologypc.com\\\/#organization\"},\"alternateName\":\"makertechnologypc\",\"potentialAction\":[{\"@type\":\"SearchAction\",\"target\":{\"@type\":\"EntryPoint\",\"urlTemplate\":\"https:\\\/\\\/makertechnologypc.com\\\/?s={search_term_string}\"},\"query-input\":{\"@type\":\"PropertyValueSpecification\",\"valueRequired\":true,\"valueName\":\"search_term_string\"}}],\"inLanguage\":\"en-US\"},{\"@type\":\"Organization\",\"@id\":\"https:\\\/\\\/makertechnologypc.com\\\/#organization\",\"name\":\"makertechnology\",\"alternateName\":\"makertechnology\",\"url\":\"https:\\\/\\\/makertechnologypc.com\\\/\",\"logo\":{\"@type\":\"ImageObject\",\"inLanguage\":\"en-US\",\"@id\":\"https:\\\/\\\/makertechnologypc.com\\\/#\\\/schema\\\/logo\\\/image\\\/\",\"url\":\"https:\\\/\\\/makertechnologypc.com\\\/wp-content\\\/uploads\\\/2025\\\/09\\\/makertechnology-logo-2.png\",\"contentUrl\":\"https:\\\/\\\/makertechnologypc.com\\\/wp-content\\\/uploads\\\/2025\\\/09\\\/makertechnology-logo-2.png\",\"width\":125,\"height\":140,\"caption\":\"makertechnology\"},\"image\":{\"@id\":\"https:\\\/\\\/makertechnologypc.com\\\/#\\\/schema\\\/logo\\\/image\\\/\"},\"sameAs\":[\"https:\\\/\\\/www.facebook.com\\\/people\\\/MakerTechnology\\\/61552346566079\\\/\",\"https:\\\/\\\/www.instagram.com\\\/makertechnology82\\\/\"]}]}<\/script>\n<!-- \/ Yoast SEO plugin. -->","yoast_head_json":{"title":"Teclado Redragon Andromeda K558 RGB - Makertechnology","robots":{"index":"index","follow":"follow","max-snippet":"max-snippet:-1","max-image-preview":"max-image-preview:large","max-video-preview":"max-video-preview:-1"},"canonical":"https:\/\/makertechnologypc.com\/en\/product\/teclado-redragon-andromeda-k558-rgb\/","og_locale":"en_US","og_type":"article","og_title":"Teclado Redragon Andromeda K558 RGB - Makertechnology","og_description":"El teclado mec\u00e1nico K558 combina interruptores azules clicky para m\u00e1xima precisi\u00f3n, retroiluminaci\u00f3n Rainbow con 11 modos, ergonom\u00eda avanzada con reposamu\u00f1ecas, y tecnolog\u00eda 100 % anti-ghosting. Fabricado en aleaci\u00f3n met\u00e1lica premium con 104 teclas completas, ofrece durabilidad, estabilidad y una experiencia de juego y escritura superior.","og_url":"https:\/\/makertechnologypc.com\/en\/product\/teclado-redragon-andromeda-k558-rgb\/","og_site_name":"Makertechnology","article_publisher":"https:\/\/www.facebook.com\/people\/MakerTechnology\/61552346566079\/","article_modified_time":"2026-01-07T00:29:48+00:00","og_image":[{"width":1000,"height":1000,"url":"https:\/\/makertechnologypc.com\/wp-content\/uploads\/2025\/09\/9695.png","type":"image\/png"}],"twitter_card":"summary_large_image","schema":{"@context":"https:\/\/schema.org","@graph":[{"@type":"WebPage","@id":"https:\/\/makertechnologypc.com\/product\/teclado-redragon-andromeda-k558-rgb\/","url":"https:\/\/makertechnologypc.com\/product\/teclado-redragon-andromeda-k558-rgb\/","name":"Teclado Redragon Andromeda K558 RGB - Makertechnology","isPartOf":{"@id":"https:\/\/makertechnologypc.com\/#website"},"primaryImageOfPage":{"@id":"https:\/\/makertechnologypc.com\/product\/teclado-redragon-andromeda-k558-rgb\/#primaryimage"},"image":{"@id":"https:\/\/makertechnologypc.com\/product\/teclado-redragon-andromeda-k558-rgb\/#primaryimage"},"thumbnailUrl":"https:\/\/makertechnologypc.com\/wp-content\/uploads\/2025\/09\/9695.png","datePublished":"2025-09-02T21:11:17+00:00","dateModified":"2026-01-07T00:29:48+00:00","breadcrumb":{"@id":"https:\/\/makertechnologypc.com\/product\/teclado-redragon-andromeda-k558-rgb\/#breadcrumb"},"inLanguage":"en-US","potentialAction":[{"@type":"ReadAction","target":["https:\/\/makertechnologypc.com\/product\/teclado-redragon-andromeda-k558-rgb\/"]}]},{"@type":"ImageObject","inLanguage":"en-US","@id":"https:\/\/makertechnologypc.com\/product\/teclado-redragon-andromeda-k558-rgb\/#primaryimage","url":"https:\/\/makertechnologypc.com\/wp-content\/uploads\/2025\/09\/9695.png","contentUrl":"https:\/\/makertechnologypc.com\/wp-content\/uploads\/2025\/09\/9695.png","width":1000,"height":1000},{"@type":"BreadcrumbList","@id":"https:\/\/makertechnologypc.com\/product\/teclado-redragon-andromeda-k558-rgb\/#breadcrumb","itemListElement":[{"@type":"ListItem","position":1,"name":"Inicio","item":"https:\/\/makertechnologypc.com\/"},{"@type":"ListItem","position":2,"name":"Tienda","item":"https:\/\/makertechnologypc.com\/tienda-de-pc-gamer-y-profesional\/"},{"@type":"ListItem","position":3,"name":"Teclado Redragon Andromeda K558 RGB"}]},{"@type":"WebSite","@id":"https:\/\/makertechnologypc.com\/#website","url":"https:\/\/makertechnologypc.com\/","name":"makertechnology","description":"Arma tu PC gamer o profesional en Colombia. Componentes premium, ensamble experto y hardware para rendimiento, gaming y productividad.","publisher":{"@id":"https:\/\/makertechnologypc.com\/#organization"},"alternateName":"makertechnologypc","potentialAction":[{"@type":"SearchAction","target":{"@type":"EntryPoint","urlTemplate":"https:\/\/makertechnologypc.com\/?s={search_term_string}"},"query-input":{"@type":"PropertyValueSpecification","valueRequired":true,"valueName":"search_term_string"}}],"inLanguage":"en-US"},{"@type":"Organization","@id":"https:\/\/makertechnologypc.com\/#organization","name":"makertechnology","alternateName":"makertechnology","url":"https:\/\/makertechnologypc.com\/","logo":{"@type":"ImageObject","inLanguage":"en-US","@id":"https:\/\/makertechnologypc.com\/#\/schema\/logo\/image\/","url":"https:\/\/makertechnologypc.com\/wp-content\/uploads\/2025\/09\/makertechnology-logo-2.png","contentUrl":"https:\/\/makertechnologypc.com\/wp-content\/uploads\/2025\/09\/makertechnology-logo-2.png","width":125,"height":140,"caption":"makertechnology"},"image":{"@id":"https:\/\/makertechnologypc.com\/#\/schema\/logo\/image\/"},"sameAs":["https:\/\/www.facebook.com\/people\/MakerTechnology\/61552346566079\/","https:\/\/www.instagram.com\/makertechnology82\/"]}]}},"_links":{"self":[{"href":"https:\/\/makertechnologypc.com\/en\/wp-json\/wp\/v2\/product\/2152","targetHints":{"allow":["GET"]}}],"collection":[{"href":"https:\/\/makertechnologypc.com\/en\/wp-json\/wp\/v2\/product"}],"about":[{"href":"https:\/\/makertechnologypc.com\/en\/wp-json\/wp\/v2\/types\/product"}],"replies":[{"embeddable":true,"href":"https:\/\/makertechnologypc.com\/en\/wp-json\/wp\/v2\/comments?post=2152"}],"wp:featuredmedia":[{"embeddable":true,"href":"https:\/\/makertechnologypc.com\/en\/wp-json\/wp\/v2\/media\/2153"}],"wp:attachment":[{"href":"https:\/\/makertechnologypc.com\/en\/wp-json\/wp\/v2\/media?parent=2152"}],"wp:term":[{"taxonomy":"product_brand","embeddable":true,"href":"https:\/\/makertechnologypc.com\/en\/wp-json\/wp\/v2\/product_brand?post=2152"},{"taxonomy":"product_cat","embeddable":true,"href":"https:\/\/makertechnologypc.com\/en\/wp-json\/wp\/v2\/product_cat?post=2152"},{"taxonomy":"product_tag","embeddable":true,"href":"https:\/\/makertechnologypc.com\/en\/wp-json\/wp\/v2\/product_tag?post=2152"}],"curies":[{"name":"wp","href":"https:\/\/api.w.org\/{rel}","templated":true}]}}