{"id":2165,"date":"2025-09-03T10:33:23","date_gmt":"2025-09-03T15:33:23","guid":{"rendered":"https:\/\/makertechnologypc.com\/?post_type=product&#038;p=2165"},"modified":"2026-03-03T12:34:15","modified_gmt":"2026-03-03T17:34:15","slug":"mouse-pad-color-negro-rgb-antideslizante-90x40-cm-rgb","status":"publish","type":"product","link":"https:\/\/makertechnologypc.com\/en\/product\/mouse-pad-color-negro-rgb-antideslizante-90x40-cm-rgb\/","title":{"rendered":"Mouse Pad Color Negro Rgb Antideslizante 90&#215;40 Cm RGB"},"content":{"rendered":"<table>\n<thead>\n<tr>\n<th>Caracter\u00edstica<\/th>\n<th>Detalle<\/th>\n<\/tr>\n<\/thead>\n<tbody>\n<tr>\n<td>Tipo<\/td>\n<td>Pad Mouse con iluminaci\u00f3n RGB<\/td>\n<\/tr>\n<tr>\n<td>Iluminaci\u00f3n<\/td>\n<td>15 colores RGB con efectos din\u00e1micos<\/td>\n<\/tr>\n<tr>\n<td>Superficie<\/td>\n<td>Textura suave optimizada para precisi\u00f3n y velocidad<\/td>\n<\/tr>\n<tr>\n<td>Base<\/td>\n<td>Antideslizante de goma<\/td>\n<\/tr>\n<tr>\n<td>Conectividad<\/td>\n<td>Alimentaci\u00f3n por cable USB<\/td>\n<\/tr>\n<tr>\n<td>Material<\/td>\n<td>Tejido microtexturizado + base de goma<\/td>\n<\/tr>\n<tr>\n<td>Modos de luz<\/td>\n<td>Est\u00e1ticos y din\u00e1micos (personalizables)<\/td>\n<\/tr>\n<tr>\n<td>Dimensiones<\/td>\n<td>80 cm X 30 cm<\/td>\n<\/tr>\n<tr>\n<td>Compatibilidad<\/td>\n<td>Todos los tipos de mouse (\u00f3ptico y l\u00e1ser)<\/td>\n<\/tr>\n<tr>\n<td>Uso recomendado<\/td>\n<td>Gaming y oficina<\/td>\n<\/tr>\n<\/tbody>\n<\/table>","protected":false},"excerpt":{"rendered":"<p>ALFOMBRILLA DE MOUSE\/RAT\u00d3N RGB COMO ACCESORIO DE ESCRITORIO, JUEGO Y COMPUTADORA PARA GAMERS &#8211; TAMA\u00d1O EXTRA GRANDE:<\/p>\n<p>\u2022 Iluminaci\u00f3n LED: 7 modos de colores est\u00e1ticos y 14 modelos din\u00e1micos vibrantes para crear el ambiente perfecto para cada sesi\u00f3n de juego.<br \/>\n\u2022 Superficie de alto rendimiento: confeccionada con fibra superfina trenzada, garantiza un deslizamiento suave y una navegaci\u00f3n precisa.<br \/>\n\u2022 Estabilidad superior: base de goma antideslizante mantiene la alfombrilla firmemente en su lugar.<br \/>\n\u2022 Dimensiones generosas: tama\u00f1o XXL, cubre ampliamente tu escritorio y proporciona el espacio necesario para todos tus movimientos.<br \/>\n\u2022 Plug and Play: f\u00e1cil de usar con conexi\u00f3n USB, permite cambiar los modos de luz y ajustar el brillo con el bot\u00f3n, sin necesidad de instalaci\u00f3n de software.<br \/>\n\u2022 Durabilidad prolongada y f\u00e1cil mantenimiento: material resistente al agua y f\u00e1cil de limpiar, con excelente durabilidad y secado r\u00e1pido<\/p>","protected":false},"featured_media":2167,"comment_status":"open","ping_status":"closed","template":"","meta":[],"product_brand":[],"product_cat":[19],"product_tag":[162,132],"class_list":{"0":"post-2165","1":"product","2":"type-product","3":"status-publish","4":"has-post-thumbnail","6":"product_cat-accessorios","7":"product_tag-pad-mouse","8":"product_tag-rgb","10":"first","11":"instock","12":"shipping-taxable","13":"purchasable","14":"product-type-simple"},"yoast_head":"<!-- This site is optimized with the Yoast SEO plugin v27.4 - https:\/\/yoast.com\/product\/yoast-seo-wordpress\/ -->\n<title>Mouse Pad Color Negro Rgb Antideslizante 90x40 Cm RGB - Makertechnology<\/title>\n<meta name=\"description\" content=\"ALFOMBRILLA DE MOUSE\/RAT\u00d3N RGB COMO ACCESORIO DE ESCRITORIO, JUEGO Y COMPUTADORA PARA GAMERS - TAMA\u00d1O EXTRA GRANDE\" \/>\n<meta name=\"robots\" content=\"index, follow, max-snippet:-1, max-image-preview:large, max-video-preview:-1\" \/>\n<link rel=\"canonical\" href=\"https:\/\/makertechnologypc.com\/en\/product\/mouse-pad-color-negro-rgb-antideslizante-90x40-cm-rgb\/\" \/>\n<meta property=\"og:locale\" content=\"en_US\" \/>\n<meta property=\"og:type\" content=\"article\" \/>\n<meta property=\"og:title\" content=\"Mouse Pad Color Negro Rgb Antideslizante 90x40 Cm RGB - Makertechnology\" \/>\n<meta property=\"og:description\" content=\"ALFOMBRILLA DE MOUSE\/RAT\u00d3N RGB COMO ACCESORIO DE ESCRITORIO, JUEGO Y COMPUTADORA PARA GAMERS - TAMA\u00d1O EXTRA GRANDE\" \/>\n<meta property=\"og:url\" content=\"https:\/\/makertechnologypc.com\/en\/product\/mouse-pad-color-negro-rgb-antideslizante-90x40-cm-rgb\/\" \/>\n<meta property=\"og:site_name\" content=\"Makertechnology\" \/>\n<meta property=\"article:publisher\" content=\"https:\/\/www.facebook.com\/people\/MakerTechnology\/61552346566079\/\" \/>\n<meta property=\"article:modified_time\" content=\"2026-03-03T17:34:15+00:00\" \/>\n<meta property=\"og:image\" content=\"https:\/\/makertechnologypc.com\/wp-content\/uploads\/2025\/09\/9876.png\" \/>\n\t<meta property=\"og:image:width\" content=\"1000\" \/>\n\t<meta property=\"og:image:height\" content=\"1000\" \/>\n\t<meta property=\"og:image:type\" content=\"image\/png\" \/>\n<meta name=\"twitter:card\" content=\"summary_large_image\" \/>\n<meta name=\"twitter:label1\" content=\"Est. reading time\" \/>\n\t<meta name=\"twitter:data1\" content=\"1 minute\" \/>\n<script type=\"application\/ld+json\" class=\"yoast-schema-graph\">{\"@context\":\"https:\\\/\\\/schema.org\",\"@graph\":[{\"@type\":\"WebPage\",\"@id\":\"https:\\\/\\\/makertechnologypc.com\\\/product\\\/mouse-pad-color-negro-rgb-antideslizante-90x40-cm-rgb\\\/\",\"url\":\"https:\\\/\\\/makertechnologypc.com\\\/product\\\/mouse-pad-color-negro-rgb-antideslizante-90x40-cm-rgb\\\/\",\"name\":\"Mouse Pad Color Negro Rgb Antideslizante 90x40 Cm RGB - Makertechnology\",\"isPartOf\":{\"@id\":\"https:\\\/\\\/makertechnologypc.com\\\/#website\"},\"primaryImageOfPage\":{\"@id\":\"https:\\\/\\\/makertechnologypc.com\\\/product\\\/mouse-pad-color-negro-rgb-antideslizante-90x40-cm-rgb\\\/#primaryimage\"},\"image\":{\"@id\":\"https:\\\/\\\/makertechnologypc.com\\\/product\\\/mouse-pad-color-negro-rgb-antideslizante-90x40-cm-rgb\\\/#primaryimage\"},\"thumbnailUrl\":\"https:\\\/\\\/makertechnologypc.com\\\/wp-content\\\/uploads\\\/2025\\\/09\\\/9876.png\",\"datePublished\":\"2025-09-03T15:33:23+00:00\",\"dateModified\":\"2026-03-03T17:34:15+00:00\",\"description\":\"ALFOMBRILLA DE MOUSE\\\/RAT\u00d3N RGB COMO ACCESORIO DE ESCRITORIO, JUEGO Y COMPUTADORA PARA GAMERS - TAMA\u00d1O EXTRA GRANDE\",\"breadcrumb\":{\"@id\":\"https:\\\/\\\/makertechnologypc.com\\\/product\\\/mouse-pad-color-negro-rgb-antideslizante-90x40-cm-rgb\\\/#breadcrumb\"},\"inLanguage\":\"en-US\",\"potentialAction\":[{\"@type\":\"ReadAction\",\"target\":[\"https:\\\/\\\/makertechnologypc.com\\\/product\\\/mouse-pad-color-negro-rgb-antideslizante-90x40-cm-rgb\\\/\"]}]},{\"@type\":\"ImageObject\",\"inLanguage\":\"en-US\",\"@id\":\"https:\\\/\\\/makertechnologypc.com\\\/product\\\/mouse-pad-color-negro-rgb-antideslizante-90x40-cm-rgb\\\/#primaryimage\",\"url\":\"https:\\\/\\\/makertechnologypc.com\\\/wp-content\\\/uploads\\\/2025\\\/09\\\/9876.png\",\"contentUrl\":\"https:\\\/\\\/makertechnologypc.com\\\/wp-content\\\/uploads\\\/2025\\\/09\\\/9876.png\",\"width\":1000,\"height\":1000},{\"@type\":\"BreadcrumbList\",\"@id\":\"https:\\\/\\\/makertechnologypc.com\\\/product\\\/mouse-pad-color-negro-rgb-antideslizante-90x40-cm-rgb\\\/#breadcrumb\",\"itemListElement\":[{\"@type\":\"ListItem\",\"position\":1,\"name\":\"Inicio\",\"item\":\"https:\\\/\\\/makertechnologypc.com\\\/\"},{\"@type\":\"ListItem\",\"position\":2,\"name\":\"Tienda\",\"item\":\"https:\\\/\\\/makertechnologypc.com\\\/tienda-de-pc-gamer-y-profesional\\\/\"},{\"@type\":\"ListItem\",\"position\":3,\"name\":\"Mouse Pad Color Negro Rgb Antideslizante 90&#215;40 Cm RGB\"}]},{\"@type\":\"WebSite\",\"@id\":\"https:\\\/\\\/makertechnologypc.com\\\/#website\",\"url\":\"https:\\\/\\\/makertechnologypc.com\\\/\",\"name\":\"makertechnology\",\"description\":\"Arma tu PC gamer o profesional en Colombia. Componentes premium, ensamble experto y hardware para rendimiento, gaming y productividad.\",\"publisher\":{\"@id\":\"https:\\\/\\\/makertechnologypc.com\\\/#organization\"},\"alternateName\":\"makertechnologypc\",\"potentialAction\":[{\"@type\":\"SearchAction\",\"target\":{\"@type\":\"EntryPoint\",\"urlTemplate\":\"https:\\\/\\\/makertechnologypc.com\\\/?s={search_term_string}\"},\"query-input\":{\"@type\":\"PropertyValueSpecification\",\"valueRequired\":true,\"valueName\":\"search_term_string\"}}],\"inLanguage\":\"en-US\"},{\"@type\":\"Organization\",\"@id\":\"https:\\\/\\\/makertechnologypc.com\\\/#organization\",\"name\":\"makertechnology\",\"alternateName\":\"makertechnology\",\"url\":\"https:\\\/\\\/makertechnologypc.com\\\/\",\"logo\":{\"@type\":\"ImageObject\",\"inLanguage\":\"en-US\",\"@id\":\"https:\\\/\\\/makertechnologypc.com\\\/#\\\/schema\\\/logo\\\/image\\\/\",\"url\":\"https:\\\/\\\/makertechnologypc.com\\\/wp-content\\\/uploads\\\/2025\\\/09\\\/makertechnology-logo-2.png\",\"contentUrl\":\"https:\\\/\\\/makertechnologypc.com\\\/wp-content\\\/uploads\\\/2025\\\/09\\\/makertechnology-logo-2.png\",\"width\":125,\"height\":140,\"caption\":\"makertechnology\"},\"image\":{\"@id\":\"https:\\\/\\\/makertechnologypc.com\\\/#\\\/schema\\\/logo\\\/image\\\/\"},\"sameAs\":[\"https:\\\/\\\/www.facebook.com\\\/people\\\/MakerTechnology\\\/61552346566079\\\/\",\"https:\\\/\\\/www.instagram.com\\\/makertechnology82\\\/\"]}]}<\/script>\n<!-- \/ Yoast SEO plugin. -->","yoast_head_json":{"title":"Mouse Pad Color Negro Rgb Antideslizante 90x40 Cm RGB - Makertechnology","description":"ALFOMBRILLA DE MOUSE\/RAT\u00d3N RGB COMO ACCESORIO DE ESCRITORIO, JUEGO Y COMPUTADORA PARA GAMERS - TAMA\u00d1O EXTRA GRANDE","robots":{"index":"index","follow":"follow","max-snippet":"max-snippet:-1","max-image-preview":"max-image-preview:large","max-video-preview":"max-video-preview:-1"},"canonical":"https:\/\/makertechnologypc.com\/en\/product\/mouse-pad-color-negro-rgb-antideslizante-90x40-cm-rgb\/","og_locale":"en_US","og_type":"article","og_title":"Mouse Pad Color Negro Rgb Antideslizante 90x40 Cm RGB - Makertechnology","og_description":"ALFOMBRILLA DE MOUSE\/RAT\u00d3N RGB COMO ACCESORIO DE ESCRITORIO, JUEGO Y COMPUTADORA PARA GAMERS - TAMA\u00d1O EXTRA GRANDE","og_url":"https:\/\/makertechnologypc.com\/en\/product\/mouse-pad-color-negro-rgb-antideslizante-90x40-cm-rgb\/","og_site_name":"Makertechnology","article_publisher":"https:\/\/www.facebook.com\/people\/MakerTechnology\/61552346566079\/","article_modified_time":"2026-03-03T17:34:15+00:00","og_image":[{"width":1000,"height":1000,"url":"https:\/\/makertechnologypc.com\/wp-content\/uploads\/2025\/09\/9876.png","type":"image\/png"}],"twitter_card":"summary_large_image","twitter_misc":{"Est. reading time":"1 minute"},"schema":{"@context":"https:\/\/schema.org","@graph":[{"@type":"WebPage","@id":"https:\/\/makertechnologypc.com\/product\/mouse-pad-color-negro-rgb-antideslizante-90x40-cm-rgb\/","url":"https:\/\/makertechnologypc.com\/product\/mouse-pad-color-negro-rgb-antideslizante-90x40-cm-rgb\/","name":"Mouse Pad Color Negro Rgb Antideslizante 90x40 Cm RGB - Makertechnology","isPartOf":{"@id":"https:\/\/makertechnologypc.com\/#website"},"primaryImageOfPage":{"@id":"https:\/\/makertechnologypc.com\/product\/mouse-pad-color-negro-rgb-antideslizante-90x40-cm-rgb\/#primaryimage"},"image":{"@id":"https:\/\/makertechnologypc.com\/product\/mouse-pad-color-negro-rgb-antideslizante-90x40-cm-rgb\/#primaryimage"},"thumbnailUrl":"https:\/\/makertechnologypc.com\/wp-content\/uploads\/2025\/09\/9876.png","datePublished":"2025-09-03T15:33:23+00:00","dateModified":"2026-03-03T17:34:15+00:00","description":"ALFOMBRILLA DE MOUSE\/RAT\u00d3N RGB COMO ACCESORIO DE ESCRITORIO, JUEGO Y COMPUTADORA PARA GAMERS - TAMA\u00d1O EXTRA GRANDE","breadcrumb":{"@id":"https:\/\/makertechnologypc.com\/product\/mouse-pad-color-negro-rgb-antideslizante-90x40-cm-rgb\/#breadcrumb"},"inLanguage":"en-US","potentialAction":[{"@type":"ReadAction","target":["https:\/\/makertechnologypc.com\/product\/mouse-pad-color-negro-rgb-antideslizante-90x40-cm-rgb\/"]}]},{"@type":"ImageObject","inLanguage":"en-US","@id":"https:\/\/makertechnologypc.com\/product\/mouse-pad-color-negro-rgb-antideslizante-90x40-cm-rgb\/#primaryimage","url":"https:\/\/makertechnologypc.com\/wp-content\/uploads\/2025\/09\/9876.png","contentUrl":"https:\/\/makertechnologypc.com\/wp-content\/uploads\/2025\/09\/9876.png","width":1000,"height":1000},{"@type":"BreadcrumbList","@id":"https:\/\/makertechnologypc.com\/product\/mouse-pad-color-negro-rgb-antideslizante-90x40-cm-rgb\/#breadcrumb","itemListElement":[{"@type":"ListItem","position":1,"name":"Inicio","item":"https:\/\/makertechnologypc.com\/"},{"@type":"ListItem","position":2,"name":"Tienda","item":"https:\/\/makertechnologypc.com\/tienda-de-pc-gamer-y-profesional\/"},{"@type":"ListItem","position":3,"name":"Mouse Pad Color Negro Rgb Antideslizante 90&#215;40 Cm RGB"}]},{"@type":"WebSite","@id":"https:\/\/makertechnologypc.com\/#website","url":"https:\/\/makertechnologypc.com\/","name":"makertechnology","description":"Arma tu PC gamer o profesional en Colombia. Componentes premium, ensamble experto y hardware para rendimiento, gaming y productividad.","publisher":{"@id":"https:\/\/makertechnologypc.com\/#organization"},"alternateName":"makertechnologypc","potentialAction":[{"@type":"SearchAction","target":{"@type":"EntryPoint","urlTemplate":"https:\/\/makertechnologypc.com\/?s={search_term_string}"},"query-input":{"@type":"PropertyValueSpecification","valueRequired":true,"valueName":"search_term_string"}}],"inLanguage":"en-US"},{"@type":"Organization","@id":"https:\/\/makertechnologypc.com\/#organization","name":"makertechnology","alternateName":"makertechnology","url":"https:\/\/makertechnologypc.com\/","logo":{"@type":"ImageObject","inLanguage":"en-US","@id":"https:\/\/makertechnologypc.com\/#\/schema\/logo\/image\/","url":"https:\/\/makertechnologypc.com\/wp-content\/uploads\/2025\/09\/makertechnology-logo-2.png","contentUrl":"https:\/\/makertechnologypc.com\/wp-content\/uploads\/2025\/09\/makertechnology-logo-2.png","width":125,"height":140,"caption":"makertechnology"},"image":{"@id":"https:\/\/makertechnologypc.com\/#\/schema\/logo\/image\/"},"sameAs":["https:\/\/www.facebook.com\/people\/MakerTechnology\/61552346566079\/","https:\/\/www.instagram.com\/makertechnology82\/"]}]}},"_links":{"self":[{"href":"https:\/\/makertechnologypc.com\/en\/wp-json\/wp\/v2\/product\/2165","targetHints":{"allow":["GET"]}}],"collection":[{"href":"https:\/\/makertechnologypc.com\/en\/wp-json\/wp\/v2\/product"}],"about":[{"href":"https:\/\/makertechnologypc.com\/en\/wp-json\/wp\/v2\/types\/product"}],"replies":[{"embeddable":true,"href":"https:\/\/makertechnologypc.com\/en\/wp-json\/wp\/v2\/comments?post=2165"}],"wp:featuredmedia":[{"embeddable":true,"href":"https:\/\/makertechnologypc.com\/en\/wp-json\/wp\/v2\/media\/2167"}],"wp:attachment":[{"href":"https:\/\/makertechnologypc.com\/en\/wp-json\/wp\/v2\/media?parent=2165"}],"wp:term":[{"taxonomy":"product_brand","embeddable":true,"href":"https:\/\/makertechnologypc.com\/en\/wp-json\/wp\/v2\/product_brand?post=2165"},{"taxonomy":"product_cat","embeddable":true,"href":"https:\/\/makertechnologypc.com\/en\/wp-json\/wp\/v2\/product_cat?post=2165"},{"taxonomy":"product_tag","embeddable":true,"href":"https:\/\/makertechnologypc.com\/en\/wp-json\/wp\/v2\/product_tag?post=2165"}],"curies":[{"name":"wp","href":"https:\/\/api.w.org\/{rel}","templated":true}]}}