{"id":2175,"date":"2025-09-03T11:21:42","date_gmt":"2025-09-03T16:21:42","guid":{"rendered":"https:\/\/makertechnologypc.com\/?post_type=product&#038;p=2175"},"modified":"2025-09-10T14:53:54","modified_gmt":"2025-09-10T19:53:54","slug":"sofa-gamer-cougar-magus","status":"publish","type":"product","link":"https:\/\/makertechnologypc.com\/en\/product\/sofa-gamer-cougar-magus\/","title":{"rendered":"Sof\u00e1 Gamer Cougar Magus"},"content":{"rendered":"<table>\n<thead>\n<tr>\n<th><strong>Especificaci\u00f3n<\/strong><\/th>\n<th><strong>Detalle<\/strong><\/th>\n<\/tr>\n<\/thead>\n<tbody>\n<tr>\n<td><strong>Nombre del producto<\/strong><\/td>\n<td>Cougar Magus (negro)<\/td>\n<\/tr>\n<tr>\n<td><strong>Tapicer\u00eda<\/strong><\/td>\n<td>Imitaci\u00f3n de lino sint\u00e9tico (transpirable)<\/td>\n<\/tr>\n<tr>\n<td><strong>Reclinaci\u00f3n<\/strong><\/td>\n<td>Totalmente el\u00e9ctrica (posici\u00f3n gravedad cero)<\/td>\n<\/tr>\n<tr>\n<td><strong>Base giratoria<\/strong><\/td>\n<td>S\u00ed, rotaci\u00f3n libre de 270\u00b0<\/td>\n<\/tr>\n<tr>\n<td><strong>Reposabrazos<\/strong><\/td>\n<td>S\u00ed, inclinados proporcionalmente al \u00e1ngulo de reclinaci\u00f3n<\/td>\n<\/tr>\n<tr>\n<td><strong>Puertos integrados<\/strong><\/td>\n<td>USB-C y USB-A debajo de los controles de reclinaci\u00f3n<\/td>\n<\/tr>\n<tr>\n<td><strong>Bolsillo lateral<\/strong><\/td>\n<td>S\u00ed, para guardar elementos esenciales<\/td>\n<\/tr>\n<tr>\n<td><strong>Soporte de peso m\u00e1ximo<\/strong><\/td>\n<td>150 kg (350 lb)<\/td>\n<\/tr>\n<tr>\n<td><strong>Peso del producto (sin empaque)<\/strong><\/td>\n<td>30.7 kg<\/td>\n<\/tr>\n<tr>\n<td><strong>Dimensiones (L \u00d7 P \u00d7 A)<\/strong><\/td>\n<td>740 mm \u00d7 850 mm \u00d7 1070 mm<\/td>\n<\/tr>\n<tr>\n<td><strong>Peso del paquete<\/strong><\/td>\n<td>~34 kg<\/td>\n<\/tr>\n<tr>\n<td><strong>Dimensiones del paquete<\/strong><\/td>\n<td>890 mm \u00d7 770 mm \u00d7 1030 mm<\/td>\n<\/tr>\n<tr>\n<td><strong>Origen<\/strong><\/td>\n<td>China<\/td>\n<\/tr>\n<\/tbody>\n<\/table>","protected":false},"excerpt":{"rendered":"<p>El Cougar Magus es un sofisticado sof\u00e1 gaming que combina est\u00e9tica, ergonom\u00eda y tecnolog\u00eda avanzada. Su sistema de reclinaci\u00f3n el\u00e9ctrica \u201cgravedad cero\u201d permite elevar las rodillas por encima del coraz\u00f3n para una postura perfecta y libre de tensi\u00f3n. Cuenta con una base giratoria de 270\u00b0, tapizado en lino sint\u00e9tico transpirable, puerto de carga USB-C y USB-A integrado bajo los controles y un pr\u00e1ctico bolsillo lateral para tener lo esencial al alcance. Todo esto con un soporte robusto de hasta 150 kg, ideal para largas sesiones de juego o trabajo.<\/p>","protected":false},"featured_media":2176,"comment_status":"open","ping_status":"closed","template":"","meta":[],"product_brand":[37],"product_cat":[191],"product_tag":[38,190],"class_list":{"0":"post-2175","1":"product","2":"type-product","3":"status-publish","4":"has-post-thumbnail","6":"product_brand-cougar","7":"product_cat-silla-gamer","8":"product_tag-cougar","9":"product_tag-silla-gamer","11":"first","12":"instock","13":"shipping-taxable","14":"purchasable","15":"product-type-simple"},"yoast_head":"<!-- This site is optimized with the Yoast SEO plugin v27.4 - https:\/\/yoast.com\/product\/yoast-seo-wordpress\/ -->\n<title>Sof\u00e1 Gamer Cougar Magus - Makertechnology<\/title>\n<meta name=\"robots\" content=\"index, follow, max-snippet:-1, max-image-preview:large, max-video-preview:-1\" \/>\n<link rel=\"canonical\" href=\"https:\/\/makertechnologypc.com\/en\/product\/sofa-gamer-cougar-magus\/\" \/>\n<meta property=\"og:locale\" content=\"en_US\" \/>\n<meta property=\"og:type\" content=\"article\" \/>\n<meta property=\"og:title\" content=\"Sof\u00e1 Gamer Cougar Magus - Makertechnology\" \/>\n<meta property=\"og:description\" content=\"El Cougar Magus es un sofisticado sof\u00e1 gaming que combina est\u00e9tica, ergonom\u00eda y tecnolog\u00eda avanzada. Su sistema de reclinaci\u00f3n el\u00e9ctrica \u201cgravedad cero\u201d permite elevar las rodillas por encima del coraz\u00f3n para una postura perfecta y libre de tensi\u00f3n. Cuenta con una base giratoria de 270\u00b0, tapizado en lino sint\u00e9tico transpirable, puerto de carga USB-C y USB-A integrado bajo los controles y un pr\u00e1ctico bolsillo lateral para tener lo esencial al alcance. Todo esto con un soporte robusto de hasta 150 kg, ideal para largas sesiones de juego o trabajo.\" \/>\n<meta property=\"og:url\" content=\"https:\/\/makertechnologypc.com\/en\/product\/sofa-gamer-cougar-magus\/\" \/>\n<meta property=\"og:site_name\" content=\"Makertechnology\" \/>\n<meta property=\"article:publisher\" content=\"https:\/\/www.facebook.com\/people\/MakerTechnology\/61552346566079\/\" \/>\n<meta property=\"article:modified_time\" content=\"2025-09-10T19:53:54+00:00\" \/>\n<meta property=\"og:image\" content=\"https:\/\/makertechnologypc.com\/wp-content\/uploads\/2025\/09\/sillon-1.png\" \/>\n\t<meta property=\"og:image:width\" content=\"1000\" \/>\n\t<meta property=\"og:image:height\" content=\"1000\" \/>\n\t<meta property=\"og:image:type\" content=\"image\/png\" \/>\n<meta name=\"twitter:card\" content=\"summary_large_image\" \/>\n<script type=\"application\/ld+json\" class=\"yoast-schema-graph\">{\"@context\":\"https:\\\/\\\/schema.org\",\"@graph\":[{\"@type\":\"WebPage\",\"@id\":\"https:\\\/\\\/makertechnologypc.com\\\/product\\\/sofa-gamer-cougar-magus\\\/\",\"url\":\"https:\\\/\\\/makertechnologypc.com\\\/product\\\/sofa-gamer-cougar-magus\\\/\",\"name\":\"Sof\u00e1 Gamer Cougar Magus - Makertechnology\",\"isPartOf\":{\"@id\":\"https:\\\/\\\/makertechnologypc.com\\\/#website\"},\"primaryImageOfPage\":{\"@id\":\"https:\\\/\\\/makertechnologypc.com\\\/product\\\/sofa-gamer-cougar-magus\\\/#primaryimage\"},\"image\":{\"@id\":\"https:\\\/\\\/makertechnologypc.com\\\/product\\\/sofa-gamer-cougar-magus\\\/#primaryimage\"},\"thumbnailUrl\":\"https:\\\/\\\/makertechnologypc.com\\\/wp-content\\\/uploads\\\/2025\\\/09\\\/sillon-1.png\",\"datePublished\":\"2025-09-03T16:21:42+00:00\",\"dateModified\":\"2025-09-10T19:53:54+00:00\",\"breadcrumb\":{\"@id\":\"https:\\\/\\\/makertechnologypc.com\\\/product\\\/sofa-gamer-cougar-magus\\\/#breadcrumb\"},\"inLanguage\":\"en-US\",\"potentialAction\":[{\"@type\":\"ReadAction\",\"target\":[\"https:\\\/\\\/makertechnologypc.com\\\/product\\\/sofa-gamer-cougar-magus\\\/\"]}]},{\"@type\":\"ImageObject\",\"inLanguage\":\"en-US\",\"@id\":\"https:\\\/\\\/makertechnologypc.com\\\/product\\\/sofa-gamer-cougar-magus\\\/#primaryimage\",\"url\":\"https:\\\/\\\/makertechnologypc.com\\\/wp-content\\\/uploads\\\/2025\\\/09\\\/sillon-1.png\",\"contentUrl\":\"https:\\\/\\\/makertechnologypc.com\\\/wp-content\\\/uploads\\\/2025\\\/09\\\/sillon-1.png\",\"width\":1000,\"height\":1000},{\"@type\":\"BreadcrumbList\",\"@id\":\"https:\\\/\\\/makertechnologypc.com\\\/product\\\/sofa-gamer-cougar-magus\\\/#breadcrumb\",\"itemListElement\":[{\"@type\":\"ListItem\",\"position\":1,\"name\":\"Inicio\",\"item\":\"https:\\\/\\\/makertechnologypc.com\\\/\"},{\"@type\":\"ListItem\",\"position\":2,\"name\":\"Tienda\",\"item\":\"https:\\\/\\\/makertechnologypc.com\\\/tienda-de-pc-gamer-y-profesional\\\/\"},{\"@type\":\"ListItem\",\"position\":3,\"name\":\"Sof\u00e1 Gamer Cougar Magus\"}]},{\"@type\":\"WebSite\",\"@id\":\"https:\\\/\\\/makertechnologypc.com\\\/#website\",\"url\":\"https:\\\/\\\/makertechnologypc.com\\\/\",\"name\":\"makertechnology\",\"description\":\"Arma tu PC gamer o profesional en Colombia. Componentes premium, ensamble experto y hardware para rendimiento, gaming y productividad.\",\"publisher\":{\"@id\":\"https:\\\/\\\/makertechnologypc.com\\\/#organization\"},\"alternateName\":\"makertechnologypc\",\"potentialAction\":[{\"@type\":\"SearchAction\",\"target\":{\"@type\":\"EntryPoint\",\"urlTemplate\":\"https:\\\/\\\/makertechnologypc.com\\\/?s={search_term_string}\"},\"query-input\":{\"@type\":\"PropertyValueSpecification\",\"valueRequired\":true,\"valueName\":\"search_term_string\"}}],\"inLanguage\":\"en-US\"},{\"@type\":\"Organization\",\"@id\":\"https:\\\/\\\/makertechnologypc.com\\\/#organization\",\"name\":\"makertechnology\",\"alternateName\":\"makertechnology\",\"url\":\"https:\\\/\\\/makertechnologypc.com\\\/\",\"logo\":{\"@type\":\"ImageObject\",\"inLanguage\":\"en-US\",\"@id\":\"https:\\\/\\\/makertechnologypc.com\\\/#\\\/schema\\\/logo\\\/image\\\/\",\"url\":\"https:\\\/\\\/makertechnologypc.com\\\/wp-content\\\/uploads\\\/2025\\\/09\\\/makertechnology-logo-2.png\",\"contentUrl\":\"https:\\\/\\\/makertechnologypc.com\\\/wp-content\\\/uploads\\\/2025\\\/09\\\/makertechnology-logo-2.png\",\"width\":125,\"height\":140,\"caption\":\"makertechnology\"},\"image\":{\"@id\":\"https:\\\/\\\/makertechnologypc.com\\\/#\\\/schema\\\/logo\\\/image\\\/\"},\"sameAs\":[\"https:\\\/\\\/www.facebook.com\\\/people\\\/MakerTechnology\\\/61552346566079\\\/\",\"https:\\\/\\\/www.instagram.com\\\/makertechnology82\\\/\"]}]}<\/script>\n<!-- \/ Yoast SEO plugin. -->","yoast_head_json":{"title":"Sof\u00e1 Gamer Cougar Magus - Makertechnology","robots":{"index":"index","follow":"follow","max-snippet":"max-snippet:-1","max-image-preview":"max-image-preview:large","max-video-preview":"max-video-preview:-1"},"canonical":"https:\/\/makertechnologypc.com\/en\/product\/sofa-gamer-cougar-magus\/","og_locale":"en_US","og_type":"article","og_title":"Sof\u00e1 Gamer Cougar Magus - Makertechnology","og_description":"El Cougar Magus es un sofisticado sof\u00e1 gaming que combina est\u00e9tica, ergonom\u00eda y tecnolog\u00eda avanzada. Su sistema de reclinaci\u00f3n el\u00e9ctrica \u201cgravedad cero\u201d permite elevar las rodillas por encima del coraz\u00f3n para una postura perfecta y libre de tensi\u00f3n. Cuenta con una base giratoria de 270\u00b0, tapizado en lino sint\u00e9tico transpirable, puerto de carga USB-C y USB-A integrado bajo los controles y un pr\u00e1ctico bolsillo lateral para tener lo esencial al alcance. Todo esto con un soporte robusto de hasta 150 kg, ideal para largas sesiones de juego o trabajo.","og_url":"https:\/\/makertechnologypc.com\/en\/product\/sofa-gamer-cougar-magus\/","og_site_name":"Makertechnology","article_publisher":"https:\/\/www.facebook.com\/people\/MakerTechnology\/61552346566079\/","article_modified_time":"2025-09-10T19:53:54+00:00","og_image":[{"width":1000,"height":1000,"url":"https:\/\/makertechnologypc.com\/wp-content\/uploads\/2025\/09\/sillon-1.png","type":"image\/png"}],"twitter_card":"summary_large_image","schema":{"@context":"https:\/\/schema.org","@graph":[{"@type":"WebPage","@id":"https:\/\/makertechnologypc.com\/product\/sofa-gamer-cougar-magus\/","url":"https:\/\/makertechnologypc.com\/product\/sofa-gamer-cougar-magus\/","name":"Sof\u00e1 Gamer Cougar Magus - Makertechnology","isPartOf":{"@id":"https:\/\/makertechnologypc.com\/#website"},"primaryImageOfPage":{"@id":"https:\/\/makertechnologypc.com\/product\/sofa-gamer-cougar-magus\/#primaryimage"},"image":{"@id":"https:\/\/makertechnologypc.com\/product\/sofa-gamer-cougar-magus\/#primaryimage"},"thumbnailUrl":"https:\/\/makertechnologypc.com\/wp-content\/uploads\/2025\/09\/sillon-1.png","datePublished":"2025-09-03T16:21:42+00:00","dateModified":"2025-09-10T19:53:54+00:00","breadcrumb":{"@id":"https:\/\/makertechnologypc.com\/product\/sofa-gamer-cougar-magus\/#breadcrumb"},"inLanguage":"en-US","potentialAction":[{"@type":"ReadAction","target":["https:\/\/makertechnologypc.com\/product\/sofa-gamer-cougar-magus\/"]}]},{"@type":"ImageObject","inLanguage":"en-US","@id":"https:\/\/makertechnologypc.com\/product\/sofa-gamer-cougar-magus\/#primaryimage","url":"https:\/\/makertechnologypc.com\/wp-content\/uploads\/2025\/09\/sillon-1.png","contentUrl":"https:\/\/makertechnologypc.com\/wp-content\/uploads\/2025\/09\/sillon-1.png","width":1000,"height":1000},{"@type":"BreadcrumbList","@id":"https:\/\/makertechnologypc.com\/product\/sofa-gamer-cougar-magus\/#breadcrumb","itemListElement":[{"@type":"ListItem","position":1,"name":"Inicio","item":"https:\/\/makertechnologypc.com\/"},{"@type":"ListItem","position":2,"name":"Tienda","item":"https:\/\/makertechnologypc.com\/tienda-de-pc-gamer-y-profesional\/"},{"@type":"ListItem","position":3,"name":"Sof\u00e1 Gamer Cougar Magus"}]},{"@type":"WebSite","@id":"https:\/\/makertechnologypc.com\/#website","url":"https:\/\/makertechnologypc.com\/","name":"makertechnology","description":"Arma tu PC gamer o profesional en Colombia. Componentes premium, ensamble experto y hardware para rendimiento, gaming y productividad.","publisher":{"@id":"https:\/\/makertechnologypc.com\/#organization"},"alternateName":"makertechnologypc","potentialAction":[{"@type":"SearchAction","target":{"@type":"EntryPoint","urlTemplate":"https:\/\/makertechnologypc.com\/?s={search_term_string}"},"query-input":{"@type":"PropertyValueSpecification","valueRequired":true,"valueName":"search_term_string"}}],"inLanguage":"en-US"},{"@type":"Organization","@id":"https:\/\/makertechnologypc.com\/#organization","name":"makertechnology","alternateName":"makertechnology","url":"https:\/\/makertechnologypc.com\/","logo":{"@type":"ImageObject","inLanguage":"en-US","@id":"https:\/\/makertechnologypc.com\/#\/schema\/logo\/image\/","url":"https:\/\/makertechnologypc.com\/wp-content\/uploads\/2025\/09\/makertechnology-logo-2.png","contentUrl":"https:\/\/makertechnologypc.com\/wp-content\/uploads\/2025\/09\/makertechnology-logo-2.png","width":125,"height":140,"caption":"makertechnology"},"image":{"@id":"https:\/\/makertechnologypc.com\/#\/schema\/logo\/image\/"},"sameAs":["https:\/\/www.facebook.com\/people\/MakerTechnology\/61552346566079\/","https:\/\/www.instagram.com\/makertechnology82\/"]}]}},"_links":{"self":[{"href":"https:\/\/makertechnologypc.com\/en\/wp-json\/wp\/v2\/product\/2175","targetHints":{"allow":["GET"]}}],"collection":[{"href":"https:\/\/makertechnologypc.com\/en\/wp-json\/wp\/v2\/product"}],"about":[{"href":"https:\/\/makertechnologypc.com\/en\/wp-json\/wp\/v2\/types\/product"}],"replies":[{"embeddable":true,"href":"https:\/\/makertechnologypc.com\/en\/wp-json\/wp\/v2\/comments?post=2175"}],"wp:featuredmedia":[{"embeddable":true,"href":"https:\/\/makertechnologypc.com\/en\/wp-json\/wp\/v2\/media\/2176"}],"wp:attachment":[{"href":"https:\/\/makertechnologypc.com\/en\/wp-json\/wp\/v2\/media?parent=2175"}],"wp:term":[{"taxonomy":"product_brand","embeddable":true,"href":"https:\/\/makertechnologypc.com\/en\/wp-json\/wp\/v2\/product_brand?post=2175"},{"taxonomy":"product_cat","embeddable":true,"href":"https:\/\/makertechnologypc.com\/en\/wp-json\/wp\/v2\/product_cat?post=2175"},{"taxonomy":"product_tag","embeddable":true,"href":"https:\/\/makertechnologypc.com\/en\/wp-json\/wp\/v2\/product_tag?post=2175"}],"curies":[{"name":"wp","href":"https:\/\/api.w.org\/{rel}","templated":true}]}}