{"id":2220,"date":"2025-09-03T17:28:22","date_gmt":"2025-09-03T22:28:22","guid":{"rendered":"https:\/\/makertechnologypc.com\/?post_type=product&#038;p=2220"},"modified":"2025-09-10T14:28:56","modified_gmt":"2025-09-10T19:28:56","slug":"cooler-para-cpu-thermaltake-astria-200-argb-white","status":"publish","type":"product","link":"https:\/\/makertechnologypc.com\/en\/product\/cooler-para-cpu-thermaltake-astria-200-argb-white\/","title":{"rendered":"Cooler para CPU Thermaltake Astria 200 ARGB White"},"content":{"rendered":"<table style=\"height: 456px;\" width=\"1102\">\n<thead>\n<tr>\n<th>Caracter\u00edstica<\/th>\n<th>Detalle<\/th>\n<\/tr>\n<\/thead>\n<tbody>\n<tr>\n<td><strong>Tipo<\/strong><\/td>\n<td>Disipador de aire (cooler) con iluminaci\u00f3n ARGB<\/td>\n<\/tr>\n<tr>\n<td><strong>Formato<\/strong><\/td>\n<td>Torre sencilla (Single-tower)<\/td>\n<\/tr>\n<tr>\n<td><strong>Potencia de refrigeraci\u00f3n (TDP)<\/strong><\/td>\n<td>210 W<\/td>\n<\/tr>\n<tr>\n<td><strong>Heat-pipes<\/strong><\/td>\n<td>4 \u00d7 \u00d8 6 mm en U (contacto directo)<\/td>\n<\/tr>\n<tr>\n<td><strong>Ventilador<\/strong><\/td>\n<td>120 \u00d7 120 \u00d7 25 mm, PWM (500\u20131 800 RPM)<\/td>\n<\/tr>\n<tr>\n<td><strong>Flujo de aire<\/strong><\/td>\n<td>65 CFM<\/td>\n<\/tr>\n<tr>\n<td><strong>Presi\u00f3n est\u00e1tica<\/strong><\/td>\n<td>2,56 mm-H\u2082O<\/td>\n<\/tr>\n<tr>\n<td><strong>Ruido ac\u00fastico<\/strong><\/td>\n<td>26,8 dBA<\/td>\n<\/tr>\n<tr>\n<td><strong>Dimensiones (L \u00d7 W \u00d7 H)<\/strong><\/td>\n<td>124 \u00d7 93 \u00d7 160 mm<\/td>\n<\/tr>\n<tr>\n<td><strong>Material<\/strong><\/td>\n<td>Aletas de aluminio y heat-pipes de cobre<\/td>\n<\/tr>\n<tr>\n<td><strong>Compatibilidad sockets<\/strong><\/td>\n<td>Intel: LGA 2066 \/ 2011 \/ 1851 \/ 1700 \/ 1200 \/ 1156 \/ 1155 \/ 1151 \/ 1150AMD: AM5 \/ AM4<\/td>\n<\/tr>\n<tr>\n<td><strong>Iluminaci\u00f3n<\/strong><\/td>\n<td>27 LEDs ARGB (18 en tapa + 9 en ventilador)<\/td>\n<\/tr>\n<tr>\n<td><strong>Conectores de iluminaci\u00f3n y ventilador<\/strong><\/td>\n<td>Ambos con header 5 V ARGB (4-pin)<\/td>\n<\/tr>\n<tr>\n<td><strong>Esperanza de vida del ventilador<\/strong><\/td>\n<td>40 000 horas<\/td>\n<\/tr>\n<\/tbody>\n<\/table>","protected":false},"excerpt":{"rendered":"<p>Tu aliado ideal para un rendimiento equilibrado y estilo cautivador. Su dise\u00f1o luminoso con un efecto de \u201clluvia de meteoros\u201d en la tapa, sumado a la sincronizaci\u00f3n ARGB con placas base compatibles, le da un aspecto espectacular. Su ventilador PWM de 120 mm con gran flujo de aire y cuatro heat-pipes de cobre de contacto directo ofrecen hasta 210 W de potencia t\u00e9rmica, manteni\u00e9ndolo fresco sin esfuerzo ni ruidos molestos. Perfecto para quienes buscan eficiencia, est\u00e9tica y compatibilidad de alto nivel en un solo paquete.<\/p>","protected":false},"featured_media":2222,"comment_status":"open","ping_status":"closed","template":"","meta":[],"product_brand":[42],"product_cat":[172,171],"product_tag":[183,43],"class_list":{"0":"post-2220","1":"product","2":"type-product","3":"status-publish","4":"has-post-thumbnail","6":"product_brand-thermaltake","7":"product_cat-coolers-para-cpu","8":"product_cat-refrigeracion","9":"product_tag-cooler","10":"product_tag-thermaltake","12":"first","13":"instock","14":"shipping-taxable","15":"purchasable","16":"product-type-simple"},"yoast_head":"<!-- This site is optimized with the Yoast SEO plugin v27.4 - https:\/\/yoast.com\/product\/yoast-seo-wordpress\/ -->\n<title>Cooler para CPU Thermaltake Astria 200 ARGB White - Makertechnology<\/title>\n<meta name=\"robots\" content=\"index, follow, max-snippet:-1, max-image-preview:large, max-video-preview:-1\" \/>\n<link rel=\"canonical\" href=\"https:\/\/makertechnologypc.com\/en\/product\/cooler-para-cpu-thermaltake-astria-200-argb-white\/\" \/>\n<meta property=\"og:locale\" content=\"en_US\" \/>\n<meta property=\"og:type\" content=\"article\" \/>\n<meta property=\"og:title\" content=\"Cooler para CPU Thermaltake Astria 200 ARGB White - Makertechnology\" \/>\n<meta property=\"og:description\" content=\"Tu aliado ideal para un rendimiento equilibrado y estilo cautivador. Su dise\u00f1o luminoso con un efecto de \u201clluvia de meteoros\u201d en la tapa, sumado a la sincronizaci\u00f3n ARGB con placas base compatibles, le da un aspecto espectacular. Su ventilador PWM de 120 mm con gran flujo de aire y cuatro heat-pipes de cobre de contacto directo ofrecen hasta 210 W de potencia t\u00e9rmica, manteni\u00e9ndolo fresco sin esfuerzo ni ruidos molestos. Perfecto para quienes buscan eficiencia, est\u00e9tica y compatibilidad de alto nivel en un solo paquete.\" \/>\n<meta property=\"og:url\" content=\"https:\/\/makertechnologypc.com\/en\/product\/cooler-para-cpu-thermaltake-astria-200-argb-white\/\" \/>\n<meta property=\"og:site_name\" content=\"Makertechnology\" \/>\n<meta property=\"article:publisher\" content=\"https:\/\/www.facebook.com\/people\/MakerTechnology\/61552346566079\/\" \/>\n<meta property=\"article:modified_time\" content=\"2025-09-10T19:28:56+00:00\" \/>\n<meta property=\"og:image\" content=\"https:\/\/makertechnologypc.com\/wp-content\/uploads\/2025\/09\/755.png\" \/>\n\t<meta property=\"og:image:width\" content=\"1000\" \/>\n\t<meta property=\"og:image:height\" content=\"1000\" \/>\n\t<meta property=\"og:image:type\" content=\"image\/png\" \/>\n<meta name=\"twitter:card\" content=\"summary_large_image\" \/>\n<script type=\"application\/ld+json\" class=\"yoast-schema-graph\">{\"@context\":\"https:\\\/\\\/schema.org\",\"@graph\":[{\"@type\":\"WebPage\",\"@id\":\"https:\\\/\\\/makertechnologypc.com\\\/product\\\/cooler-para-cpu-thermaltake-astria-200-argb-white\\\/\",\"url\":\"https:\\\/\\\/makertechnologypc.com\\\/product\\\/cooler-para-cpu-thermaltake-astria-200-argb-white\\\/\",\"name\":\"Cooler para CPU Thermaltake Astria 200 ARGB White - Makertechnology\",\"isPartOf\":{\"@id\":\"https:\\\/\\\/makertechnologypc.com\\\/#website\"},\"primaryImageOfPage\":{\"@id\":\"https:\\\/\\\/makertechnologypc.com\\\/product\\\/cooler-para-cpu-thermaltake-astria-200-argb-white\\\/#primaryimage\"},\"image\":{\"@id\":\"https:\\\/\\\/makertechnologypc.com\\\/product\\\/cooler-para-cpu-thermaltake-astria-200-argb-white\\\/#primaryimage\"},\"thumbnailUrl\":\"https:\\\/\\\/makertechnologypc.com\\\/wp-content\\\/uploads\\\/2025\\\/09\\\/755.png\",\"datePublished\":\"2025-09-03T22:28:22+00:00\",\"dateModified\":\"2025-09-10T19:28:56+00:00\",\"breadcrumb\":{\"@id\":\"https:\\\/\\\/makertechnologypc.com\\\/product\\\/cooler-para-cpu-thermaltake-astria-200-argb-white\\\/#breadcrumb\"},\"inLanguage\":\"en-US\",\"potentialAction\":[{\"@type\":\"ReadAction\",\"target\":[\"https:\\\/\\\/makertechnologypc.com\\\/product\\\/cooler-para-cpu-thermaltake-astria-200-argb-white\\\/\"]}]},{\"@type\":\"ImageObject\",\"inLanguage\":\"en-US\",\"@id\":\"https:\\\/\\\/makertechnologypc.com\\\/product\\\/cooler-para-cpu-thermaltake-astria-200-argb-white\\\/#primaryimage\",\"url\":\"https:\\\/\\\/makertechnologypc.com\\\/wp-content\\\/uploads\\\/2025\\\/09\\\/755.png\",\"contentUrl\":\"https:\\\/\\\/makertechnologypc.com\\\/wp-content\\\/uploads\\\/2025\\\/09\\\/755.png\",\"width\":1000,\"height\":1000},{\"@type\":\"BreadcrumbList\",\"@id\":\"https:\\\/\\\/makertechnologypc.com\\\/product\\\/cooler-para-cpu-thermaltake-astria-200-argb-white\\\/#breadcrumb\",\"itemListElement\":[{\"@type\":\"ListItem\",\"position\":1,\"name\":\"Inicio\",\"item\":\"https:\\\/\\\/makertechnologypc.com\\\/\"},{\"@type\":\"ListItem\",\"position\":2,\"name\":\"Tienda\",\"item\":\"https:\\\/\\\/makertechnologypc.com\\\/tienda-de-pc-gamer-y-profesional\\\/\"},{\"@type\":\"ListItem\",\"position\":3,\"name\":\"Cooler para CPU Thermaltake Astria 200 ARGB White\"}]},{\"@type\":\"WebSite\",\"@id\":\"https:\\\/\\\/makertechnologypc.com\\\/#website\",\"url\":\"https:\\\/\\\/makertechnologypc.com\\\/\",\"name\":\"makertechnology\",\"description\":\"Arma tu PC gamer o profesional en Colombia. Componentes premium, ensamble experto y hardware para rendimiento, gaming y productividad.\",\"publisher\":{\"@id\":\"https:\\\/\\\/makertechnologypc.com\\\/#organization\"},\"alternateName\":\"makertechnologypc\",\"potentialAction\":[{\"@type\":\"SearchAction\",\"target\":{\"@type\":\"EntryPoint\",\"urlTemplate\":\"https:\\\/\\\/makertechnologypc.com\\\/?s={search_term_string}\"},\"query-input\":{\"@type\":\"PropertyValueSpecification\",\"valueRequired\":true,\"valueName\":\"search_term_string\"}}],\"inLanguage\":\"en-US\"},{\"@type\":\"Organization\",\"@id\":\"https:\\\/\\\/makertechnologypc.com\\\/#organization\",\"name\":\"makertechnology\",\"alternateName\":\"makertechnology\",\"url\":\"https:\\\/\\\/makertechnologypc.com\\\/\",\"logo\":{\"@type\":\"ImageObject\",\"inLanguage\":\"en-US\",\"@id\":\"https:\\\/\\\/makertechnologypc.com\\\/#\\\/schema\\\/logo\\\/image\\\/\",\"url\":\"https:\\\/\\\/makertechnologypc.com\\\/wp-content\\\/uploads\\\/2025\\\/09\\\/makertechnology-logo-2.png\",\"contentUrl\":\"https:\\\/\\\/makertechnologypc.com\\\/wp-content\\\/uploads\\\/2025\\\/09\\\/makertechnology-logo-2.png\",\"width\":125,\"height\":140,\"caption\":\"makertechnology\"},\"image\":{\"@id\":\"https:\\\/\\\/makertechnologypc.com\\\/#\\\/schema\\\/logo\\\/image\\\/\"},\"sameAs\":[\"https:\\\/\\\/www.facebook.com\\\/people\\\/MakerTechnology\\\/61552346566079\\\/\",\"https:\\\/\\\/www.instagram.com\\\/makertechnology82\\\/\"]}]}<\/script>\n<!-- \/ Yoast SEO plugin. -->","yoast_head_json":{"title":"Cooler para CPU Thermaltake Astria 200 ARGB White - Makertechnology","robots":{"index":"index","follow":"follow","max-snippet":"max-snippet:-1","max-image-preview":"max-image-preview:large","max-video-preview":"max-video-preview:-1"},"canonical":"https:\/\/makertechnologypc.com\/en\/product\/cooler-para-cpu-thermaltake-astria-200-argb-white\/","og_locale":"en_US","og_type":"article","og_title":"Cooler para CPU Thermaltake Astria 200 ARGB White - Makertechnology","og_description":"Tu aliado ideal para un rendimiento equilibrado y estilo cautivador. Su dise\u00f1o luminoso con un efecto de \u201clluvia de meteoros\u201d en la tapa, sumado a la sincronizaci\u00f3n ARGB con placas base compatibles, le da un aspecto espectacular. Su ventilador PWM de 120 mm con gran flujo de aire y cuatro heat-pipes de cobre de contacto directo ofrecen hasta 210 W de potencia t\u00e9rmica, manteni\u00e9ndolo fresco sin esfuerzo ni ruidos molestos. Perfecto para quienes buscan eficiencia, est\u00e9tica y compatibilidad de alto nivel en un solo paquete.","og_url":"https:\/\/makertechnologypc.com\/en\/product\/cooler-para-cpu-thermaltake-astria-200-argb-white\/","og_site_name":"Makertechnology","article_publisher":"https:\/\/www.facebook.com\/people\/MakerTechnology\/61552346566079\/","article_modified_time":"2025-09-10T19:28:56+00:00","og_image":[{"width":1000,"height":1000,"url":"https:\/\/makertechnologypc.com\/wp-content\/uploads\/2025\/09\/755.png","type":"image\/png"}],"twitter_card":"summary_large_image","schema":{"@context":"https:\/\/schema.org","@graph":[{"@type":"WebPage","@id":"https:\/\/makertechnologypc.com\/product\/cooler-para-cpu-thermaltake-astria-200-argb-white\/","url":"https:\/\/makertechnologypc.com\/product\/cooler-para-cpu-thermaltake-astria-200-argb-white\/","name":"Cooler para CPU Thermaltake Astria 200 ARGB White - Makertechnology","isPartOf":{"@id":"https:\/\/makertechnologypc.com\/#website"},"primaryImageOfPage":{"@id":"https:\/\/makertechnologypc.com\/product\/cooler-para-cpu-thermaltake-astria-200-argb-white\/#primaryimage"},"image":{"@id":"https:\/\/makertechnologypc.com\/product\/cooler-para-cpu-thermaltake-astria-200-argb-white\/#primaryimage"},"thumbnailUrl":"https:\/\/makertechnologypc.com\/wp-content\/uploads\/2025\/09\/755.png","datePublished":"2025-09-03T22:28:22+00:00","dateModified":"2025-09-10T19:28:56+00:00","breadcrumb":{"@id":"https:\/\/makertechnologypc.com\/product\/cooler-para-cpu-thermaltake-astria-200-argb-white\/#breadcrumb"},"inLanguage":"en-US","potentialAction":[{"@type":"ReadAction","target":["https:\/\/makertechnologypc.com\/product\/cooler-para-cpu-thermaltake-astria-200-argb-white\/"]}]},{"@type":"ImageObject","inLanguage":"en-US","@id":"https:\/\/makertechnologypc.com\/product\/cooler-para-cpu-thermaltake-astria-200-argb-white\/#primaryimage","url":"https:\/\/makertechnologypc.com\/wp-content\/uploads\/2025\/09\/755.png","contentUrl":"https:\/\/makertechnologypc.com\/wp-content\/uploads\/2025\/09\/755.png","width":1000,"height":1000},{"@type":"BreadcrumbList","@id":"https:\/\/makertechnologypc.com\/product\/cooler-para-cpu-thermaltake-astria-200-argb-white\/#breadcrumb","itemListElement":[{"@type":"ListItem","position":1,"name":"Inicio","item":"https:\/\/makertechnologypc.com\/"},{"@type":"ListItem","position":2,"name":"Tienda","item":"https:\/\/makertechnologypc.com\/tienda-de-pc-gamer-y-profesional\/"},{"@type":"ListItem","position":3,"name":"Cooler para CPU Thermaltake Astria 200 ARGB White"}]},{"@type":"WebSite","@id":"https:\/\/makertechnologypc.com\/#website","url":"https:\/\/makertechnologypc.com\/","name":"makertechnology","description":"Arma tu PC gamer o profesional en Colombia. Componentes premium, ensamble experto y hardware para rendimiento, gaming y productividad.","publisher":{"@id":"https:\/\/makertechnologypc.com\/#organization"},"alternateName":"makertechnologypc","potentialAction":[{"@type":"SearchAction","target":{"@type":"EntryPoint","urlTemplate":"https:\/\/makertechnologypc.com\/?s={search_term_string}"},"query-input":{"@type":"PropertyValueSpecification","valueRequired":true,"valueName":"search_term_string"}}],"inLanguage":"en-US"},{"@type":"Organization","@id":"https:\/\/makertechnologypc.com\/#organization","name":"makertechnology","alternateName":"makertechnology","url":"https:\/\/makertechnologypc.com\/","logo":{"@type":"ImageObject","inLanguage":"en-US","@id":"https:\/\/makertechnologypc.com\/#\/schema\/logo\/image\/","url":"https:\/\/makertechnologypc.com\/wp-content\/uploads\/2025\/09\/makertechnology-logo-2.png","contentUrl":"https:\/\/makertechnologypc.com\/wp-content\/uploads\/2025\/09\/makertechnology-logo-2.png","width":125,"height":140,"caption":"makertechnology"},"image":{"@id":"https:\/\/makertechnologypc.com\/#\/schema\/logo\/image\/"},"sameAs":["https:\/\/www.facebook.com\/people\/MakerTechnology\/61552346566079\/","https:\/\/www.instagram.com\/makertechnology82\/"]}]}},"_links":{"self":[{"href":"https:\/\/makertechnologypc.com\/en\/wp-json\/wp\/v2\/product\/2220","targetHints":{"allow":["GET"]}}],"collection":[{"href":"https:\/\/makertechnologypc.com\/en\/wp-json\/wp\/v2\/product"}],"about":[{"href":"https:\/\/makertechnologypc.com\/en\/wp-json\/wp\/v2\/types\/product"}],"replies":[{"embeddable":true,"href":"https:\/\/makertechnologypc.com\/en\/wp-json\/wp\/v2\/comments?post=2220"}],"wp:featuredmedia":[{"embeddable":true,"href":"https:\/\/makertechnologypc.com\/en\/wp-json\/wp\/v2\/media\/2222"}],"wp:attachment":[{"href":"https:\/\/makertechnologypc.com\/en\/wp-json\/wp\/v2\/media?parent=2220"}],"wp:term":[{"taxonomy":"product_brand","embeddable":true,"href":"https:\/\/makertechnologypc.com\/en\/wp-json\/wp\/v2\/product_brand?post=2220"},{"taxonomy":"product_cat","embeddable":true,"href":"https:\/\/makertechnologypc.com\/en\/wp-json\/wp\/v2\/product_cat?post=2220"},{"taxonomy":"product_tag","embeddable":true,"href":"https:\/\/makertechnologypc.com\/en\/wp-json\/wp\/v2\/product_tag?post=2220"}],"curies":[{"name":"wp","href":"https:\/\/api.w.org\/{rel}","templated":true}]}}