{"id":2266,"date":"2025-09-05T16:13:56","date_gmt":"2025-09-05T21:13:56","guid":{"rendered":"https:\/\/makertechnologypc.com\/?post_type=product&#038;p=2266"},"modified":"2025-09-10T15:37:19","modified_gmt":"2025-09-10T20:37:19","slug":"ups-unitec-850w-600va","status":"publish","type":"product","link":"https:\/\/makertechnologypc.com\/en\/product\/ups-unitec-850w-600va\/","title":{"rendered":"UPS Unitec 850W 600VA"},"content":{"rendered":"<table style=\"height: 357px;\" width=\"1098\">\n<thead>\n<tr>\n<th>Especificaci\u00f3n<\/th>\n<th>Detalles<\/th>\n<\/tr>\n<\/thead>\n<tbody>\n<tr>\n<td><strong>Potencia nominal<\/strong><\/td>\n<td>600 VA \/ 360 W (factor de potencia 0.6)<\/td>\n<\/tr>\n<tr>\n<td><strong>Tomas de conexi\u00f3n<\/strong><\/td>\n<td>6 totales: 4 reguladas + 2 BYPASS<\/td>\n<\/tr>\n<tr>\n<td><strong>Autonom\u00eda a plena carga<\/strong><\/td>\n<td>10 a 12 minutos<\/td>\n<\/tr>\n<tr>\n<td><strong>Tiempo de transferencia<\/strong><\/td>\n<td>2 a 7 ms<\/td>\n<\/tr>\n<tr>\n<td><strong>Tiempo de recarga (0\u201390 %)<\/strong><\/td>\n<td>6 a 8 horas<\/td>\n<\/tr>\n<tr>\n<td><strong>Bater\u00eda<\/strong><\/td>\n<td>12 V \/ 7 Ah (1 unidad)<\/td>\n<\/tr>\n<tr>\n<td><strong>Indicadores<\/strong><\/td>\n<td>LED por funci\u00f3n y fusible reset<\/td>\n<\/tr>\n<tr>\n<td><strong>Forma de onda<\/strong><\/td>\n<td>Sin especificar exactamente, pero t\u00edpicamente onda modificada<\/td>\n<\/tr>\n<tr>\n<td><strong>Precio aproximado en Colombia<\/strong><\/td>\n<td>$155.170 a $210.000 COP (var\u00eda seg\u00fan el distribuidor)<\/td>\n<\/tr>\n<\/tbody>\n<\/table>","protected":false},"excerpt":{"rendered":"<p>Unitec USA trae para ti la posibilidad de\u00a0 resguardar las tareas realizadas en equipos electr\u00f3nicos frente a situaciones improvistas en la red el\u00e9ctrica. Su funci\u00f3n principal consiste en brindar energ\u00eda por un periodo determinado ante cortes repentinos de luz gracias a su bater\u00eda interna de\u00a0<span data-sheets-value=\"{&quot;1&quot;:2,&quot;2&quot;:&quot;Nuevo factor de potencia: 0.6 potencia real de salida: 360W 6 tomas: 4 tomas reguladas y 2 directos (BYPASS) duraci\u00f3n de bater\u00eda a full carga: 10 a 12 minutos protege tu equipo contra un apag\u00f3n de energ\u00eda tiempo de transferencia: 2 a 7 ms tiempo de carga: 6 a 8 horas para carga aproximada del 90% LED indicador por funci\u00f3n fusible reset bater\u00eda:1 x 12 V \/ 7 AMP&quot;}\">12 V \/ 7 AMP\u00a0 la cual 10 a 12 minutos protege tu equipo contra un apag\u00f3n de energ\u00eda.<\/span><\/p>","protected":false},"featured_media":2267,"comment_status":"open","ping_status":"closed","template":"","meta":[],"product_brand":[225],"product_cat":[226],"product_tag":[227,228],"class_list":{"0":"post-2266","1":"product","2":"type-product","3":"status-publish","4":"has-post-thumbnail","6":"product_brand-unitec","7":"product_cat-ups","8":"product_tag-unitec","9":"product_tag-ups","11":"first","12":"instock","13":"shipping-taxable","14":"purchasable","15":"product-type-simple"},"yoast_head":"<!-- This site is optimized with the Yoast SEO plugin v27.4 - https:\/\/yoast.com\/product\/yoast-seo-wordpress\/ -->\n<title>UPS Unitec 850W 600VA - Makertechnology<\/title>\n<meta name=\"robots\" content=\"index, follow, max-snippet:-1, max-image-preview:large, max-video-preview:-1\" \/>\n<link rel=\"canonical\" href=\"https:\/\/makertechnologypc.com\/en\/product\/ups-unitec-850w-600va\/\" \/>\n<meta property=\"og:locale\" content=\"en_US\" \/>\n<meta property=\"og:type\" content=\"article\" \/>\n<meta property=\"og:title\" content=\"UPS Unitec 850W 600VA - Makertechnology\" \/>\n<meta property=\"og:description\" content=\"Unitec USA trae para ti la posibilidad de\u00a0 resguardar las tareas realizadas en equipos electr\u00f3nicos frente a situaciones improvistas en la red el\u00e9ctrica. Su funci\u00f3n principal consiste en brindar energ\u00eda por un periodo determinado ante cortes repentinos de luz gracias a su bater\u00eda interna de\u00a012 V \/ 7 AMP\u00a0 la cual 10 a 12 minutos protege tu equipo contra un apag\u00f3n de energ\u00eda.\" \/>\n<meta property=\"og:url\" content=\"https:\/\/makertechnologypc.com\/en\/product\/ups-unitec-850w-600va\/\" \/>\n<meta property=\"og:site_name\" content=\"Makertechnology\" \/>\n<meta property=\"article:publisher\" content=\"https:\/\/www.facebook.com\/people\/MakerTechnology\/61552346566079\/\" \/>\n<meta property=\"article:modified_time\" content=\"2025-09-10T20:37:19+00:00\" \/>\n<meta property=\"og:image\" content=\"https:\/\/makertechnologypc.com\/wp-content\/uploads\/2025\/09\/100-1-1024x1024.png\" \/>\n\t<meta property=\"og:image:width\" content=\"1024\" \/>\n\t<meta property=\"og:image:height\" content=\"1024\" \/>\n\t<meta property=\"og:image:type\" content=\"image\/png\" \/>\n<meta name=\"twitter:card\" content=\"summary_large_image\" \/>\n<script type=\"application\/ld+json\" class=\"yoast-schema-graph\">{\"@context\":\"https:\\\/\\\/schema.org\",\"@graph\":[{\"@type\":\"WebPage\",\"@id\":\"https:\\\/\\\/makertechnologypc.com\\\/product\\\/ups-unitec-850w-600va\\\/\",\"url\":\"https:\\\/\\\/makertechnologypc.com\\\/product\\\/ups-unitec-850w-600va\\\/\",\"name\":\"UPS Unitec 850W 600VA - Makertechnology\",\"isPartOf\":{\"@id\":\"https:\\\/\\\/makertechnologypc.com\\\/#website\"},\"primaryImageOfPage\":{\"@id\":\"https:\\\/\\\/makertechnologypc.com\\\/product\\\/ups-unitec-850w-600va\\\/#primaryimage\"},\"image\":{\"@id\":\"https:\\\/\\\/makertechnologypc.com\\\/product\\\/ups-unitec-850w-600va\\\/#primaryimage\"},\"thumbnailUrl\":\"https:\\\/\\\/makertechnologypc.com\\\/wp-content\\\/uploads\\\/2025\\\/09\\\/100-1.png\",\"datePublished\":\"2025-09-05T21:13:56+00:00\",\"dateModified\":\"2025-09-10T20:37:19+00:00\",\"breadcrumb\":{\"@id\":\"https:\\\/\\\/makertechnologypc.com\\\/product\\\/ups-unitec-850w-600va\\\/#breadcrumb\"},\"inLanguage\":\"en-US\",\"potentialAction\":[{\"@type\":\"ReadAction\",\"target\":[\"https:\\\/\\\/makertechnologypc.com\\\/product\\\/ups-unitec-850w-600va\\\/\"]}]},{\"@type\":\"ImageObject\",\"inLanguage\":\"en-US\",\"@id\":\"https:\\\/\\\/makertechnologypc.com\\\/product\\\/ups-unitec-850w-600va\\\/#primaryimage\",\"url\":\"https:\\\/\\\/makertechnologypc.com\\\/wp-content\\\/uploads\\\/2025\\\/09\\\/100-1.png\",\"contentUrl\":\"https:\\\/\\\/makertechnologypc.com\\\/wp-content\\\/uploads\\\/2025\\\/09\\\/100-1.png\",\"width\":2000,\"height\":2000},{\"@type\":\"BreadcrumbList\",\"@id\":\"https:\\\/\\\/makertechnologypc.com\\\/product\\\/ups-unitec-850w-600va\\\/#breadcrumb\",\"itemListElement\":[{\"@type\":\"ListItem\",\"position\":1,\"name\":\"Inicio\",\"item\":\"https:\\\/\\\/makertechnologypc.com\\\/\"},{\"@type\":\"ListItem\",\"position\":2,\"name\":\"Tienda\",\"item\":\"https:\\\/\\\/makertechnologypc.com\\\/tienda-de-pc-gamer-y-profesional\\\/\"},{\"@type\":\"ListItem\",\"position\":3,\"name\":\"UPS Unitec 850W 600VA\"}]},{\"@type\":\"WebSite\",\"@id\":\"https:\\\/\\\/makertechnologypc.com\\\/#website\",\"url\":\"https:\\\/\\\/makertechnologypc.com\\\/\",\"name\":\"makertechnology\",\"description\":\"Arma tu PC gamer o profesional en Colombia. Componentes premium, ensamble experto y hardware para rendimiento, gaming y productividad.\",\"publisher\":{\"@id\":\"https:\\\/\\\/makertechnologypc.com\\\/#organization\"},\"alternateName\":\"makertechnologypc\",\"potentialAction\":[{\"@type\":\"SearchAction\",\"target\":{\"@type\":\"EntryPoint\",\"urlTemplate\":\"https:\\\/\\\/makertechnologypc.com\\\/?s={search_term_string}\"},\"query-input\":{\"@type\":\"PropertyValueSpecification\",\"valueRequired\":true,\"valueName\":\"search_term_string\"}}],\"inLanguage\":\"en-US\"},{\"@type\":\"Organization\",\"@id\":\"https:\\\/\\\/makertechnologypc.com\\\/#organization\",\"name\":\"makertechnology\",\"alternateName\":\"makertechnology\",\"url\":\"https:\\\/\\\/makertechnologypc.com\\\/\",\"logo\":{\"@type\":\"ImageObject\",\"inLanguage\":\"en-US\",\"@id\":\"https:\\\/\\\/makertechnologypc.com\\\/#\\\/schema\\\/logo\\\/image\\\/\",\"url\":\"https:\\\/\\\/makertechnologypc.com\\\/wp-content\\\/uploads\\\/2025\\\/09\\\/makertechnology-logo-2.png\",\"contentUrl\":\"https:\\\/\\\/makertechnologypc.com\\\/wp-content\\\/uploads\\\/2025\\\/09\\\/makertechnology-logo-2.png\",\"width\":125,\"height\":140,\"caption\":\"makertechnology\"},\"image\":{\"@id\":\"https:\\\/\\\/makertechnologypc.com\\\/#\\\/schema\\\/logo\\\/image\\\/\"},\"sameAs\":[\"https:\\\/\\\/www.facebook.com\\\/people\\\/MakerTechnology\\\/61552346566079\\\/\",\"https:\\\/\\\/www.instagram.com\\\/makertechnology82\\\/\"]}]}<\/script>\n<!-- \/ Yoast SEO plugin. -->","yoast_head_json":{"title":"UPS Unitec 850W 600VA - Makertechnology","robots":{"index":"index","follow":"follow","max-snippet":"max-snippet:-1","max-image-preview":"max-image-preview:large","max-video-preview":"max-video-preview:-1"},"canonical":"https:\/\/makertechnologypc.com\/en\/product\/ups-unitec-850w-600va\/","og_locale":"en_US","og_type":"article","og_title":"UPS Unitec 850W 600VA - Makertechnology","og_description":"Unitec USA trae para ti la posibilidad de\u00a0 resguardar las tareas realizadas en equipos electr\u00f3nicos frente a situaciones improvistas en la red el\u00e9ctrica. Su funci\u00f3n principal consiste en brindar energ\u00eda por un periodo determinado ante cortes repentinos de luz gracias a su bater\u00eda interna de\u00a012 V \/ 7 AMP\u00a0 la cual 10 a 12 minutos protege tu equipo contra un apag\u00f3n de energ\u00eda.","og_url":"https:\/\/makertechnologypc.com\/en\/product\/ups-unitec-850w-600va\/","og_site_name":"Makertechnology","article_publisher":"https:\/\/www.facebook.com\/people\/MakerTechnology\/61552346566079\/","article_modified_time":"2025-09-10T20:37:19+00:00","og_image":[{"width":1024,"height":1024,"url":"https:\/\/makertechnologypc.com\/wp-content\/uploads\/2025\/09\/100-1-1024x1024.png","type":"image\/png"}],"twitter_card":"summary_large_image","schema":{"@context":"https:\/\/schema.org","@graph":[{"@type":"WebPage","@id":"https:\/\/makertechnologypc.com\/product\/ups-unitec-850w-600va\/","url":"https:\/\/makertechnologypc.com\/product\/ups-unitec-850w-600va\/","name":"UPS Unitec 850W 600VA - Makertechnology","isPartOf":{"@id":"https:\/\/makertechnologypc.com\/#website"},"primaryImageOfPage":{"@id":"https:\/\/makertechnologypc.com\/product\/ups-unitec-850w-600va\/#primaryimage"},"image":{"@id":"https:\/\/makertechnologypc.com\/product\/ups-unitec-850w-600va\/#primaryimage"},"thumbnailUrl":"https:\/\/makertechnologypc.com\/wp-content\/uploads\/2025\/09\/100-1.png","datePublished":"2025-09-05T21:13:56+00:00","dateModified":"2025-09-10T20:37:19+00:00","breadcrumb":{"@id":"https:\/\/makertechnologypc.com\/product\/ups-unitec-850w-600va\/#breadcrumb"},"inLanguage":"en-US","potentialAction":[{"@type":"ReadAction","target":["https:\/\/makertechnologypc.com\/product\/ups-unitec-850w-600va\/"]}]},{"@type":"ImageObject","inLanguage":"en-US","@id":"https:\/\/makertechnologypc.com\/product\/ups-unitec-850w-600va\/#primaryimage","url":"https:\/\/makertechnologypc.com\/wp-content\/uploads\/2025\/09\/100-1.png","contentUrl":"https:\/\/makertechnologypc.com\/wp-content\/uploads\/2025\/09\/100-1.png","width":2000,"height":2000},{"@type":"BreadcrumbList","@id":"https:\/\/makertechnologypc.com\/product\/ups-unitec-850w-600va\/#breadcrumb","itemListElement":[{"@type":"ListItem","position":1,"name":"Inicio","item":"https:\/\/makertechnologypc.com\/"},{"@type":"ListItem","position":2,"name":"Tienda","item":"https:\/\/makertechnologypc.com\/tienda-de-pc-gamer-y-profesional\/"},{"@type":"ListItem","position":3,"name":"UPS Unitec 850W 600VA"}]},{"@type":"WebSite","@id":"https:\/\/makertechnologypc.com\/#website","url":"https:\/\/makertechnologypc.com\/","name":"makertechnology","description":"Arma tu PC gamer o profesional en Colombia. Componentes premium, ensamble experto y hardware para rendimiento, gaming y productividad.","publisher":{"@id":"https:\/\/makertechnologypc.com\/#organization"},"alternateName":"makertechnologypc","potentialAction":[{"@type":"SearchAction","target":{"@type":"EntryPoint","urlTemplate":"https:\/\/makertechnologypc.com\/?s={search_term_string}"},"query-input":{"@type":"PropertyValueSpecification","valueRequired":true,"valueName":"search_term_string"}}],"inLanguage":"en-US"},{"@type":"Organization","@id":"https:\/\/makertechnologypc.com\/#organization","name":"makertechnology","alternateName":"makertechnology","url":"https:\/\/makertechnologypc.com\/","logo":{"@type":"ImageObject","inLanguage":"en-US","@id":"https:\/\/makertechnologypc.com\/#\/schema\/logo\/image\/","url":"https:\/\/makertechnologypc.com\/wp-content\/uploads\/2025\/09\/makertechnology-logo-2.png","contentUrl":"https:\/\/makertechnologypc.com\/wp-content\/uploads\/2025\/09\/makertechnology-logo-2.png","width":125,"height":140,"caption":"makertechnology"},"image":{"@id":"https:\/\/makertechnologypc.com\/#\/schema\/logo\/image\/"},"sameAs":["https:\/\/www.facebook.com\/people\/MakerTechnology\/61552346566079\/","https:\/\/www.instagram.com\/makertechnology82\/"]}]}},"_links":{"self":[{"href":"https:\/\/makertechnologypc.com\/en\/wp-json\/wp\/v2\/product\/2266","targetHints":{"allow":["GET"]}}],"collection":[{"href":"https:\/\/makertechnologypc.com\/en\/wp-json\/wp\/v2\/product"}],"about":[{"href":"https:\/\/makertechnologypc.com\/en\/wp-json\/wp\/v2\/types\/product"}],"replies":[{"embeddable":true,"href":"https:\/\/makertechnologypc.com\/en\/wp-json\/wp\/v2\/comments?post=2266"}],"wp:featuredmedia":[{"embeddable":true,"href":"https:\/\/makertechnologypc.com\/en\/wp-json\/wp\/v2\/media\/2267"}],"wp:attachment":[{"href":"https:\/\/makertechnologypc.com\/en\/wp-json\/wp\/v2\/media?parent=2266"}],"wp:term":[{"taxonomy":"product_brand","embeddable":true,"href":"https:\/\/makertechnologypc.com\/en\/wp-json\/wp\/v2\/product_brand?post=2266"},{"taxonomy":"product_cat","embeddable":true,"href":"https:\/\/makertechnologypc.com\/en\/wp-json\/wp\/v2\/product_cat?post=2266"},{"taxonomy":"product_tag","embeddable":true,"href":"https:\/\/makertechnologypc.com\/en\/wp-json\/wp\/v2\/product_tag?post=2266"}],"curies":[{"name":"wp","href":"https:\/\/api.w.org\/{rel}","templated":true}]}}