{"id":2312,"date":"2025-09-09T16:22:55","date_gmt":"2025-09-09T21:22:55","guid":{"rendered":"https:\/\/makertechnologypc.com\/?post_type=product&#038;p=2312"},"modified":"2025-11-13T08:31:35","modified_gmt":"2025-11-13T13:31:35","slug":"monitor-asus-tuf-gaming-vg259q3a-24-5-180hz","status":"publish","type":"product","link":"https:\/\/makertechnologypc.com\/en\/product\/monitor-asus-tuf-gaming-vg259q3a-24-5-180hz\/","title":{"rendered":"Monitor Asus TUF Gaming VG259Q3A 24.5&#8243; 180Hz"},"content":{"rendered":"<table>\n<thead>\n<tr>\n<th><strong>Categor\u00eda<\/strong><\/th>\n<th><strong>Especificaci\u00f3n<\/strong><\/th>\n<\/tr>\n<\/thead>\n<tbody>\n<tr>\n<td><strong>Modelo<\/strong><\/td>\n<td>TUF Gaming VG259Q3A<\/td>\n<\/tr>\n<tr>\n<td><strong>Monitor<\/strong><\/td>\n<td><\/td>\n<\/tr>\n<tr>\n<td>Tama\u00f1o del panel<\/td>\n<td>24.5&#8243;<\/td>\n<\/tr>\n<tr>\n<td>Relaci\u00f3n de aspecto<\/td>\n<td>16:9<\/td>\n<\/tr>\n<tr>\n<td>\u00c1rea de visualizaci\u00f3n (H x V)<\/td>\n<td>543.74 x 302.62 mm<\/td>\n<\/tr>\n<tr>\n<td>Superficie<\/td>\n<td>Anti-Glare<\/td>\n<\/tr>\n<tr>\n<td>Tipo de luz de fondo<\/td>\n<td>LED<\/td>\n<\/tr>\n<tr>\n<td>Tipo de panel<\/td>\n<td>IPS<\/td>\n<\/tr>\n<tr>\n<td>\u00c1ngulo de visi\u00f3n<\/td>\n<td>178\u00b0\/178\u00b0<\/td>\n<\/tr>\n<tr>\n<td>Tama\u00f1o de p\u00edxel<\/td>\n<td>0.2832 mm x 0.2802 mm<\/td>\n<\/tr>\n<tr>\n<td>Resoluci\u00f3n<\/td>\n<td>1920 x 1080 (Full HD)<\/td>\n<\/tr>\n<tr>\n<td>Espacio de color (sRGB)<\/td>\n<td>99%<\/td>\n<\/tr>\n<tr>\n<td>Brillo (t\u00edpico)<\/td>\n<td>250 cd\/\u33a1<\/td>\n<\/tr>\n<tr>\n<td>Contraste (t\u00edpico)<\/td>\n<td>1200:1<\/td>\n<\/tr>\n<tr>\n<td>Colores<\/td>\n<td>16.7M<\/td>\n<\/tr>\n<tr>\n<td>Tiempo de respuesta<\/td>\n<td>1ms (GTG)<\/td>\n<\/tr>\n<tr>\n<td>Frecuencia de actualizaci\u00f3n<\/td>\n<td>180 Hz m\u00e1x.<\/td>\n<\/tr>\n<tr>\n<td>Vidrio de protecci\u00f3n<\/td>\n<td>No<\/td>\n<\/tr>\n<tr>\n<td>Sin destellos<\/td>\n<td>S\u00ed<\/td>\n<\/tr>\n<tr>\n<td><strong>Caracter\u00edsticas de video<\/strong><\/td>\n<td><\/td>\n<\/tr>\n<tr>\n<td>Trace Free<\/td>\n<td>S\u00ed<\/td>\n<\/tr>\n<tr>\n<td>SPLENDID<\/td>\n<td>S\u00ed<\/td>\n<\/tr>\n<tr>\n<td>GameVisual<\/td>\n<td>S\u00ed<\/td>\n<\/tr>\n<tr>\n<td>Selecci\u00f3n temperatura color<\/td>\n<td>S\u00ed (4 modos)<\/td>\n<\/tr>\n<tr>\n<td>GamePlus<\/td>\n<td>S\u00ed<\/td>\n<\/tr>\n<tr>\n<td>HDCP<\/td>\n<td>S\u00ed (2.2)<\/td>\n<\/tr>\n<tr>\n<td>ELMB (bajo desenfoque)<\/td>\n<td>S\u00ed<\/td>\n<\/tr>\n<tr>\n<td>VRR<\/td>\n<td>S\u00ed (Adaptive-Sync)<\/td>\n<\/tr>\n<tr>\n<td>GameFast Input<\/td>\n<td>S\u00ed<\/td>\n<\/tr>\n<tr>\n<td>Impulso oscuro<\/td>\n<td>S\u00ed<\/td>\n<\/tr>\n<tr>\n<td>Refuerzo de sombras<\/td>\n<td>S\u00ed<\/td>\n<\/tr>\n<tr>\n<td>DisplayWidget Center<\/td>\n<td>S\u00ed<\/td>\n<\/tr>\n<tr>\n<td>Luz azul baja<\/td>\n<td>S\u00ed<\/td>\n<\/tr>\n<tr>\n<td><strong>Audio<\/strong><\/td>\n<td>Altavoces integrados (1.2 W x 2)<\/td>\n<\/tr>\n<tr>\n<td><strong>Puertos I\/O<\/strong><\/td>\n<td>2 x HDMI (v2.0), Jack de auriculares<\/td>\n<\/tr>\n<tr>\n<td><strong>Frecuencia de se\u00f1al<\/strong><\/td>\n<td>DisplayPort: 250<del>250 KHz (H) \/ 48<\/del>180 Hz (V) HDMI: 30<del>225 KHz (H) \/ 48<\/del>180 Hz (V)<\/td>\n<\/tr>\n<tr>\n<td><strong>Consumo de energ\u00eda<\/strong><\/td>\n<td>&lt;18W (operaci\u00f3n) &lt;0.5W (ahorro) &lt;0.5W (apagado)<\/td>\n<\/tr>\n<tr>\n<td>Voltaje<\/td>\n<td>100-240V, 50\/60Hz<\/td>\n<\/tr>\n<tr>\n<td><strong>Dise\u00f1o mec\u00e1nico<\/strong><\/td>\n<td><\/td>\n<\/tr>\n<tr>\n<td>Inclinaci\u00f3n<\/td>\n<td>+23\u00b0 ~ -5\u00b0<\/td>\n<\/tr>\n<tr>\n<td>Ajuste de altura<\/td>\n<td>No<\/td>\n<\/tr>\n<tr>\n<td>Montaje VESA<\/td>\n<td>100 x 100 mm<\/td>\n<\/tr>\n<tr>\n<td>Cerradura Kensington<\/td>\n<td>S\u00ed<\/td>\n<\/tr>\n<tr>\n<td><strong>Dimensiones<\/strong><\/td>\n<td><\/td>\n<\/tr>\n<tr>\n<td>Con base (An x Al x Pr)<\/td>\n<td>55.9 x 40.1 x 17.4 cm<\/td>\n<\/tr>\n<tr>\n<td>Sin base (An x Al x Pr)<\/td>\n<td>55.9 x 32.9 x 5.8 cm<\/td>\n<\/tr>\n<tr>\n<td>Caja (An x Al x Pr)<\/td>\n<td>62.0 x 41.2 x 17.0 cm<\/td>\n<\/tr>\n<tr>\n<td><strong>Peso<\/strong><\/td>\n<td><\/td>\n<\/tr>\n<tr>\n<td>Neto (con base)<\/td>\n<td>3.6 kg<\/td>\n<\/tr>\n<tr>\n<td>Neto (sin base)<\/td>\n<td>3.1 kg<\/td>\n<\/tr>\n<tr>\n<td>Bruto<\/td>\n<td>5.6 kg<\/td>\n<\/tr>\n<\/tbody>\n<\/table>","protected":false},"excerpt":{"rendered":"<div class=\"KvSummary__productHeadiing__UPRDo\">Monitor TUF Gaming VG259Q3A para juegos &#8211; 25 pulgadas (24,5 &#8221; &#8211; 62,23 cm visibles), Full HD(1920&#215;1080), 180 Hz, Fast IPS, ELMB, 1 ms (GTG), FreeSync\u2122, Overdrive variable, 99% sRGB<\/div>\n<div class=\"KvSummary__productIntro__1WXF-\">\n<ul>\n<li>Monitor de juego IPS r\u00e1pido Full HD(1920&#215;1080) de 24,5 pulgadas con frecuencia de actualizaci\u00f3n de 180 Hz dise\u00f1ado para jugadores profesionales y juego inmersivo<\/li>\n<li>Tiempo de respuesta de 1 ms (GTG) para un juego fluido, y tecnolog\u00eda ASUS Extreme Low Motion Blur (ELMB \u2122) para reducir a\u00fan m\u00e1s el efecto fantasma y el desenfoque de movimiento<\/li>\n<li>Altavoces est\u00e9reo integrados de 1,5 W x 2 para una mayor facilidad de uso<\/li>\n<li>Shadow Boost mejora los detalles de la imagen en las zonas oscuras, iluminando las escenas sin sobreexponer las zonas brillantes<\/li>\n<\/ul>\n<\/div>","protected":false},"featured_media":2314,"comment_status":"open","ping_status":"closed","template":"","meta":[],"product_brand":[65],"product_cat":[146],"product_tag":[66,147],"class_list":{"0":"post-2312","1":"product","2":"type-product","3":"status-publish","4":"has-post-thumbnail","6":"product_brand-asus","7":"product_cat-monitores","8":"product_tag-asus","9":"product_tag-monitores","11":"first","12":"instock","13":"shipping-taxable","14":"purchasable","15":"product-type-simple"},"yoast_head":"<!-- This site is optimized with the Yoast SEO plugin v27.4 - https:\/\/yoast.com\/product\/yoast-seo-wordpress\/ -->\n<title>Monitor Asus TUF Gaming VG259Q3A 24.5&quot; 180Hz - Makertechnology<\/title>\n<meta name=\"description\" content=\"Monitor Asus TUF Gaming VG259Q3A 24.5&quot; 180Hz IPS. Fluidez total, colores precisos y respuesta r\u00e1pida para gamers competitivos.\" \/>\n<meta name=\"robots\" content=\"index, follow, max-snippet:-1, max-image-preview:large, max-video-preview:-1\" \/>\n<link rel=\"canonical\" href=\"https:\/\/makertechnologypc.com\/en\/product\/monitor-asus-tuf-gaming-vg259q3a-24-5-180hz\/\" \/>\n<meta property=\"og:locale\" content=\"en_US\" \/>\n<meta property=\"og:type\" content=\"article\" \/>\n<meta property=\"og:title\" content=\"Monitor Asus TUF Gaming VG259Q3A 24.5&quot; 180Hz - Makertechnology\" \/>\n<meta property=\"og:description\" content=\"Monitor Asus TUF Gaming VG259Q3A 24.5&quot; 180Hz IPS. Fluidez total, colores precisos y respuesta r\u00e1pida para gamers competitivos.\" \/>\n<meta property=\"og:url\" content=\"https:\/\/makertechnologypc.com\/en\/product\/monitor-asus-tuf-gaming-vg259q3a-24-5-180hz\/\" \/>\n<meta property=\"og:site_name\" content=\"Makertechnology\" \/>\n<meta property=\"article:publisher\" content=\"https:\/\/www.facebook.com\/people\/MakerTechnology\/61552346566079\/\" \/>\n<meta property=\"article:modified_time\" content=\"2025-11-13T13:31:35+00:00\" \/>\n<meta property=\"og:image\" content=\"https:\/\/makertechnologypc.com\/wp-content\/uploads\/2025\/09\/w692.png\" \/>\n\t<meta property=\"og:image:width\" content=\"692\" \/>\n\t<meta property=\"og:image:height\" content=\"692\" \/>\n\t<meta property=\"og:image:type\" content=\"image\/png\" \/>\n<meta name=\"twitter:card\" content=\"summary_large_image\" \/>\n<meta name=\"twitter:label1\" content=\"Est. reading time\" \/>\n\t<meta name=\"twitter:data1\" content=\"2 minutes\" \/>\n<script type=\"application\/ld+json\" class=\"yoast-schema-graph\">{\"@context\":\"https:\\\/\\\/schema.org\",\"@graph\":[{\"@type\":\"WebPage\",\"@id\":\"https:\\\/\\\/makertechnologypc.com\\\/product\\\/monitor-asus-tuf-gaming-vg259q3a-24-5-180hz\\\/\",\"url\":\"https:\\\/\\\/makertechnologypc.com\\\/product\\\/monitor-asus-tuf-gaming-vg259q3a-24-5-180hz\\\/\",\"name\":\"Monitor Asus TUF Gaming VG259Q3A 24.5\\\" 180Hz - Makertechnology\",\"isPartOf\":{\"@id\":\"https:\\\/\\\/makertechnologypc.com\\\/#website\"},\"primaryImageOfPage\":{\"@id\":\"https:\\\/\\\/makertechnologypc.com\\\/product\\\/monitor-asus-tuf-gaming-vg259q3a-24-5-180hz\\\/#primaryimage\"},\"image\":{\"@id\":\"https:\\\/\\\/makertechnologypc.com\\\/product\\\/monitor-asus-tuf-gaming-vg259q3a-24-5-180hz\\\/#primaryimage\"},\"thumbnailUrl\":\"https:\\\/\\\/makertechnologypc.com\\\/wp-content\\\/uploads\\\/2025\\\/09\\\/w692.png\",\"datePublished\":\"2025-09-09T21:22:55+00:00\",\"dateModified\":\"2025-11-13T13:31:35+00:00\",\"description\":\"Monitor Asus TUF Gaming VG259Q3A 24.5\\\" 180Hz IPS. Fluidez total, colores precisos y respuesta r\u00e1pida para gamers competitivos.\",\"breadcrumb\":{\"@id\":\"https:\\\/\\\/makertechnologypc.com\\\/product\\\/monitor-asus-tuf-gaming-vg259q3a-24-5-180hz\\\/#breadcrumb\"},\"inLanguage\":\"en-US\",\"potentialAction\":[{\"@type\":\"ReadAction\",\"target\":[\"https:\\\/\\\/makertechnologypc.com\\\/product\\\/monitor-asus-tuf-gaming-vg259q3a-24-5-180hz\\\/\"]}]},{\"@type\":\"ImageObject\",\"inLanguage\":\"en-US\",\"@id\":\"https:\\\/\\\/makertechnologypc.com\\\/product\\\/monitor-asus-tuf-gaming-vg259q3a-24-5-180hz\\\/#primaryimage\",\"url\":\"https:\\\/\\\/makertechnologypc.com\\\/wp-content\\\/uploads\\\/2025\\\/09\\\/w692.png\",\"contentUrl\":\"https:\\\/\\\/makertechnologypc.com\\\/wp-content\\\/uploads\\\/2025\\\/09\\\/w692.png\",\"width\":692,\"height\":692},{\"@type\":\"BreadcrumbList\",\"@id\":\"https:\\\/\\\/makertechnologypc.com\\\/product\\\/monitor-asus-tuf-gaming-vg259q3a-24-5-180hz\\\/#breadcrumb\",\"itemListElement\":[{\"@type\":\"ListItem\",\"position\":1,\"name\":\"Inicio\",\"item\":\"https:\\\/\\\/makertechnologypc.com\\\/\"},{\"@type\":\"ListItem\",\"position\":2,\"name\":\"Tienda\",\"item\":\"https:\\\/\\\/makertechnologypc.com\\\/tienda-de-pc-gamer-y-profesional\\\/\"},{\"@type\":\"ListItem\",\"position\":3,\"name\":\"Monitor Asus TUF Gaming VG259Q3A 24.5&#8243; 180Hz\"}]},{\"@type\":\"WebSite\",\"@id\":\"https:\\\/\\\/makertechnologypc.com\\\/#website\",\"url\":\"https:\\\/\\\/makertechnologypc.com\\\/\",\"name\":\"makertechnology\",\"description\":\"Arma tu PC gamer o profesional en Colombia. Componentes premium, ensamble experto y hardware para rendimiento, gaming y productividad.\",\"publisher\":{\"@id\":\"https:\\\/\\\/makertechnologypc.com\\\/#organization\"},\"alternateName\":\"makertechnologypc\",\"potentialAction\":[{\"@type\":\"SearchAction\",\"target\":{\"@type\":\"EntryPoint\",\"urlTemplate\":\"https:\\\/\\\/makertechnologypc.com\\\/?s={search_term_string}\"},\"query-input\":{\"@type\":\"PropertyValueSpecification\",\"valueRequired\":true,\"valueName\":\"search_term_string\"}}],\"inLanguage\":\"en-US\"},{\"@type\":\"Organization\",\"@id\":\"https:\\\/\\\/makertechnologypc.com\\\/#organization\",\"name\":\"makertechnology\",\"alternateName\":\"makertechnology\",\"url\":\"https:\\\/\\\/makertechnologypc.com\\\/\",\"logo\":{\"@type\":\"ImageObject\",\"inLanguage\":\"en-US\",\"@id\":\"https:\\\/\\\/makertechnologypc.com\\\/#\\\/schema\\\/logo\\\/image\\\/\",\"url\":\"https:\\\/\\\/makertechnologypc.com\\\/wp-content\\\/uploads\\\/2025\\\/09\\\/makertechnology-logo-2.png\",\"contentUrl\":\"https:\\\/\\\/makertechnologypc.com\\\/wp-content\\\/uploads\\\/2025\\\/09\\\/makertechnology-logo-2.png\",\"width\":125,\"height\":140,\"caption\":\"makertechnology\"},\"image\":{\"@id\":\"https:\\\/\\\/makertechnologypc.com\\\/#\\\/schema\\\/logo\\\/image\\\/\"},\"sameAs\":[\"https:\\\/\\\/www.facebook.com\\\/people\\\/MakerTechnology\\\/61552346566079\\\/\",\"https:\\\/\\\/www.instagram.com\\\/makertechnology82\\\/\"]}]}<\/script>\n<!-- \/ Yoast SEO plugin. -->","yoast_head_json":{"title":"Monitor Asus TUF Gaming VG259Q3A 24.5\" 180Hz - Makertechnology","description":"Monitor Asus TUF Gaming VG259Q3A 24.5\" 180Hz IPS. Fluidez total, colores precisos y respuesta r\u00e1pida para gamers competitivos.","robots":{"index":"index","follow":"follow","max-snippet":"max-snippet:-1","max-image-preview":"max-image-preview:large","max-video-preview":"max-video-preview:-1"},"canonical":"https:\/\/makertechnologypc.com\/en\/product\/monitor-asus-tuf-gaming-vg259q3a-24-5-180hz\/","og_locale":"en_US","og_type":"article","og_title":"Monitor Asus TUF Gaming VG259Q3A 24.5\" 180Hz - Makertechnology","og_description":"Monitor Asus TUF Gaming VG259Q3A 24.5\" 180Hz IPS. Fluidez total, colores precisos y respuesta r\u00e1pida para gamers competitivos.","og_url":"https:\/\/makertechnologypc.com\/en\/product\/monitor-asus-tuf-gaming-vg259q3a-24-5-180hz\/","og_site_name":"Makertechnology","article_publisher":"https:\/\/www.facebook.com\/people\/MakerTechnology\/61552346566079\/","article_modified_time":"2025-11-13T13:31:35+00:00","og_image":[{"width":692,"height":692,"url":"https:\/\/makertechnologypc.com\/wp-content\/uploads\/2025\/09\/w692.png","type":"image\/png"}],"twitter_card":"summary_large_image","twitter_misc":{"Est. reading time":"2 minutes"},"schema":{"@context":"https:\/\/schema.org","@graph":[{"@type":"WebPage","@id":"https:\/\/makertechnologypc.com\/product\/monitor-asus-tuf-gaming-vg259q3a-24-5-180hz\/","url":"https:\/\/makertechnologypc.com\/product\/monitor-asus-tuf-gaming-vg259q3a-24-5-180hz\/","name":"Monitor Asus TUF Gaming VG259Q3A 24.5\" 180Hz - Makertechnology","isPartOf":{"@id":"https:\/\/makertechnologypc.com\/#website"},"primaryImageOfPage":{"@id":"https:\/\/makertechnologypc.com\/product\/monitor-asus-tuf-gaming-vg259q3a-24-5-180hz\/#primaryimage"},"image":{"@id":"https:\/\/makertechnologypc.com\/product\/monitor-asus-tuf-gaming-vg259q3a-24-5-180hz\/#primaryimage"},"thumbnailUrl":"https:\/\/makertechnologypc.com\/wp-content\/uploads\/2025\/09\/w692.png","datePublished":"2025-09-09T21:22:55+00:00","dateModified":"2025-11-13T13:31:35+00:00","description":"Monitor Asus TUF Gaming VG259Q3A 24.5\" 180Hz IPS. Fluidez total, colores precisos y respuesta r\u00e1pida para gamers competitivos.","breadcrumb":{"@id":"https:\/\/makertechnologypc.com\/product\/monitor-asus-tuf-gaming-vg259q3a-24-5-180hz\/#breadcrumb"},"inLanguage":"en-US","potentialAction":[{"@type":"ReadAction","target":["https:\/\/makertechnologypc.com\/product\/monitor-asus-tuf-gaming-vg259q3a-24-5-180hz\/"]}]},{"@type":"ImageObject","inLanguage":"en-US","@id":"https:\/\/makertechnologypc.com\/product\/monitor-asus-tuf-gaming-vg259q3a-24-5-180hz\/#primaryimage","url":"https:\/\/makertechnologypc.com\/wp-content\/uploads\/2025\/09\/w692.png","contentUrl":"https:\/\/makertechnologypc.com\/wp-content\/uploads\/2025\/09\/w692.png","width":692,"height":692},{"@type":"BreadcrumbList","@id":"https:\/\/makertechnologypc.com\/product\/monitor-asus-tuf-gaming-vg259q3a-24-5-180hz\/#breadcrumb","itemListElement":[{"@type":"ListItem","position":1,"name":"Inicio","item":"https:\/\/makertechnologypc.com\/"},{"@type":"ListItem","position":2,"name":"Tienda","item":"https:\/\/makertechnologypc.com\/tienda-de-pc-gamer-y-profesional\/"},{"@type":"ListItem","position":3,"name":"Monitor Asus TUF Gaming VG259Q3A 24.5&#8243; 180Hz"}]},{"@type":"WebSite","@id":"https:\/\/makertechnologypc.com\/#website","url":"https:\/\/makertechnologypc.com\/","name":"makertechnology","description":"Arma tu PC gamer o profesional en Colombia. Componentes premium, ensamble experto y hardware para rendimiento, gaming y productividad.","publisher":{"@id":"https:\/\/makertechnologypc.com\/#organization"},"alternateName":"makertechnologypc","potentialAction":[{"@type":"SearchAction","target":{"@type":"EntryPoint","urlTemplate":"https:\/\/makertechnologypc.com\/?s={search_term_string}"},"query-input":{"@type":"PropertyValueSpecification","valueRequired":true,"valueName":"search_term_string"}}],"inLanguage":"en-US"},{"@type":"Organization","@id":"https:\/\/makertechnologypc.com\/#organization","name":"makertechnology","alternateName":"makertechnology","url":"https:\/\/makertechnologypc.com\/","logo":{"@type":"ImageObject","inLanguage":"en-US","@id":"https:\/\/makertechnologypc.com\/#\/schema\/logo\/image\/","url":"https:\/\/makertechnologypc.com\/wp-content\/uploads\/2025\/09\/makertechnology-logo-2.png","contentUrl":"https:\/\/makertechnologypc.com\/wp-content\/uploads\/2025\/09\/makertechnology-logo-2.png","width":125,"height":140,"caption":"makertechnology"},"image":{"@id":"https:\/\/makertechnologypc.com\/#\/schema\/logo\/image\/"},"sameAs":["https:\/\/www.facebook.com\/people\/MakerTechnology\/61552346566079\/","https:\/\/www.instagram.com\/makertechnology82\/"]}]}},"_links":{"self":[{"href":"https:\/\/makertechnologypc.com\/en\/wp-json\/wp\/v2\/product\/2312","targetHints":{"allow":["GET"]}}],"collection":[{"href":"https:\/\/makertechnologypc.com\/en\/wp-json\/wp\/v2\/product"}],"about":[{"href":"https:\/\/makertechnologypc.com\/en\/wp-json\/wp\/v2\/types\/product"}],"replies":[{"embeddable":true,"href":"https:\/\/makertechnologypc.com\/en\/wp-json\/wp\/v2\/comments?post=2312"}],"wp:featuredmedia":[{"embeddable":true,"href":"https:\/\/makertechnologypc.com\/en\/wp-json\/wp\/v2\/media\/2314"}],"wp:attachment":[{"href":"https:\/\/makertechnologypc.com\/en\/wp-json\/wp\/v2\/media?parent=2312"}],"wp:term":[{"taxonomy":"product_brand","embeddable":true,"href":"https:\/\/makertechnologypc.com\/en\/wp-json\/wp\/v2\/product_brand?post=2312"},{"taxonomy":"product_cat","embeddable":true,"href":"https:\/\/makertechnologypc.com\/en\/wp-json\/wp\/v2\/product_cat?post=2312"},{"taxonomy":"product_tag","embeddable":true,"href":"https:\/\/makertechnologypc.com\/en\/wp-json\/wp\/v2\/product_tag?post=2312"}],"curies":[{"name":"wp","href":"https:\/\/api.w.org\/{rel}","templated":true}]}}