{"id":2332,"date":"2025-09-10T12:44:53","date_gmt":"2025-09-10T17:44:53","guid":{"rendered":"https:\/\/makertechnologypc.com\/?post_type=product&#038;p=2332"},"modified":"2026-03-26T21:32:55","modified_gmt":"2026-03-27T02:32:55","slug":"procesador-amd-ryzen-7-9700x","status":"publish","type":"product","link":"https:\/\/makertechnologypc.com\/en\/product\/procesador-amd-ryzen-7-9700x\/","title":{"rendered":"Procesador AMD Ryzen 7 9700X Am5"},"content":{"rendered":"<table style=\"height: 415px;\" width=\"724\">\n<thead>\n<tr>\n<th>Caracter\u00edstica<\/th>\n<th>Detalles<\/th>\n<\/tr>\n<\/thead>\n<tbody>\n<tr>\n<td><strong>Arquitectura \/ Nodo<\/strong><\/td>\n<td>Zen 5 \u201cGranite Ridge\u201d \/ TSMC 4 nm<\/td>\n<\/tr>\n<tr>\n<td><strong>Socket<\/strong><\/td>\n<td>AM5<\/td>\n<\/tr>\n<tr>\n<td><strong>N\u00facleos \/ Hilos<\/strong><\/td>\n<td>8 n\u00facleos \/ 16 hilos<\/td>\n<\/tr>\n<tr>\n<td><strong>Frecuencia base \/ Turbo<\/strong><\/td>\n<td>3.8 GHz base \/ hasta 5.5 GHz Turbo<\/td>\n<\/tr>\n<tr>\n<td><strong>Cach\u00e9<\/strong><\/td>\n<td>L3: 32 MB<\/td>\n<\/tr>\n<tr>\n<td><strong>TDP<\/strong><\/td>\n<td>65 W<\/td>\n<\/tr>\n<tr>\n<td><strong>Gr\u00e1ficos integrados<\/strong><\/td>\n<td>Radeon Graphics incluidos<\/td>\n<\/tr>\n<tr>\n<td><strong>Memoria compatible<\/strong><\/td>\n<td>DDR5-5600 (Dual Channel), con soporte EXPO\u2122 y ECC<\/td>\n<\/tr>\n<tr>\n<td><strong>PCIe<\/strong><\/td>\n<td>Hasta PCIe 5.0 (28 l\u00edneas)<\/td>\n<\/tr>\n<tr>\n<td><strong>Overclock \/ Tecnolog\u00eda<\/strong><\/td>\n<td>Desbloqueado, Precision Boost, Precision Boost Overdrive<\/td>\n<\/tr>\n<tr>\n<td><strong>Garant\u00eda<\/strong><\/td>\n<td>~3 a\u00f1os (boxed SKU ofrece esa duraci\u00f3n est\u00e1ndar)<\/td>\n<\/tr>\n<tr>\n<td><strong>Plataforma recomendada<\/strong><\/td>\n<td>Ideal para placas base AM5 (chipsets B650, X670, etc.)<\/td>\n<\/tr>\n<\/tbody>\n<\/table>","protected":false},"excerpt":{"rendered":"<p>El AMD Ryzen 7 9700X es un potente procesador de escritorio basado en la arquitectura Zen 5 (Granite Ridge), que ofrece un rendimiento excepcional con 8 n\u00facleos y 16 hilos, frecuencias de hasta 5.5 GHz, y una eficiencia t\u00e9rmica de solo 65 W de TDP. Compatible con la moderna plataforma AM5, soporta memoria DDR5-5600, PCIe 5.0 y viene desbloqueado para overclock. Ideal para gaming de alto nivel, creaci\u00f3n de contenido y multitarea exigente.<\/p>","protected":false},"featured_media":2333,"comment_status":"open","ping_status":"closed","template":"","meta":[],"product_brand":[169],"product_cat":[247,15],"product_tag":[47,170],"class_list":{"0":"post-2332","1":"product","2":"type-product","3":"status-publish","4":"has-post-thumbnail","6":"product_brand-ryzen","7":"product_cat-amd","8":"product_cat-procesadores","9":"product_tag-procesador","10":"product_tag-ryzen","12":"first","13":"instock","14":"shipping-taxable","15":"purchasable","16":"product-type-simple"},"yoast_head":"<!-- This site is optimized with the Yoast SEO plugin v27.4 - https:\/\/yoast.com\/product\/yoast-seo-wordpress\/ -->\n<title>Procesador AMD Ryzen 7 9700X Am5 - Makertechnology<\/title>\n<meta name=\"description\" content=\"Desata la potencia del Procesador AMD Ryzen 7 9700X AM5. 8 n\u00facleos, alto rendimiento y velocidad brutal para juegos, streaming y multitarea.\" \/>\n<meta name=\"robots\" content=\"index, follow, max-snippet:-1, max-image-preview:large, max-video-preview:-1\" \/>\n<link rel=\"canonical\" href=\"https:\/\/makertechnologypc.com\/en\/product\/procesador-amd-ryzen-7-9700x\/\" \/>\n<meta property=\"og:locale\" content=\"en_US\" \/>\n<meta property=\"og:type\" content=\"article\" \/>\n<meta property=\"og:title\" content=\"Procesador AMD Ryzen 7 9700X Am5 - Makertechnology\" \/>\n<meta property=\"og:description\" content=\"Desata la potencia del Procesador AMD Ryzen 7 9700X AM5. 8 n\u00facleos, alto rendimiento y velocidad brutal para juegos, streaming y multitarea.\" \/>\n<meta property=\"og:url\" content=\"https:\/\/makertechnologypc.com\/en\/product\/procesador-amd-ryzen-7-9700x\/\" \/>\n<meta property=\"og:site_name\" content=\"Makertechnology\" \/>\n<meta property=\"article:publisher\" content=\"https:\/\/www.facebook.com\/people\/MakerTechnology\/61552346566079\/\" \/>\n<meta property=\"article:modified_time\" content=\"2026-03-27T02:32:55+00:00\" \/>\n<meta property=\"og:image\" content=\"https:\/\/makertechnologypc.com\/wp-content\/uploads\/2025\/09\/75320.png\" \/>\n\t<meta property=\"og:image:width\" content=\"1000\" \/>\n\t<meta property=\"og:image:height\" content=\"1000\" \/>\n\t<meta property=\"og:image:type\" content=\"image\/png\" \/>\n<meta name=\"twitter:card\" content=\"summary_large_image\" \/>\n<meta name=\"twitter:label1\" content=\"Est. reading time\" \/>\n\t<meta name=\"twitter:data1\" content=\"1 minute\" \/>\n<script type=\"application\/ld+json\" class=\"yoast-schema-graph\">{\"@context\":\"https:\\\/\\\/schema.org\",\"@graph\":[{\"@type\":\"WebPage\",\"@id\":\"https:\\\/\\\/makertechnologypc.com\\\/product\\\/procesador-amd-ryzen-7-9700x\\\/\",\"url\":\"https:\\\/\\\/makertechnologypc.com\\\/product\\\/procesador-amd-ryzen-7-9700x\\\/\",\"name\":\"Procesador AMD Ryzen 7 9700X Am5 - Makertechnology\",\"isPartOf\":{\"@id\":\"https:\\\/\\\/makertechnologypc.com\\\/#website\"},\"primaryImageOfPage\":{\"@id\":\"https:\\\/\\\/makertechnologypc.com\\\/product\\\/procesador-amd-ryzen-7-9700x\\\/#primaryimage\"},\"image\":{\"@id\":\"https:\\\/\\\/makertechnologypc.com\\\/product\\\/procesador-amd-ryzen-7-9700x\\\/#primaryimage\"},\"thumbnailUrl\":\"https:\\\/\\\/makertechnologypc.com\\\/wp-content\\\/uploads\\\/2025\\\/09\\\/75320.png\",\"datePublished\":\"2025-09-10T17:44:53+00:00\",\"dateModified\":\"2026-03-27T02:32:55+00:00\",\"description\":\"Desata la potencia del Procesador AMD Ryzen 7 9700X AM5. 8 n\u00facleos, alto rendimiento y velocidad brutal para juegos, streaming y multitarea.\",\"breadcrumb\":{\"@id\":\"https:\\\/\\\/makertechnologypc.com\\\/product\\\/procesador-amd-ryzen-7-9700x\\\/#breadcrumb\"},\"inLanguage\":\"en-US\",\"potentialAction\":[{\"@type\":\"ReadAction\",\"target\":[\"https:\\\/\\\/makertechnologypc.com\\\/product\\\/procesador-amd-ryzen-7-9700x\\\/\"]}]},{\"@type\":\"ImageObject\",\"inLanguage\":\"en-US\",\"@id\":\"https:\\\/\\\/makertechnologypc.com\\\/product\\\/procesador-amd-ryzen-7-9700x\\\/#primaryimage\",\"url\":\"https:\\\/\\\/makertechnologypc.com\\\/wp-content\\\/uploads\\\/2025\\\/09\\\/75320.png\",\"contentUrl\":\"https:\\\/\\\/makertechnologypc.com\\\/wp-content\\\/uploads\\\/2025\\\/09\\\/75320.png\",\"width\":1000,\"height\":1000},{\"@type\":\"BreadcrumbList\",\"@id\":\"https:\\\/\\\/makertechnologypc.com\\\/product\\\/procesador-amd-ryzen-7-9700x\\\/#breadcrumb\",\"itemListElement\":[{\"@type\":\"ListItem\",\"position\":1,\"name\":\"Inicio\",\"item\":\"https:\\\/\\\/makertechnologypc.com\\\/\"},{\"@type\":\"ListItem\",\"position\":2,\"name\":\"Tienda\",\"item\":\"https:\\\/\\\/makertechnologypc.com\\\/tienda-de-pc-gamer-y-profesional\\\/\"},{\"@type\":\"ListItem\",\"position\":3,\"name\":\"Procesador AMD Ryzen 7 9700X Am5\"}]},{\"@type\":\"WebSite\",\"@id\":\"https:\\\/\\\/makertechnologypc.com\\\/#website\",\"url\":\"https:\\\/\\\/makertechnologypc.com\\\/\",\"name\":\"makertechnology\",\"description\":\"Arma tu PC gamer o profesional en Colombia. Componentes premium, ensamble experto y hardware para rendimiento, gaming y productividad.\",\"publisher\":{\"@id\":\"https:\\\/\\\/makertechnologypc.com\\\/#organization\"},\"alternateName\":\"makertechnologypc\",\"potentialAction\":[{\"@type\":\"SearchAction\",\"target\":{\"@type\":\"EntryPoint\",\"urlTemplate\":\"https:\\\/\\\/makertechnologypc.com\\\/?s={search_term_string}\"},\"query-input\":{\"@type\":\"PropertyValueSpecification\",\"valueRequired\":true,\"valueName\":\"search_term_string\"}}],\"inLanguage\":\"en-US\"},{\"@type\":\"Organization\",\"@id\":\"https:\\\/\\\/makertechnologypc.com\\\/#organization\",\"name\":\"makertechnology\",\"alternateName\":\"makertechnology\",\"url\":\"https:\\\/\\\/makertechnologypc.com\\\/\",\"logo\":{\"@type\":\"ImageObject\",\"inLanguage\":\"en-US\",\"@id\":\"https:\\\/\\\/makertechnologypc.com\\\/#\\\/schema\\\/logo\\\/image\\\/\",\"url\":\"https:\\\/\\\/makertechnologypc.com\\\/wp-content\\\/uploads\\\/2025\\\/09\\\/makertechnology-logo-2.png\",\"contentUrl\":\"https:\\\/\\\/makertechnologypc.com\\\/wp-content\\\/uploads\\\/2025\\\/09\\\/makertechnology-logo-2.png\",\"width\":125,\"height\":140,\"caption\":\"makertechnology\"},\"image\":{\"@id\":\"https:\\\/\\\/makertechnologypc.com\\\/#\\\/schema\\\/logo\\\/image\\\/\"},\"sameAs\":[\"https:\\\/\\\/www.facebook.com\\\/people\\\/MakerTechnology\\\/61552346566079\\\/\",\"https:\\\/\\\/www.instagram.com\\\/makertechnology82\\\/\"]}]}<\/script>\n<!-- \/ Yoast SEO plugin. -->","yoast_head_json":{"title":"Procesador AMD Ryzen 7 9700X Am5 - Makertechnology","description":"Desata la potencia del Procesador AMD Ryzen 7 9700X AM5. 8 n\u00facleos, alto rendimiento y velocidad brutal para juegos, streaming y multitarea.","robots":{"index":"index","follow":"follow","max-snippet":"max-snippet:-1","max-image-preview":"max-image-preview:large","max-video-preview":"max-video-preview:-1"},"canonical":"https:\/\/makertechnologypc.com\/en\/product\/procesador-amd-ryzen-7-9700x\/","og_locale":"en_US","og_type":"article","og_title":"Procesador AMD Ryzen 7 9700X Am5 - Makertechnology","og_description":"Desata la potencia del Procesador AMD Ryzen 7 9700X AM5. 8 n\u00facleos, alto rendimiento y velocidad brutal para juegos, streaming y multitarea.","og_url":"https:\/\/makertechnologypc.com\/en\/product\/procesador-amd-ryzen-7-9700x\/","og_site_name":"Makertechnology","article_publisher":"https:\/\/www.facebook.com\/people\/MakerTechnology\/61552346566079\/","article_modified_time":"2026-03-27T02:32:55+00:00","og_image":[{"width":1000,"height":1000,"url":"https:\/\/makertechnologypc.com\/wp-content\/uploads\/2025\/09\/75320.png","type":"image\/png"}],"twitter_card":"summary_large_image","twitter_misc":{"Est. reading time":"1 minute"},"schema":{"@context":"https:\/\/schema.org","@graph":[{"@type":"WebPage","@id":"https:\/\/makertechnologypc.com\/product\/procesador-amd-ryzen-7-9700x\/","url":"https:\/\/makertechnologypc.com\/product\/procesador-amd-ryzen-7-9700x\/","name":"Procesador AMD Ryzen 7 9700X Am5 - Makertechnology","isPartOf":{"@id":"https:\/\/makertechnologypc.com\/#website"},"primaryImageOfPage":{"@id":"https:\/\/makertechnologypc.com\/product\/procesador-amd-ryzen-7-9700x\/#primaryimage"},"image":{"@id":"https:\/\/makertechnologypc.com\/product\/procesador-amd-ryzen-7-9700x\/#primaryimage"},"thumbnailUrl":"https:\/\/makertechnologypc.com\/wp-content\/uploads\/2025\/09\/75320.png","datePublished":"2025-09-10T17:44:53+00:00","dateModified":"2026-03-27T02:32:55+00:00","description":"Desata la potencia del Procesador AMD Ryzen 7 9700X AM5. 8 n\u00facleos, alto rendimiento y velocidad brutal para juegos, streaming y multitarea.","breadcrumb":{"@id":"https:\/\/makertechnologypc.com\/product\/procesador-amd-ryzen-7-9700x\/#breadcrumb"},"inLanguage":"en-US","potentialAction":[{"@type":"ReadAction","target":["https:\/\/makertechnologypc.com\/product\/procesador-amd-ryzen-7-9700x\/"]}]},{"@type":"ImageObject","inLanguage":"en-US","@id":"https:\/\/makertechnologypc.com\/product\/procesador-amd-ryzen-7-9700x\/#primaryimage","url":"https:\/\/makertechnologypc.com\/wp-content\/uploads\/2025\/09\/75320.png","contentUrl":"https:\/\/makertechnologypc.com\/wp-content\/uploads\/2025\/09\/75320.png","width":1000,"height":1000},{"@type":"BreadcrumbList","@id":"https:\/\/makertechnologypc.com\/product\/procesador-amd-ryzen-7-9700x\/#breadcrumb","itemListElement":[{"@type":"ListItem","position":1,"name":"Inicio","item":"https:\/\/makertechnologypc.com\/"},{"@type":"ListItem","position":2,"name":"Tienda","item":"https:\/\/makertechnologypc.com\/tienda-de-pc-gamer-y-profesional\/"},{"@type":"ListItem","position":3,"name":"Procesador AMD Ryzen 7 9700X Am5"}]},{"@type":"WebSite","@id":"https:\/\/makertechnologypc.com\/#website","url":"https:\/\/makertechnologypc.com\/","name":"makertechnology","description":"Arma tu PC gamer o profesional en Colombia. Componentes premium, ensamble experto y hardware para rendimiento, gaming y productividad.","publisher":{"@id":"https:\/\/makertechnologypc.com\/#organization"},"alternateName":"makertechnologypc","potentialAction":[{"@type":"SearchAction","target":{"@type":"EntryPoint","urlTemplate":"https:\/\/makertechnologypc.com\/?s={search_term_string}"},"query-input":{"@type":"PropertyValueSpecification","valueRequired":true,"valueName":"search_term_string"}}],"inLanguage":"en-US"},{"@type":"Organization","@id":"https:\/\/makertechnologypc.com\/#organization","name":"makertechnology","alternateName":"makertechnology","url":"https:\/\/makertechnologypc.com\/","logo":{"@type":"ImageObject","inLanguage":"en-US","@id":"https:\/\/makertechnologypc.com\/#\/schema\/logo\/image\/","url":"https:\/\/makertechnologypc.com\/wp-content\/uploads\/2025\/09\/makertechnology-logo-2.png","contentUrl":"https:\/\/makertechnologypc.com\/wp-content\/uploads\/2025\/09\/makertechnology-logo-2.png","width":125,"height":140,"caption":"makertechnology"},"image":{"@id":"https:\/\/makertechnologypc.com\/#\/schema\/logo\/image\/"},"sameAs":["https:\/\/www.facebook.com\/people\/MakerTechnology\/61552346566079\/","https:\/\/www.instagram.com\/makertechnology82\/"]}]}},"_links":{"self":[{"href":"https:\/\/makertechnologypc.com\/en\/wp-json\/wp\/v2\/product\/2332","targetHints":{"allow":["GET"]}}],"collection":[{"href":"https:\/\/makertechnologypc.com\/en\/wp-json\/wp\/v2\/product"}],"about":[{"href":"https:\/\/makertechnologypc.com\/en\/wp-json\/wp\/v2\/types\/product"}],"replies":[{"embeddable":true,"href":"https:\/\/makertechnologypc.com\/en\/wp-json\/wp\/v2\/comments?post=2332"}],"wp:featuredmedia":[{"embeddable":true,"href":"https:\/\/makertechnologypc.com\/en\/wp-json\/wp\/v2\/media\/2333"}],"wp:attachment":[{"href":"https:\/\/makertechnologypc.com\/en\/wp-json\/wp\/v2\/media?parent=2332"}],"wp:term":[{"taxonomy":"product_brand","embeddable":true,"href":"https:\/\/makertechnologypc.com\/en\/wp-json\/wp\/v2\/product_brand?post=2332"},{"taxonomy":"product_cat","embeddable":true,"href":"https:\/\/makertechnologypc.com\/en\/wp-json\/wp\/v2\/product_cat?post=2332"},{"taxonomy":"product_tag","embeddable":true,"href":"https:\/\/makertechnologypc.com\/en\/wp-json\/wp\/v2\/product_tag?post=2332"}],"curies":[{"name":"wp","href":"https:\/\/api.w.org\/{rel}","templated":true}]}}