{"id":2514,"date":"2026-01-16T11:03:12","date_gmt":"2026-01-16T16:03:12","guid":{"rendered":"https:\/\/makertechnologypc.com\/?post_type=product&#038;p=2514"},"modified":"2026-03-26T18:01:10","modified_gmt":"2026-03-26T23:01:10","slug":"notebook-msi-thin-core-i5","status":"publish","type":"product","link":"https:\/\/makertechnologypc.com\/en\/product\/notebook-msi-thin-core-i5\/","title":{"rendered":"NOTEBOOK MSI THIN INTEL CORE I5 13420H 16GB NVME 512GB RTX 4060 8GB 144HZ"},"content":{"rendered":"<ul>\n<li><b>Modelo:<\/b> MSI Thin B13VF<\/li>\n<li><b>Procesador:<\/b> <b>Intel\u00ae Core\u2122 i5-13420H<\/b><span class=\"citation-71 citation-end-71\"> (13\u00aa Generaci\u00f3n) con 8 n\u00facleos (4 de rendimiento + 4 de eficiencia) y hasta 4.6 GHz de frecuencia turbo.<\/span><\/li>\n<li><b>Tarjeta Gr\u00e1fica:<\/b> <b>NVIDIA\u00ae GeForce RTX\u2122 4060 Laptop GPU<\/b> con 8 GB de memoria GDDR6.<\/li>\n<li><b>Pantalla:<\/b><span class=\"citation-70\"> Panel de 15.6 pulgadas, resoluci\u00f3n Full HD (1920&#215;1080), con una tasa de refresco de <\/span><b>144Hz<\/b><span class=\"citation-70 citation-end-70\"> y tecnolog\u00eda de nivel IPS.<\/span><\/li>\n<li><b>Memoria RAM:<\/b><span class=\"citation-69 citation-end-69\"> 16 GB de memoria DDR4 a 3200MHz.<\/span><\/li>\n<li><b>Almacenamiento:<\/b><span class=\"citation-68 citation-end-68\"> 512 GB en unidad de estado s\u00f3lido (SSD) NVMe PCIe Gen4.<\/span><\/li>\n<li><b>Teclado:<\/b> Teclado para juegos con retroiluminaci\u00f3n en color azul o rojo y tecla [Anti-Ghosting].<\/li>\n<li><b>Refrigeraci\u00f3n:<\/b> Sistema de enfriamiento Cooler Boost con un dise\u00f1o de heat pipe compartido entre CPU y GPU para un rendimiento optimizado.<\/li>\n<li><b>Conectividad:<\/b> Wi-Fi 6, Bluetooth 5.2, 1x USB 3.2 Gen 1 Tipo-C (con DisplayPort), 3x USB 3.2 Gen 1 Tipo-A, 1x puerto HDMI\u2122, 1x puerto LAN RJ45.<\/li>\n<li><b>Sistema Operativo:<\/b> Windows 11 Home.<\/li>\n<li><b>Dimensiones y Peso:<\/b> Perfil delgado de 21.7 mm y un peso de solo 1.86 kg.<\/li>\n<\/ul>\n","protected":false},"excerpt":{"rendered":"<p>El port\u00e1til\u00a0<strong>MSI Thin 15 B13VF-2829US<\/strong>\u00a0es mucho m\u00e1s que una simple computadora port\u00e1til; es una m\u00e1quina de emociones y rendimiento que despierta una sensaci\u00f3n de poder a cada clic. Su procesador\u00a0<strong>Intel Core i5 13420H<\/strong>, junto con\u00a0<strong>16 GB<\/strong>\u00a0de RAM\u00a0<strong>DDR4<\/strong>\u00a0y la potente tarjeta gr\u00e1fica\u00a0<strong>NVIDIA GeForce RTX 4060<\/strong>, la convierten en una compa\u00f1era ideal tanto para aquellos momentos de concentraci\u00f3n extrema como para los instantes de desahogo en tus videojuegos favoritos.<\/p>","protected":false},"featured_media":2515,"comment_status":"open","ping_status":"closed","template":"","meta":[],"product_brand":[67],"product_cat":[250,56],"product_tag":[217,48,251,216],"class_list":{"0":"post-2514","1":"product","2":"type-product","3":"status-publish","4":"has-post-thumbnail","6":"product_brand-msi","7":"product_cat-intel","8":"product_cat-portatil","9":"product_tag-computador-portatil","10":"product_tag-intel","11":"product_tag-laptop","12":"product_tag-portatil","14":"first","15":"instock","16":"sale","17":"shipping-taxable","18":"purchasable","19":"product-type-simple"},"yoast_head":"<!-- This site is optimized with the Yoast SEO plugin v27.4 - https:\/\/yoast.com\/product\/yoast-seo-wordpress\/ -->\n<title>Notebook Msi Thin Core i5 13420h 16GB 512GB RTX 4060 8GB<\/title>\n<meta name=\"description\" content=\"El port\u00e1til MSI Thin 15 B13VF-2829US una m\u00e1quina de emociones y rendimiento. Procesador Intel Core i5 13420H, con 16 GB RAM DDR4 y NVIDIA GeForce RTX 4060\" \/>\n<meta name=\"robots\" content=\"index, follow, max-snippet:-1, max-image-preview:large, max-video-preview:-1\" \/>\n<link rel=\"canonical\" href=\"https:\/\/makertechnologypc.com\/en\/product\/notebook-msi-thin-core-i5\/\" \/>\n<meta property=\"og:locale\" content=\"en_US\" \/>\n<meta property=\"og:type\" content=\"article\" \/>\n<meta property=\"og:title\" content=\"Notebook Msi Thin Core i5 13420h 16GB 512GB RTX 4060 8GB\" \/>\n<meta property=\"og:description\" content=\"El port\u00e1til MSI Thin 15 B13VF-2829US una m\u00e1quina de emociones y rendimiento. Procesador Intel Core i5 13420H, con 16 GB RAM DDR4 y NVIDIA GeForce RTX 4060\" \/>\n<meta property=\"og:url\" content=\"https:\/\/makertechnologypc.com\/en\/product\/notebook-msi-thin-core-i5\/\" \/>\n<meta property=\"og:site_name\" content=\"Makertechnology\" \/>\n<meta property=\"article:publisher\" content=\"https:\/\/www.facebook.com\/people\/MakerTechnology\/61552346566079\/\" \/>\n<meta property=\"article:modified_time\" content=\"2026-03-26T23:01:10+00:00\" \/>\n<meta property=\"og:image\" content=\"https:\/\/makertechnologypc.com\/wp-content\/uploads\/2026\/01\/portatil-msi-thin-15-b13vf-intel-core-i5-13420h-512gb-ssd-16gb-ddr4-nvidia-geforce-rtx-4060-8gb-windows-11-color-grey-3.jpg\" \/>\n\t<meta property=\"og:image:width\" content=\"1000\" \/>\n\t<meta property=\"og:image:height\" content=\"1000\" \/>\n\t<meta property=\"og:image:type\" content=\"image\/jpeg\" \/>\n<meta name=\"twitter:card\" content=\"summary_large_image\" \/>\n<meta name=\"twitter:label1\" content=\"Est. reading time\" \/>\n\t<meta name=\"twitter:data1\" content=\"1 minute\" \/>\n<script type=\"application\/ld+json\" class=\"yoast-schema-graph\">{\"@context\":\"https:\\\/\\\/schema.org\",\"@graph\":[{\"@type\":\"WebPage\",\"@id\":\"https:\\\/\\\/makertechnologypc.com\\\/product\\\/notebook-msi-thin-core-i5\\\/\",\"url\":\"https:\\\/\\\/makertechnologypc.com\\\/product\\\/notebook-msi-thin-core-i5\\\/\",\"name\":\"Notebook Msi Thin Core i5 13420h 16GB 512GB RTX 4060 8GB\",\"isPartOf\":{\"@id\":\"https:\\\/\\\/makertechnologypc.com\\\/#website\"},\"primaryImageOfPage\":{\"@id\":\"https:\\\/\\\/makertechnologypc.com\\\/product\\\/notebook-msi-thin-core-i5\\\/#primaryimage\"},\"image\":{\"@id\":\"https:\\\/\\\/makertechnologypc.com\\\/product\\\/notebook-msi-thin-core-i5\\\/#primaryimage\"},\"thumbnailUrl\":\"https:\\\/\\\/makertechnologypc.com\\\/wp-content\\\/uploads\\\/2026\\\/01\\\/portatil-msi-thin-15-b13vf-intel-core-i5-13420h-512gb-ssd-16gb-ddr4-nvidia-geforce-rtx-4060-8gb-windows-11-color-grey-3.jpg\",\"datePublished\":\"2026-01-16T16:03:12+00:00\",\"dateModified\":\"2026-03-26T23:01:10+00:00\",\"description\":\"El port\u00e1til MSI Thin 15 B13VF-2829US una m\u00e1quina de emociones y rendimiento. Procesador Intel Core i5 13420H, con 16 GB RAM DDR4 y NVIDIA GeForce RTX 4060\",\"breadcrumb\":{\"@id\":\"https:\\\/\\\/makertechnologypc.com\\\/product\\\/notebook-msi-thin-core-i5\\\/#breadcrumb\"},\"inLanguage\":\"en-US\",\"potentialAction\":[{\"@type\":\"ReadAction\",\"target\":[\"https:\\\/\\\/makertechnologypc.com\\\/product\\\/notebook-msi-thin-core-i5\\\/\"]}]},{\"@type\":\"ImageObject\",\"inLanguage\":\"en-US\",\"@id\":\"https:\\\/\\\/makertechnologypc.com\\\/product\\\/notebook-msi-thin-core-i5\\\/#primaryimage\",\"url\":\"https:\\\/\\\/makertechnologypc.com\\\/wp-content\\\/uploads\\\/2026\\\/01\\\/portatil-msi-thin-15-b13vf-intel-core-i5-13420h-512gb-ssd-16gb-ddr4-nvidia-geforce-rtx-4060-8gb-windows-11-color-grey-3.jpg\",\"contentUrl\":\"https:\\\/\\\/makertechnologypc.com\\\/wp-content\\\/uploads\\\/2026\\\/01\\\/portatil-msi-thin-15-b13vf-intel-core-i5-13420h-512gb-ssd-16gb-ddr4-nvidia-geforce-rtx-4060-8gb-windows-11-color-grey-3.jpg\",\"width\":1000,\"height\":1000,\"caption\":\"portatil-msi-thin-15-b13vf-intel-core-i5-13420h-512gb-ssd-16gb-ddr4-nvidia-geforce-rtx-4060-8gb-windows-11-color-grey\"},{\"@type\":\"BreadcrumbList\",\"@id\":\"https:\\\/\\\/makertechnologypc.com\\\/product\\\/notebook-msi-thin-core-i5\\\/#breadcrumb\",\"itemListElement\":[{\"@type\":\"ListItem\",\"position\":1,\"name\":\"Inicio\",\"item\":\"https:\\\/\\\/makertechnologypc.com\\\/\"},{\"@type\":\"ListItem\",\"position\":2,\"name\":\"Tienda\",\"item\":\"https:\\\/\\\/makertechnologypc.com\\\/tienda-de-pc-gamer-y-profesional\\\/\"},{\"@type\":\"ListItem\",\"position\":3,\"name\":\"NOTEBOOK MSI THIN INTEL CORE I5 13420H 16GB NVME 512GB RTX 4060 8GB 144HZ\"}]},{\"@type\":\"WebSite\",\"@id\":\"https:\\\/\\\/makertechnologypc.com\\\/#website\",\"url\":\"https:\\\/\\\/makertechnologypc.com\\\/\",\"name\":\"makertechnology\",\"description\":\"Arma tu PC gamer o profesional en Colombia. Componentes premium, ensamble experto y hardware para rendimiento, gaming y productividad.\",\"publisher\":{\"@id\":\"https:\\\/\\\/makertechnologypc.com\\\/#organization\"},\"alternateName\":\"makertechnologypc\",\"potentialAction\":[{\"@type\":\"SearchAction\",\"target\":{\"@type\":\"EntryPoint\",\"urlTemplate\":\"https:\\\/\\\/makertechnologypc.com\\\/?s={search_term_string}\"},\"query-input\":{\"@type\":\"PropertyValueSpecification\",\"valueRequired\":true,\"valueName\":\"search_term_string\"}}],\"inLanguage\":\"en-US\"},{\"@type\":\"Organization\",\"@id\":\"https:\\\/\\\/makertechnologypc.com\\\/#organization\",\"name\":\"makertechnology\",\"alternateName\":\"makertechnology\",\"url\":\"https:\\\/\\\/makertechnologypc.com\\\/\",\"logo\":{\"@type\":\"ImageObject\",\"inLanguage\":\"en-US\",\"@id\":\"https:\\\/\\\/makertechnologypc.com\\\/#\\\/schema\\\/logo\\\/image\\\/\",\"url\":\"https:\\\/\\\/makertechnologypc.com\\\/wp-content\\\/uploads\\\/2025\\\/09\\\/makertechnology-logo-2.png\",\"contentUrl\":\"https:\\\/\\\/makertechnologypc.com\\\/wp-content\\\/uploads\\\/2025\\\/09\\\/makertechnology-logo-2.png\",\"width\":125,\"height\":140,\"caption\":\"makertechnology\"},\"image\":{\"@id\":\"https:\\\/\\\/makertechnologypc.com\\\/#\\\/schema\\\/logo\\\/image\\\/\"},\"sameAs\":[\"https:\\\/\\\/www.facebook.com\\\/people\\\/MakerTechnology\\\/61552346566079\\\/\",\"https:\\\/\\\/www.instagram.com\\\/makertechnology82\\\/\"]}]}<\/script>\n<!-- \/ Yoast SEO plugin. -->","yoast_head_json":{"title":"Notebook Msi Thin Core i5 13420h 16GB 512GB RTX 4060 8GB","description":"El port\u00e1til MSI Thin 15 B13VF-2829US una m\u00e1quina de emociones y rendimiento. Procesador Intel Core i5 13420H, con 16 GB RAM DDR4 y NVIDIA GeForce RTX 4060","robots":{"index":"index","follow":"follow","max-snippet":"max-snippet:-1","max-image-preview":"max-image-preview:large","max-video-preview":"max-video-preview:-1"},"canonical":"https:\/\/makertechnologypc.com\/en\/product\/notebook-msi-thin-core-i5\/","og_locale":"en_US","og_type":"article","og_title":"Notebook Msi Thin Core i5 13420h 16GB 512GB RTX 4060 8GB","og_description":"El port\u00e1til MSI Thin 15 B13VF-2829US una m\u00e1quina de emociones y rendimiento. Procesador Intel Core i5 13420H, con 16 GB RAM DDR4 y NVIDIA GeForce RTX 4060","og_url":"https:\/\/makertechnologypc.com\/en\/product\/notebook-msi-thin-core-i5\/","og_site_name":"Makertechnology","article_publisher":"https:\/\/www.facebook.com\/people\/MakerTechnology\/61552346566079\/","article_modified_time":"2026-03-26T23:01:10+00:00","og_image":[{"width":1000,"height":1000,"url":"https:\/\/makertechnologypc.com\/wp-content\/uploads\/2026\/01\/portatil-msi-thin-15-b13vf-intel-core-i5-13420h-512gb-ssd-16gb-ddr4-nvidia-geforce-rtx-4060-8gb-windows-11-color-grey-3.jpg","type":"image\/jpeg"}],"twitter_card":"summary_large_image","twitter_misc":{"Est. reading time":"1 minute"},"schema":{"@context":"https:\/\/schema.org","@graph":[{"@type":"WebPage","@id":"https:\/\/makertechnologypc.com\/product\/notebook-msi-thin-core-i5\/","url":"https:\/\/makertechnologypc.com\/product\/notebook-msi-thin-core-i5\/","name":"Notebook Msi Thin Core i5 13420h 16GB 512GB RTX 4060 8GB","isPartOf":{"@id":"https:\/\/makertechnologypc.com\/#website"},"primaryImageOfPage":{"@id":"https:\/\/makertechnologypc.com\/product\/notebook-msi-thin-core-i5\/#primaryimage"},"image":{"@id":"https:\/\/makertechnologypc.com\/product\/notebook-msi-thin-core-i5\/#primaryimage"},"thumbnailUrl":"https:\/\/makertechnologypc.com\/wp-content\/uploads\/2026\/01\/portatil-msi-thin-15-b13vf-intel-core-i5-13420h-512gb-ssd-16gb-ddr4-nvidia-geforce-rtx-4060-8gb-windows-11-color-grey-3.jpg","datePublished":"2026-01-16T16:03:12+00:00","dateModified":"2026-03-26T23:01:10+00:00","description":"El port\u00e1til MSI Thin 15 B13VF-2829US una m\u00e1quina de emociones y rendimiento. Procesador Intel Core i5 13420H, con 16 GB RAM DDR4 y NVIDIA GeForce RTX 4060","breadcrumb":{"@id":"https:\/\/makertechnologypc.com\/product\/notebook-msi-thin-core-i5\/#breadcrumb"},"inLanguage":"en-US","potentialAction":[{"@type":"ReadAction","target":["https:\/\/makertechnologypc.com\/product\/notebook-msi-thin-core-i5\/"]}]},{"@type":"ImageObject","inLanguage":"en-US","@id":"https:\/\/makertechnologypc.com\/product\/notebook-msi-thin-core-i5\/#primaryimage","url":"https:\/\/makertechnologypc.com\/wp-content\/uploads\/2026\/01\/portatil-msi-thin-15-b13vf-intel-core-i5-13420h-512gb-ssd-16gb-ddr4-nvidia-geforce-rtx-4060-8gb-windows-11-color-grey-3.jpg","contentUrl":"https:\/\/makertechnologypc.com\/wp-content\/uploads\/2026\/01\/portatil-msi-thin-15-b13vf-intel-core-i5-13420h-512gb-ssd-16gb-ddr4-nvidia-geforce-rtx-4060-8gb-windows-11-color-grey-3.jpg","width":1000,"height":1000,"caption":"portatil-msi-thin-15-b13vf-intel-core-i5-13420h-512gb-ssd-16gb-ddr4-nvidia-geforce-rtx-4060-8gb-windows-11-color-grey"},{"@type":"BreadcrumbList","@id":"https:\/\/makertechnologypc.com\/product\/notebook-msi-thin-core-i5\/#breadcrumb","itemListElement":[{"@type":"ListItem","position":1,"name":"Inicio","item":"https:\/\/makertechnologypc.com\/"},{"@type":"ListItem","position":2,"name":"Tienda","item":"https:\/\/makertechnologypc.com\/tienda-de-pc-gamer-y-profesional\/"},{"@type":"ListItem","position":3,"name":"NOTEBOOK MSI THIN INTEL CORE I5 13420H 16GB NVME 512GB RTX 4060 8GB 144HZ"}]},{"@type":"WebSite","@id":"https:\/\/makertechnologypc.com\/#website","url":"https:\/\/makertechnologypc.com\/","name":"makertechnology","description":"Arma tu PC gamer o profesional en Colombia. Componentes premium, ensamble experto y hardware para rendimiento, gaming y productividad.","publisher":{"@id":"https:\/\/makertechnologypc.com\/#organization"},"alternateName":"makertechnologypc","potentialAction":[{"@type":"SearchAction","target":{"@type":"EntryPoint","urlTemplate":"https:\/\/makertechnologypc.com\/?s={search_term_string}"},"query-input":{"@type":"PropertyValueSpecification","valueRequired":true,"valueName":"search_term_string"}}],"inLanguage":"en-US"},{"@type":"Organization","@id":"https:\/\/makertechnologypc.com\/#organization","name":"makertechnology","alternateName":"makertechnology","url":"https:\/\/makertechnologypc.com\/","logo":{"@type":"ImageObject","inLanguage":"en-US","@id":"https:\/\/makertechnologypc.com\/#\/schema\/logo\/image\/","url":"https:\/\/makertechnologypc.com\/wp-content\/uploads\/2025\/09\/makertechnology-logo-2.png","contentUrl":"https:\/\/makertechnologypc.com\/wp-content\/uploads\/2025\/09\/makertechnology-logo-2.png","width":125,"height":140,"caption":"makertechnology"},"image":{"@id":"https:\/\/makertechnologypc.com\/#\/schema\/logo\/image\/"},"sameAs":["https:\/\/www.facebook.com\/people\/MakerTechnology\/61552346566079\/","https:\/\/www.instagram.com\/makertechnology82\/"]}]}},"_links":{"self":[{"href":"https:\/\/makertechnologypc.com\/en\/wp-json\/wp\/v2\/product\/2514","targetHints":{"allow":["GET"]}}],"collection":[{"href":"https:\/\/makertechnologypc.com\/en\/wp-json\/wp\/v2\/product"}],"about":[{"href":"https:\/\/makertechnologypc.com\/en\/wp-json\/wp\/v2\/types\/product"}],"replies":[{"embeddable":true,"href":"https:\/\/makertechnologypc.com\/en\/wp-json\/wp\/v2\/comments?post=2514"}],"wp:featuredmedia":[{"embeddable":true,"href":"https:\/\/makertechnologypc.com\/en\/wp-json\/wp\/v2\/media\/2515"}],"wp:attachment":[{"href":"https:\/\/makertechnologypc.com\/en\/wp-json\/wp\/v2\/media?parent=2514"}],"wp:term":[{"taxonomy":"product_brand","embeddable":true,"href":"https:\/\/makertechnologypc.com\/en\/wp-json\/wp\/v2\/product_brand?post=2514"},{"taxonomy":"product_cat","embeddable":true,"href":"https:\/\/makertechnologypc.com\/en\/wp-json\/wp\/v2\/product_cat?post=2514"},{"taxonomy":"product_tag","embeddable":true,"href":"https:\/\/makertechnologypc.com\/en\/wp-json\/wp\/v2\/product_tag?post=2514"}],"curies":[{"name":"wp","href":"https:\/\/api.w.org\/{rel}","templated":true}]}}