{"id":744,"date":"2025-05-05T21:18:51","date_gmt":"2025-05-06T02:18:51","guid":{"rendered":"https:\/\/makertechnologypc.com\/?post_type=product&#038;p=744"},"modified":"2025-09-04T15:14:52","modified_gmt":"2025-09-04T20:14:52","slug":"gabinete-hyte-y60-blanca-negro","status":"publish","type":"product","link":"https:\/\/makertechnologypc.com\/en\/product\/gabinete-hyte-y60-blanca-negro\/","title":{"rendered":"GABINETE HYTE Y60 BLANCA \/ NEGRO"},"content":{"rendered":"<p>&nbsp;<\/p>\n<p>&nbsp;<\/p>\n<p>&nbsp;<\/p>\n<p>&nbsp;<\/p>\n<p><strong>ESPECIFICACIONES T\u00c9CNICAS<\/strong><\/p>\n<p>Tipo Caja ATX de torre media de doble c\u00e1mara<\/p>\n<p>Volumen 60 litros<\/p>\n<p>Dimensiones de la caja 456 mm (largo) x 285 mm (ancho) x 462 mm (alto)<\/p>\n<p>Peso de la caja 9,6 kilogramos<\/p>\n<p>Dimensiones del estuche en caja 535 mm (largo) x 372 mm (ancho) x 540 mm (alto)<\/p>\n<p>Peso de la caja 11,3 kilogramos<\/p>\n<p>Materiales del caso Vidrio templado, acero, ABS<\/p>\n<p>Color Blanco\/Negro<\/p>\n<p>Soporte de placa base EATX, ATX, mATX, ITX<\/p>\n<p>Fuente de alimentaci\u00f3n ATX de hasta 235 mm de longitud<\/p>\n<p>Dimensiones m\u00e1ximas de la tarjeta de v\u00eddeo 375 mm de largo, 75 mm de ancho (se recomiendan 60 mm o menos para una mejor refrigeraci\u00f3n)<\/p>\n<p>Soporte de ventilador (lateral) 2x 120\/140 mm<\/p>\n<p>Apoyo de los fans (arriba) 3 x 120 mm<\/p>\n<p>Soporte del ventilador (trasero) 1x 120 mm (1x 120 mm, 1300 RPM incluidas)<\/p>\n<p>Apoyo de los fans (abajo) 2 x 120 mm\/140 mm (2 x 120 mm, 1300 RPM incluidas)<\/p>\n<p>Soporte del radiador (lateral) 120, 140, 240, 280 mm hasta 150 mm de espesor<\/p>\n<p>Soporte del radiador (superior) 120, 240, 360 mm hasta 30 mm de espesor<\/p>\n<p>Soporte del radiador (trasero) 120 mm<\/p>\n<p>Altura del enfriador de CPU 160 mm*<\/p>\n<p>Almacenamiento 2 discos duros de 3,5&#8243; o 4 SSD de 2,5&#8243;<\/p>\n<p>Ranuras de expansi\u00f3n 3 + 7 media altura<\/p>\n<p>Tarjeta elevadora PCI Express 4.0 x 16 (incluido)<\/p>\n<p>Interfaces USB 3.0 frontal 2<\/p>\n<p>USB 3.2 Gen 2 Tipo-C frontal 1<\/p>\n<p>Conector de audio\/micr\u00f3fono 1<\/p>\n<p>Filtros de polvo Abajo, Lado, Arriba<\/p>\n<p>Iluminaci\u00f3n RGB Ninguno<\/p>","protected":false},"excerpt":{"rendered":"<ul class=\"a-unordered-list a-vertical a-spacing-mini\">\n<li class=\"a-spacing-mini\"><span class=\"a-list-item\">Vistas panor\u00e1micas: Sin pilar de esquina. El Y60 cuenta con un dise\u00f1o panor\u00e1mico de vidrio templado de 3 piezas para el m\u00e1ximo potencial de fotos y visualizaci\u00f3n. Vea su construcci\u00f3n de la manera en que deb\u00eda verse desde el lado izquierdo o derecho de su escritorio con un simple giro.<\/span><\/li>\n<li class=\"a-spacing-mini\"><span class=\"a-list-item\">Exclusivamente montado en GPU vertical: \u00bfPor qu\u00e9 querr\u00eda ver su tarjeta gr\u00e1fica de otra manera?<\/span><\/li>\n<li class=\"a-spacing-mini\"><span class=\"a-list-item\">Cable vertical PCIE 4.0 incluido: Un toldo protector de cable vertical se integra maravillosamente en la caja, lo que permite tarjetas PCIE de media altura detr\u00e1s del trono de la tarjeta gr\u00e1fica vertical. La cubierta protectora es la primera de su tipo, hecha espec\u00edficamente para el Y60.<\/span><\/li>\n<li class=\"a-spacing-mini\"><span class=\"a-list-item\">Construcci\u00f3n Antechamber: segmente los cables de componentes t\u00e9rmicos y convierta su PC en una obra de arte.<\/span><\/li>\n<li class=\"a-spacing-mini\"><span class=\"a-list-item\">Enfriamiento por suelo fr\u00edo: elimine los puntos calientes con respiraderos laterales de barrido de ventiladores escondidos con buen gusto en el s\u00f3tano del Y60.<\/span><\/li>\n<\/ul>","protected":false},"featured_media":748,"comment_status":"open","ping_status":"closed","template":"","meta":[],"product_brand":[32],"product_cat":[25],"product_tag":[29,27,28,33],"class_list":{"0":"post-744","1":"product","2":"type-product","3":"status-publish","4":"has-post-thumbnail","6":"product_brand-hyte","7":"product_cat-gabinetes","8":"product_tag-case","9":"product_tag-chasis","10":"product_tag-gabinete","11":"product_tag-hyte","13":"first","14":"instock","15":"virtual","16":"purchasable","17":"product-type-simple"},"yoast_head":"<!-- This site is optimized with the Yoast SEO plugin v27.4 - https:\/\/yoast.com\/product\/yoast-seo-wordpress\/ -->\n<title>GABINETE HYTE Y60 BLANCA \/ NEGRO - Makertechnology<\/title>\n<meta name=\"robots\" content=\"index, follow, max-snippet:-1, max-image-preview:large, max-video-preview:-1\" \/>\n<link rel=\"canonical\" href=\"https:\/\/makertechnologypc.com\/en\/product\/gabinete-hyte-y60-blanca-negro\/\" \/>\n<meta property=\"og:locale\" content=\"en_US\" \/>\n<meta property=\"og:type\" content=\"article\" \/>\n<meta property=\"og:title\" content=\"GABINETE HYTE Y60 BLANCA \/ NEGRO - Makertechnology\" \/>\n<meta property=\"og:description\" content=\"Vistas panor\u00e1micas: Sin pilar de esquina. El Y60 cuenta con un dise\u00f1o panor\u00e1mico de vidrio templado de 3 piezas para el m\u00e1ximo potencial de fotos y visualizaci\u00f3n. Vea su construcci\u00f3n de la manera en que deb\u00eda verse desde el lado izquierdo o derecho de su escritorio con un simple giro.  Exclusivamente montado en GPU vertical: \u00bfPor qu\u00e9 querr\u00eda ver su tarjeta gr\u00e1fica de otra manera?  Cable vertical PCIE 4.0 incluido: Un toldo protector de cable vertical se integra maravillosamente en la caja, lo que permite tarjetas PCIE de media altura detr\u00e1s del trono de la tarjeta gr\u00e1fica vertical. La cubierta protectora es la primera de su tipo, hecha espec\u00edficamente para el Y60.  Construcci\u00f3n Antechamber: segmente los cables de componentes t\u00e9rmicos y convierta su PC en una obra de arte.  Enfriamiento por suelo fr\u00edo: elimine los puntos calientes con respiraderos laterales de barrido de ventiladores escondidos con buen gusto en el s\u00f3tano del Y60.\" \/>\n<meta property=\"og:url\" content=\"https:\/\/makertechnologypc.com\/en\/product\/gabinete-hyte-y60-blanca-negro\/\" \/>\n<meta property=\"og:site_name\" content=\"Makertechnology\" \/>\n<meta property=\"article:publisher\" content=\"https:\/\/www.facebook.com\/people\/MakerTechnology\/61552346566079\/\" \/>\n<meta property=\"article:modified_time\" content=\"2025-09-04T20:14:52+00:00\" \/>\n<meta property=\"og:image\" content=\"https:\/\/makertechnologypc.com\/wp-content\/uploads\/2025\/05\/HYTE-Y60\u2013Blanco_negro-1.jpg\" \/>\n\t<meta property=\"og:image:width\" content=\"1600\" \/>\n\t<meta property=\"og:image:height\" content=\"1600\" \/>\n\t<meta property=\"og:image:type\" content=\"image\/jpeg\" \/>\n<meta name=\"twitter:card\" content=\"summary_large_image\" \/>\n<meta name=\"twitter:label1\" content=\"Est. reading time\" \/>\n\t<meta name=\"twitter:data1\" content=\"1 minute\" \/>\n<script type=\"application\/ld+json\" class=\"yoast-schema-graph\">{\"@context\":\"https:\\\/\\\/schema.org\",\"@graph\":[{\"@type\":\"WebPage\",\"@id\":\"https:\\\/\\\/makertechnologypc.com\\\/product\\\/gabinete-hyte-y60-blanca-negro\\\/\",\"url\":\"https:\\\/\\\/makertechnologypc.com\\\/product\\\/gabinete-hyte-y60-blanca-negro\\\/\",\"name\":\"GABINETE HYTE Y60 BLANCA \\\/ NEGRO - Makertechnology\",\"isPartOf\":{\"@id\":\"https:\\\/\\\/makertechnologypc.com\\\/#website\"},\"primaryImageOfPage\":{\"@id\":\"https:\\\/\\\/makertechnologypc.com\\\/product\\\/gabinete-hyte-y60-blanca-negro\\\/#primaryimage\"},\"image\":{\"@id\":\"https:\\\/\\\/makertechnologypc.com\\\/product\\\/gabinete-hyte-y60-blanca-negro\\\/#primaryimage\"},\"thumbnailUrl\":\"https:\\\/\\\/makertechnologypc.com\\\/wp-content\\\/uploads\\\/2025\\\/05\\\/HYTE-Y60\u2013Blanco_negro-1.jpg\",\"datePublished\":\"2025-05-06T02:18:51+00:00\",\"dateModified\":\"2025-09-04T20:14:52+00:00\",\"breadcrumb\":{\"@id\":\"https:\\\/\\\/makertechnologypc.com\\\/product\\\/gabinete-hyte-y60-blanca-negro\\\/#breadcrumb\"},\"inLanguage\":\"en-US\",\"potentialAction\":[{\"@type\":\"ReadAction\",\"target\":[\"https:\\\/\\\/makertechnologypc.com\\\/product\\\/gabinete-hyte-y60-blanca-negro\\\/\"]}]},{\"@type\":\"ImageObject\",\"inLanguage\":\"en-US\",\"@id\":\"https:\\\/\\\/makertechnologypc.com\\\/product\\\/gabinete-hyte-y60-blanca-negro\\\/#primaryimage\",\"url\":\"https:\\\/\\\/makertechnologypc.com\\\/wp-content\\\/uploads\\\/2025\\\/05\\\/HYTE-Y60\u2013Blanco_negro-1.jpg\",\"contentUrl\":\"https:\\\/\\\/makertechnologypc.com\\\/wp-content\\\/uploads\\\/2025\\\/05\\\/HYTE-Y60\u2013Blanco_negro-1.jpg\",\"width\":1600,\"height\":1600},{\"@type\":\"BreadcrumbList\",\"@id\":\"https:\\\/\\\/makertechnologypc.com\\\/product\\\/gabinete-hyte-y60-blanca-negro\\\/#breadcrumb\",\"itemListElement\":[{\"@type\":\"ListItem\",\"position\":1,\"name\":\"Inicio\",\"item\":\"https:\\\/\\\/makertechnologypc.com\\\/\"},{\"@type\":\"ListItem\",\"position\":2,\"name\":\"Tienda\",\"item\":\"https:\\\/\\\/makertechnologypc.com\\\/tienda-de-pc-gamer-y-profesional\\\/\"},{\"@type\":\"ListItem\",\"position\":3,\"name\":\"GABINETE HYTE Y60 BLANCA \\\/ NEGRO\"}]},{\"@type\":\"WebSite\",\"@id\":\"https:\\\/\\\/makertechnologypc.com\\\/#website\",\"url\":\"https:\\\/\\\/makertechnologypc.com\\\/\",\"name\":\"makertechnology\",\"description\":\"Arma tu PC gamer o profesional en Colombia. Componentes premium, ensamble experto y hardware para rendimiento, gaming y productividad.\",\"publisher\":{\"@id\":\"https:\\\/\\\/makertechnologypc.com\\\/#organization\"},\"alternateName\":\"makertechnologypc\",\"potentialAction\":[{\"@type\":\"SearchAction\",\"target\":{\"@type\":\"EntryPoint\",\"urlTemplate\":\"https:\\\/\\\/makertechnologypc.com\\\/?s={search_term_string}\"},\"query-input\":{\"@type\":\"PropertyValueSpecification\",\"valueRequired\":true,\"valueName\":\"search_term_string\"}}],\"inLanguage\":\"en-US\"},{\"@type\":\"Organization\",\"@id\":\"https:\\\/\\\/makertechnologypc.com\\\/#organization\",\"name\":\"makertechnology\",\"alternateName\":\"makertechnology\",\"url\":\"https:\\\/\\\/makertechnologypc.com\\\/\",\"logo\":{\"@type\":\"ImageObject\",\"inLanguage\":\"en-US\",\"@id\":\"https:\\\/\\\/makertechnologypc.com\\\/#\\\/schema\\\/logo\\\/image\\\/\",\"url\":\"https:\\\/\\\/makertechnologypc.com\\\/wp-content\\\/uploads\\\/2025\\\/09\\\/makertechnology-logo-2.png\",\"contentUrl\":\"https:\\\/\\\/makertechnologypc.com\\\/wp-content\\\/uploads\\\/2025\\\/09\\\/makertechnology-logo-2.png\",\"width\":125,\"height\":140,\"caption\":\"makertechnology\"},\"image\":{\"@id\":\"https:\\\/\\\/makertechnologypc.com\\\/#\\\/schema\\\/logo\\\/image\\\/\"},\"sameAs\":[\"https:\\\/\\\/www.facebook.com\\\/people\\\/MakerTechnology\\\/61552346566079\\\/\",\"https:\\\/\\\/www.instagram.com\\\/makertechnology82\\\/\"]}]}<\/script>\n<!-- \/ Yoast SEO plugin. -->","yoast_head_json":{"title":"GABINETE HYTE Y60 BLANCA \/ NEGRO - Makertechnology","robots":{"index":"index","follow":"follow","max-snippet":"max-snippet:-1","max-image-preview":"max-image-preview:large","max-video-preview":"max-video-preview:-1"},"canonical":"https:\/\/makertechnologypc.com\/en\/product\/gabinete-hyte-y60-blanca-negro\/","og_locale":"en_US","og_type":"article","og_title":"GABINETE HYTE Y60 BLANCA \/ NEGRO - Makertechnology","og_description":"Vistas panor\u00e1micas: Sin pilar de esquina. El Y60 cuenta con un dise\u00f1o panor\u00e1mico de vidrio templado de 3 piezas para el m\u00e1ximo potencial de fotos y visualizaci\u00f3n. Vea su construcci\u00f3n de la manera en que deb\u00eda verse desde el lado izquierdo o derecho de su escritorio con un simple giro.  Exclusivamente montado en GPU vertical: \u00bfPor qu\u00e9 querr\u00eda ver su tarjeta gr\u00e1fica de otra manera?  Cable vertical PCIE 4.0 incluido: Un toldo protector de cable vertical se integra maravillosamente en la caja, lo que permite tarjetas PCIE de media altura detr\u00e1s del trono de la tarjeta gr\u00e1fica vertical. La cubierta protectora es la primera de su tipo, hecha espec\u00edficamente para el Y60.  Construcci\u00f3n Antechamber: segmente los cables de componentes t\u00e9rmicos y convierta su PC en una obra de arte.  Enfriamiento por suelo fr\u00edo: elimine los puntos calientes con respiraderos laterales de barrido de ventiladores escondidos con buen gusto en el s\u00f3tano del Y60.","og_url":"https:\/\/makertechnologypc.com\/en\/product\/gabinete-hyte-y60-blanca-negro\/","og_site_name":"Makertechnology","article_publisher":"https:\/\/www.facebook.com\/people\/MakerTechnology\/61552346566079\/","article_modified_time":"2025-09-04T20:14:52+00:00","og_image":[{"width":1600,"height":1600,"url":"https:\/\/makertechnologypc.com\/wp-content\/uploads\/2025\/05\/HYTE-Y60\u2013Blanco_negro-1.jpg","type":"image\/jpeg"}],"twitter_card":"summary_large_image","twitter_misc":{"Est. reading time":"1 minute"},"schema":{"@context":"https:\/\/schema.org","@graph":[{"@type":"WebPage","@id":"https:\/\/makertechnologypc.com\/product\/gabinete-hyte-y60-blanca-negro\/","url":"https:\/\/makertechnologypc.com\/product\/gabinete-hyte-y60-blanca-negro\/","name":"GABINETE HYTE Y60 BLANCA \/ NEGRO - Makertechnology","isPartOf":{"@id":"https:\/\/makertechnologypc.com\/#website"},"primaryImageOfPage":{"@id":"https:\/\/makertechnologypc.com\/product\/gabinete-hyte-y60-blanca-negro\/#primaryimage"},"image":{"@id":"https:\/\/makertechnologypc.com\/product\/gabinete-hyte-y60-blanca-negro\/#primaryimage"},"thumbnailUrl":"https:\/\/makertechnologypc.com\/wp-content\/uploads\/2025\/05\/HYTE-Y60\u2013Blanco_negro-1.jpg","datePublished":"2025-05-06T02:18:51+00:00","dateModified":"2025-09-04T20:14:52+00:00","breadcrumb":{"@id":"https:\/\/makertechnologypc.com\/product\/gabinete-hyte-y60-blanca-negro\/#breadcrumb"},"inLanguage":"en-US","potentialAction":[{"@type":"ReadAction","target":["https:\/\/makertechnologypc.com\/product\/gabinete-hyte-y60-blanca-negro\/"]}]},{"@type":"ImageObject","inLanguage":"en-US","@id":"https:\/\/makertechnologypc.com\/product\/gabinete-hyte-y60-blanca-negro\/#primaryimage","url":"https:\/\/makertechnologypc.com\/wp-content\/uploads\/2025\/05\/HYTE-Y60\u2013Blanco_negro-1.jpg","contentUrl":"https:\/\/makertechnologypc.com\/wp-content\/uploads\/2025\/05\/HYTE-Y60\u2013Blanco_negro-1.jpg","width":1600,"height":1600},{"@type":"BreadcrumbList","@id":"https:\/\/makertechnologypc.com\/product\/gabinete-hyte-y60-blanca-negro\/#breadcrumb","itemListElement":[{"@type":"ListItem","position":1,"name":"Inicio","item":"https:\/\/makertechnologypc.com\/"},{"@type":"ListItem","position":2,"name":"Tienda","item":"https:\/\/makertechnologypc.com\/tienda-de-pc-gamer-y-profesional\/"},{"@type":"ListItem","position":3,"name":"GABINETE HYTE Y60 BLANCA \/ NEGRO"}]},{"@type":"WebSite","@id":"https:\/\/makertechnologypc.com\/#website","url":"https:\/\/makertechnologypc.com\/","name":"makertechnology","description":"Arma tu PC gamer o profesional en Colombia. Componentes premium, ensamble experto y hardware para rendimiento, gaming y productividad.","publisher":{"@id":"https:\/\/makertechnologypc.com\/#organization"},"alternateName":"makertechnologypc","potentialAction":[{"@type":"SearchAction","target":{"@type":"EntryPoint","urlTemplate":"https:\/\/makertechnologypc.com\/?s={search_term_string}"},"query-input":{"@type":"PropertyValueSpecification","valueRequired":true,"valueName":"search_term_string"}}],"inLanguage":"en-US"},{"@type":"Organization","@id":"https:\/\/makertechnologypc.com\/#organization","name":"makertechnology","alternateName":"makertechnology","url":"https:\/\/makertechnologypc.com\/","logo":{"@type":"ImageObject","inLanguage":"en-US","@id":"https:\/\/makertechnologypc.com\/#\/schema\/logo\/image\/","url":"https:\/\/makertechnologypc.com\/wp-content\/uploads\/2025\/09\/makertechnology-logo-2.png","contentUrl":"https:\/\/makertechnologypc.com\/wp-content\/uploads\/2025\/09\/makertechnology-logo-2.png","width":125,"height":140,"caption":"makertechnology"},"image":{"@id":"https:\/\/makertechnologypc.com\/#\/schema\/logo\/image\/"},"sameAs":["https:\/\/www.facebook.com\/people\/MakerTechnology\/61552346566079\/","https:\/\/www.instagram.com\/makertechnology82\/"]}]}},"_links":{"self":[{"href":"https:\/\/makertechnologypc.com\/en\/wp-json\/wp\/v2\/product\/744","targetHints":{"allow":["GET"]}}],"collection":[{"href":"https:\/\/makertechnologypc.com\/en\/wp-json\/wp\/v2\/product"}],"about":[{"href":"https:\/\/makertechnologypc.com\/en\/wp-json\/wp\/v2\/types\/product"}],"replies":[{"embeddable":true,"href":"https:\/\/makertechnologypc.com\/en\/wp-json\/wp\/v2\/comments?post=744"}],"wp:featuredmedia":[{"embeddable":true,"href":"https:\/\/makertechnologypc.com\/en\/wp-json\/wp\/v2\/media\/748"}],"wp:attachment":[{"href":"https:\/\/makertechnologypc.com\/en\/wp-json\/wp\/v2\/media?parent=744"}],"wp:term":[{"taxonomy":"product_brand","embeddable":true,"href":"https:\/\/makertechnologypc.com\/en\/wp-json\/wp\/v2\/product_brand?post=744"},{"taxonomy":"product_cat","embeddable":true,"href":"https:\/\/makertechnologypc.com\/en\/wp-json\/wp\/v2\/product_cat?post=744"},{"taxonomy":"product_tag","embeddable":true,"href":"https:\/\/makertechnologypc.com\/en\/wp-json\/wp\/v2\/product_tag?post=744"}],"curies":[{"name":"wp","href":"https:\/\/api.w.org\/{rel}","templated":true}]}}