{"id":754,"date":"2025-05-06T09:17:42","date_gmt":"2025-05-06T14:17:42","guid":{"rendered":"https:\/\/makertechnologypc.com\/?post_type=product&#038;p=754"},"modified":"2025-09-03T11:57:08","modified_gmt":"2025-09-03T16:57:08","slug":"gabinete-corsair-3000d","status":"publish","type":"product","link":"https:\/\/makertechnologypc.com\/en\/product\/gabinete-corsair-3000d\/","title":{"rendered":"GABINETE CORSAIR 3000D Airflow White"},"content":{"rendered":"<p>&nbsp;<\/p>\n<h2 class=\"jsx-4009099301 font-semibold text-white font-sairaHeader uppercase text-center HeroBannerItem_banner-container__heading__1Njv1\" style=\"text-align: center;\">Flujo de aire 3000D RGB AIRFLOW<\/h2>\n<h2 class=\"md:smal-mb-8 mobile-header-font\" style=\"text-align: center;\">POTENCIAL DE REFRIGERACI\u00d3N EXTREMO<\/h2>\n<p class=\"md:text-xl text-sm leading-5 md:leading-9 md:smal-w-6\/12\" style=\"text-align: center;\">El espacioso interior puede alojar un m\u00e1ximo de 8 ventiladores de 120\u00a0mm o 4 de 140\u00a0mm, as\u00ed como varios radiadores, como uno de 360\u00a0mm en la parte frontal y uno de 280\u00a0mm en la parte superior.<\/p>\n<h4 style=\"text-align: center;\">Dimensiones<\/h4>\n<p><img loading=\"lazy\" decoding=\"async\" class=\"aligncenter\" src=\"https:\/\/assets.corsair.com\/image\/upload\/f_auto,q_auto\/akamai\/pdp\/3000d\/rgb%20airflow\/Panel2_image_dimensions_white.png\" alt=\"Vista frontal del chasis para PC 3000D RGB AIRFLOW vac\u00edo que muestra la capacidad para ventiladores.\" width=\"384\" height=\"245\" \/><\/p>\n<p style=\"text-align: center;\">Compacta pero eficiente, la 3000D Series tiene un excelente potencial de expansi\u00f3n sin ser engorrosa.<\/p>\n<p>&nbsp;<\/p>\n<h1>Especificaciones t\u00e9cnicas<\/h1>\n<p>Altura de la caja: 466<br \/>\nLongitud del caso: 462<br \/>\nAncho de la caja: 230<br \/>\nColor: BLANCO<br \/>\nPeso: 8.6<br \/>\nCompatibilidad del radiador: 120 mm, 140 mm, 240 mm, 280 mm, 360 mm<br \/>\nLongitud m\u00e1xima de la GPU: 360<br \/>\nAltura m\u00e1xima del enfriador de CPU: 170<br \/>\nLongitud m\u00e1xima de la fuente de alimentaci\u00f3n: 220<br \/>\nRefrigeradores l\u00edquidos compatibles: H55, H60, H100, H115, H150<br \/>\nTama\u00f1o de la caja: Torre media<br \/>\nFuente de alimentaci\u00f3n de caja: ATX<br \/>\nRanuras de expansi\u00f3n de caja: 7 verticales<br \/>\nBah\u00edas de unidad de caja: (x2) 3,5 pulgadas o (x2) 2,5 pulgadas<br \/>\nCarcasa frontal IO: 2 puertos USB 3.2 Gen 1 Tipo A, conector combinado para auriculares y micr\u00f3fono<br \/>\nVentana de la caja: Vidrio templado<br \/>\nBah\u00edas de unidad internas de 3,5&#8243;: 2<br \/>\nBah\u00edas de unidad internas de 2,5&#8243;: 2<\/p>","protected":false},"excerpt":{"rendered":"<p>El CORSAIR 3000D RGB AIRFLOW presenta un chasis ATX semitorre con un eficiente dise\u00f1o de gran caudal de aire, que incluye tres ventiladores CORSAIR AR120 RGB preinstalados que proporcionan una refrigeraci\u00f3n excepcional e intensos efectos de iluminaci\u00f3n.<\/p>\n<ul>\n<li>Espacio para un m\u00e1ximo de 8 ventiladores de 120 mm y varios radiadores de hasta 360\u00a0mm<\/li>\n<li>Incluye 3 ventiladores AR120 RGB<\/li>\n<li>Panel frontal de alto rendimiento con flujo de aire optimizado<\/li>\n<li>Admite tarjetas gr\u00e1ficas de cuatro ranuras y hasta 360\u00a0mm de longitud<\/li>\n<\/ul>","protected":false},"featured_media":2180,"comment_status":"open","ping_status":"closed","template":"","meta":[],"product_brand":[34],"product_cat":[25],"product_tag":[29,27,35,28,36],"class_list":{"0":"post-754","1":"product","2":"type-product","3":"status-publish","4":"has-post-thumbnail","6":"product_brand-corsair","7":"product_cat-gabinetes","8":"product_tag-case","9":"product_tag-chasis","10":"product_tag-corsair","11":"product_tag-gabinete","12":"product_tag-gamer","14":"first","15":"instock","16":"shipping-taxable","17":"purchasable","18":"product-type-simple"},"yoast_head":"<!-- This site is optimized with the Yoast SEO plugin v27.4 - https:\/\/yoast.com\/product\/yoast-seo-wordpress\/ -->\n<title>GABINETE CORSAIR 3000D Airflow White - Makertechnology<\/title>\n<meta name=\"robots\" content=\"index, follow, max-snippet:-1, max-image-preview:large, max-video-preview:-1\" \/>\n<link rel=\"canonical\" href=\"https:\/\/makertechnologypc.com\/en\/product\/gabinete-corsair-3000d\/\" \/>\n<meta property=\"og:locale\" content=\"en_US\" \/>\n<meta property=\"og:type\" content=\"article\" \/>\n<meta property=\"og:title\" content=\"GABINETE CORSAIR 3000D Airflow White - Makertechnology\" \/>\n<meta property=\"og:description\" content=\"El CORSAIR 3000D RGB AIRFLOW presenta un chasis ATX semitorre con un eficiente dise\u00f1o de gran caudal de aire, que incluye tres ventiladores CORSAIR AR120 RGB preinstalados que proporcionan una refrigeraci\u00f3n excepcional e intensos efectos de iluminaci\u00f3n.   Espacio para un m\u00e1ximo de 8 ventiladores de 120 mm y varios radiadores de hasta 360\u00a0mm  Incluye 3 ventiladores AR120 RGB  Panel frontal de alto rendimiento con flujo de aire optimizado  Admite tarjetas gr\u00e1ficas de cuatro ranuras y hasta 360\u00a0mm de longitud\" \/>\n<meta property=\"og:url\" content=\"https:\/\/makertechnologypc.com\/en\/product\/gabinete-corsair-3000d\/\" \/>\n<meta property=\"og:site_name\" content=\"Makertechnology\" \/>\n<meta property=\"article:publisher\" content=\"https:\/\/www.facebook.com\/people\/MakerTechnology\/61552346566079\/\" \/>\n<meta property=\"article:modified_time\" content=\"2025-09-03T16:57:08+00:00\" \/>\n<meta property=\"og:image\" content=\"https:\/\/makertechnologypc.com\/wp-content\/uploads\/2025\/05\/842.png\" \/>\n\t<meta property=\"og:image:width\" content=\"1000\" \/>\n\t<meta property=\"og:image:height\" content=\"1000\" \/>\n\t<meta property=\"og:image:type\" content=\"image\/png\" \/>\n<meta name=\"twitter:card\" content=\"summary_large_image\" \/>\n<meta name=\"twitter:label1\" content=\"Est. reading time\" \/>\n\t<meta name=\"twitter:data1\" content=\"1 minute\" \/>\n<script type=\"application\/ld+json\" class=\"yoast-schema-graph\">{\"@context\":\"https:\\\/\\\/schema.org\",\"@graph\":[{\"@type\":\"WebPage\",\"@id\":\"https:\\\/\\\/makertechnologypc.com\\\/product\\\/gabinete-corsair-3000d\\\/\",\"url\":\"https:\\\/\\\/makertechnologypc.com\\\/product\\\/gabinete-corsair-3000d\\\/\",\"name\":\"GABINETE CORSAIR 3000D Airflow White - Makertechnology\",\"isPartOf\":{\"@id\":\"https:\\\/\\\/makertechnologypc.com\\\/#website\"},\"primaryImageOfPage\":{\"@id\":\"https:\\\/\\\/makertechnologypc.com\\\/product\\\/gabinete-corsair-3000d\\\/#primaryimage\"},\"image\":{\"@id\":\"https:\\\/\\\/makertechnologypc.com\\\/product\\\/gabinete-corsair-3000d\\\/#primaryimage\"},\"thumbnailUrl\":\"https:\\\/\\\/makertechnologypc.com\\\/wp-content\\\/uploads\\\/2025\\\/05\\\/842.png\",\"datePublished\":\"2025-05-06T14:17:42+00:00\",\"dateModified\":\"2025-09-03T16:57:08+00:00\",\"breadcrumb\":{\"@id\":\"https:\\\/\\\/makertechnologypc.com\\\/product\\\/gabinete-corsair-3000d\\\/#breadcrumb\"},\"inLanguage\":\"en-US\",\"potentialAction\":[{\"@type\":\"ReadAction\",\"target\":[\"https:\\\/\\\/makertechnologypc.com\\\/product\\\/gabinete-corsair-3000d\\\/\"]}]},{\"@type\":\"ImageObject\",\"inLanguage\":\"en-US\",\"@id\":\"https:\\\/\\\/makertechnologypc.com\\\/product\\\/gabinete-corsair-3000d\\\/#primaryimage\",\"url\":\"https:\\\/\\\/makertechnologypc.com\\\/wp-content\\\/uploads\\\/2025\\\/05\\\/842.png\",\"contentUrl\":\"https:\\\/\\\/makertechnologypc.com\\\/wp-content\\\/uploads\\\/2025\\\/05\\\/842.png\",\"width\":1000,\"height\":1000},{\"@type\":\"BreadcrumbList\",\"@id\":\"https:\\\/\\\/makertechnologypc.com\\\/product\\\/gabinete-corsair-3000d\\\/#breadcrumb\",\"itemListElement\":[{\"@type\":\"ListItem\",\"position\":1,\"name\":\"Inicio\",\"item\":\"https:\\\/\\\/makertechnologypc.com\\\/\"},{\"@type\":\"ListItem\",\"position\":2,\"name\":\"Tienda\",\"item\":\"https:\\\/\\\/makertechnologypc.com\\\/tienda-de-pc-gamer-y-profesional\\\/\"},{\"@type\":\"ListItem\",\"position\":3,\"name\":\"GABINETE CORSAIR 3000D Airflow White\"}]},{\"@type\":\"WebSite\",\"@id\":\"https:\\\/\\\/makertechnologypc.com\\\/#website\",\"url\":\"https:\\\/\\\/makertechnologypc.com\\\/\",\"name\":\"makertechnology\",\"description\":\"Arma tu PC gamer o profesional en Colombia. Componentes premium, ensamble experto y hardware para rendimiento, gaming y productividad.\",\"publisher\":{\"@id\":\"https:\\\/\\\/makertechnologypc.com\\\/#organization\"},\"alternateName\":\"makertechnologypc\",\"potentialAction\":[{\"@type\":\"SearchAction\",\"target\":{\"@type\":\"EntryPoint\",\"urlTemplate\":\"https:\\\/\\\/makertechnologypc.com\\\/?s={search_term_string}\"},\"query-input\":{\"@type\":\"PropertyValueSpecification\",\"valueRequired\":true,\"valueName\":\"search_term_string\"}}],\"inLanguage\":\"en-US\"},{\"@type\":\"Organization\",\"@id\":\"https:\\\/\\\/makertechnologypc.com\\\/#organization\",\"name\":\"makertechnology\",\"alternateName\":\"makertechnology\",\"url\":\"https:\\\/\\\/makertechnologypc.com\\\/\",\"logo\":{\"@type\":\"ImageObject\",\"inLanguage\":\"en-US\",\"@id\":\"https:\\\/\\\/makertechnologypc.com\\\/#\\\/schema\\\/logo\\\/image\\\/\",\"url\":\"https:\\\/\\\/makertechnologypc.com\\\/wp-content\\\/uploads\\\/2025\\\/09\\\/makertechnology-logo-2.png\",\"contentUrl\":\"https:\\\/\\\/makertechnologypc.com\\\/wp-content\\\/uploads\\\/2025\\\/09\\\/makertechnology-logo-2.png\",\"width\":125,\"height\":140,\"caption\":\"makertechnology\"},\"image\":{\"@id\":\"https:\\\/\\\/makertechnologypc.com\\\/#\\\/schema\\\/logo\\\/image\\\/\"},\"sameAs\":[\"https:\\\/\\\/www.facebook.com\\\/people\\\/MakerTechnology\\\/61552346566079\\\/\",\"https:\\\/\\\/www.instagram.com\\\/makertechnology82\\\/\"]}]}<\/script>\n<!-- \/ Yoast SEO plugin. -->","yoast_head_json":{"title":"GABINETE CORSAIR 3000D Airflow White - Makertechnology","robots":{"index":"index","follow":"follow","max-snippet":"max-snippet:-1","max-image-preview":"max-image-preview:large","max-video-preview":"max-video-preview:-1"},"canonical":"https:\/\/makertechnologypc.com\/en\/product\/gabinete-corsair-3000d\/","og_locale":"en_US","og_type":"article","og_title":"GABINETE CORSAIR 3000D Airflow White - Makertechnology","og_description":"El CORSAIR 3000D RGB AIRFLOW presenta un chasis ATX semitorre con un eficiente dise\u00f1o de gran caudal de aire, que incluye tres ventiladores CORSAIR AR120 RGB preinstalados que proporcionan una refrigeraci\u00f3n excepcional e intensos efectos de iluminaci\u00f3n.   Espacio para un m\u00e1ximo de 8 ventiladores de 120 mm y varios radiadores de hasta 360\u00a0mm  Incluye 3 ventiladores AR120 RGB  Panel frontal de alto rendimiento con flujo de aire optimizado  Admite tarjetas gr\u00e1ficas de cuatro ranuras y hasta 360\u00a0mm de longitud","og_url":"https:\/\/makertechnologypc.com\/en\/product\/gabinete-corsair-3000d\/","og_site_name":"Makertechnology","article_publisher":"https:\/\/www.facebook.com\/people\/MakerTechnology\/61552346566079\/","article_modified_time":"2025-09-03T16:57:08+00:00","og_image":[{"width":1000,"height":1000,"url":"https:\/\/makertechnologypc.com\/wp-content\/uploads\/2025\/05\/842.png","type":"image\/png"}],"twitter_card":"summary_large_image","twitter_misc":{"Est. reading time":"1 minute"},"schema":{"@context":"https:\/\/schema.org","@graph":[{"@type":"WebPage","@id":"https:\/\/makertechnologypc.com\/product\/gabinete-corsair-3000d\/","url":"https:\/\/makertechnologypc.com\/product\/gabinete-corsair-3000d\/","name":"GABINETE CORSAIR 3000D Airflow White - Makertechnology","isPartOf":{"@id":"https:\/\/makertechnologypc.com\/#website"},"primaryImageOfPage":{"@id":"https:\/\/makertechnologypc.com\/product\/gabinete-corsair-3000d\/#primaryimage"},"image":{"@id":"https:\/\/makertechnologypc.com\/product\/gabinete-corsair-3000d\/#primaryimage"},"thumbnailUrl":"https:\/\/makertechnologypc.com\/wp-content\/uploads\/2025\/05\/842.png","datePublished":"2025-05-06T14:17:42+00:00","dateModified":"2025-09-03T16:57:08+00:00","breadcrumb":{"@id":"https:\/\/makertechnologypc.com\/product\/gabinete-corsair-3000d\/#breadcrumb"},"inLanguage":"en-US","potentialAction":[{"@type":"ReadAction","target":["https:\/\/makertechnologypc.com\/product\/gabinete-corsair-3000d\/"]}]},{"@type":"ImageObject","inLanguage":"en-US","@id":"https:\/\/makertechnologypc.com\/product\/gabinete-corsair-3000d\/#primaryimage","url":"https:\/\/makertechnologypc.com\/wp-content\/uploads\/2025\/05\/842.png","contentUrl":"https:\/\/makertechnologypc.com\/wp-content\/uploads\/2025\/05\/842.png","width":1000,"height":1000},{"@type":"BreadcrumbList","@id":"https:\/\/makertechnologypc.com\/product\/gabinete-corsair-3000d\/#breadcrumb","itemListElement":[{"@type":"ListItem","position":1,"name":"Inicio","item":"https:\/\/makertechnologypc.com\/"},{"@type":"ListItem","position":2,"name":"Tienda","item":"https:\/\/makertechnologypc.com\/tienda-de-pc-gamer-y-profesional\/"},{"@type":"ListItem","position":3,"name":"GABINETE CORSAIR 3000D Airflow White"}]},{"@type":"WebSite","@id":"https:\/\/makertechnologypc.com\/#website","url":"https:\/\/makertechnologypc.com\/","name":"makertechnology","description":"Arma tu PC gamer o profesional en Colombia. Componentes premium, ensamble experto y hardware para rendimiento, gaming y productividad.","publisher":{"@id":"https:\/\/makertechnologypc.com\/#organization"},"alternateName":"makertechnologypc","potentialAction":[{"@type":"SearchAction","target":{"@type":"EntryPoint","urlTemplate":"https:\/\/makertechnologypc.com\/?s={search_term_string}"},"query-input":{"@type":"PropertyValueSpecification","valueRequired":true,"valueName":"search_term_string"}}],"inLanguage":"en-US"},{"@type":"Organization","@id":"https:\/\/makertechnologypc.com\/#organization","name":"makertechnology","alternateName":"makertechnology","url":"https:\/\/makertechnologypc.com\/","logo":{"@type":"ImageObject","inLanguage":"en-US","@id":"https:\/\/makertechnologypc.com\/#\/schema\/logo\/image\/","url":"https:\/\/makertechnologypc.com\/wp-content\/uploads\/2025\/09\/makertechnology-logo-2.png","contentUrl":"https:\/\/makertechnologypc.com\/wp-content\/uploads\/2025\/09\/makertechnology-logo-2.png","width":125,"height":140,"caption":"makertechnology"},"image":{"@id":"https:\/\/makertechnologypc.com\/#\/schema\/logo\/image\/"},"sameAs":["https:\/\/www.facebook.com\/people\/MakerTechnology\/61552346566079\/","https:\/\/www.instagram.com\/makertechnology82\/"]}]}},"_links":{"self":[{"href":"https:\/\/makertechnologypc.com\/en\/wp-json\/wp\/v2\/product\/754","targetHints":{"allow":["GET"]}}],"collection":[{"href":"https:\/\/makertechnologypc.com\/en\/wp-json\/wp\/v2\/product"}],"about":[{"href":"https:\/\/makertechnologypc.com\/en\/wp-json\/wp\/v2\/types\/product"}],"replies":[{"embeddable":true,"href":"https:\/\/makertechnologypc.com\/en\/wp-json\/wp\/v2\/comments?post=754"}],"wp:featuredmedia":[{"embeddable":true,"href":"https:\/\/makertechnologypc.com\/en\/wp-json\/wp\/v2\/media\/2180"}],"wp:attachment":[{"href":"https:\/\/makertechnologypc.com\/en\/wp-json\/wp\/v2\/media?parent=754"}],"wp:term":[{"taxonomy":"product_brand","embeddable":true,"href":"https:\/\/makertechnologypc.com\/en\/wp-json\/wp\/v2\/product_brand?post=754"},{"taxonomy":"product_cat","embeddable":true,"href":"https:\/\/makertechnologypc.com\/en\/wp-json\/wp\/v2\/product_cat?post=754"},{"taxonomy":"product_tag","embeddable":true,"href":"https:\/\/makertechnologypc.com\/en\/wp-json\/wp\/v2\/product_tag?post=754"}],"curies":[{"name":"wp","href":"https:\/\/api.w.org\/{rel}","templated":true}]}}