{"id":765,"date":"2025-05-06T19:33:16","date_gmt":"2025-05-07T00:33:16","guid":{"rendered":"https:\/\/makertechnologypc.com\/?post_type=product&#038;p=765"},"modified":"2025-09-04T15:08:14","modified_gmt":"2025-09-04T20:08:14","slug":"cougar-archon-2-rgb","status":"publish","type":"product","link":"https:\/\/makertechnologypc.com\/en\/product\/cougar-archon-2-rgb\/","title":{"rendered":"GABINETE COUGAR ARCHON 2 RGB"},"content":{"rendered":"<p>ESPECIFICACIONES<\/p>\n<table class=\"table table-bordered width767\">\n<tbody class=\"vertical\">\n<tr>\n<th colspan=\"2\">Nombre del producto<\/th>\n<td>Archon 2 RGB (Negro\/Blanco)<\/td>\n<\/tr>\n<tr>\n<th colspan=\"2\">Factor de forma de la caja<\/th>\n<td>Torre media<\/td>\n<\/tr>\n<tr>\n<th colspan=\"2\">Tipo de placa base<\/th>\n<td>Mini ITX \/ Micro ATX \/ ATX<\/td>\n<\/tr>\n<tr>\n<th colspan=\"2\">Dimensiones (An. x Al. x Pr.)<\/th>\n<td>210 x 470 x 380 (mm)<br \/>\n8,3 x 18,5 x 15 (pulgadas)<\/td>\n<\/tr>\n<tr>\n<th colspan=\"2\">Panel de E\/S<\/th>\n<td>USB 3.0 x 2, USB 2.0 x 1, Micr\u00f3fono x 1 \/ Audio x 1, Bot\u00f3n RGB<\/td>\n<\/tr>\n<tr>\n<th colspan=\"2\">Bah\u00eda de unidad de 3,5&#8243;<\/th>\n<td>2<\/td>\n<\/tr>\n<tr>\n<th colspan=\"2\">Bah\u00eda de unidad de 2,5&#8243;<\/th>\n<td>2+1 (convertido de bah\u00eda de unidad de 3,5&#8243;) \/ (2 bandejas SSD incluidas)<\/td>\n<\/tr>\n<tr>\n<th colspan=\"2\">Ranuras de expansi\u00f3n<\/th>\n<td>7<\/td>\n<\/tr>\n<tr>\n<th rowspan=\"3\">Soporte para ventilador de refrigeraci\u00f3n<\/th>\n<th>Frente<\/th>\n<td>120 mm x 3 \/ 140 mm x 2 (ventilador ARGB de 120 mm x 3 preinstalado)<\/td>\n<\/tr>\n<tr>\n<th>Arriba<\/th>\n<td>120 mm x 2 \/ 140 mm x 2<\/td>\n<\/tr>\n<tr>\n<th>Trasero<\/th>\n<td>120 mm x 1<\/td>\n<\/tr>\n<tr>\n<th colspan=\"2\">N\u00famero m\u00e1ximo de fans<\/th>\n<td>6 M\u00e1x.<\/td>\n<\/tr>\n<tr>\n<th rowspan=\"3\">Soporte de refrigeraci\u00f3n por agua<\/th>\n<th>Frente<\/th>\n<td>*360 mm \/ 280 mm \/ 240 mm \/ 140 mm \/ 120 mm<\/td>\n<\/tr>\n<tr>\n<th>Arriba<\/th>\n<td>240 mm \/ 120 mm<\/td>\n<\/tr>\n<tr>\n<th>Trasero<\/th>\n<td>120 mm<\/td>\n<\/tr>\n<tr>\n<th colspan=\"2\">Panel izquierdo transparente<\/th>\n<td>Vidrio templado de 3 mm<\/td>\n<\/tr>\n<tr>\n<th colspan=\"2\">Sincronizaci\u00f3n RGB con M\/B<\/th>\n<td>S\u00ed<\/td>\n<\/tr>\n<tr>\n<th colspan=\"2\">Longitud m\u00e1xima de la tarjeta gr\u00e1fica<\/th>\n<td>315 (mm) \/ 12,4 (pulgadas)<\/td>\n<\/tr>\n<tr>\n<th colspan=\"2\">Altura m\u00e1xima del enfriador de CPU<\/th>\n<td>170 (mm) \/ 6,7 (pulgadas)<\/td>\n<\/tr>\n<tr>\n<th colspan=\"2\">Longitud m\u00e1xima de la fuente de alimentaci\u00f3n<\/th>\n<td>*160 (mm) \/ 6,3 (pulgadas)<\/td>\n<\/tr>\n<\/tbody>\n<\/table>","protected":false},"excerpt":{"rendered":"<div class=\"elementor-element elementor-element-ad2c8b9 elementor-widget elementor-widget-heading\" data-id=\"ad2c8b9\" data-element_type=\"widget\" data-widget_type=\"heading.default\">\n<div class=\"elementor-widget-container\">\n<h5 class=\"elementor-heading-title elementor-size-large\" style=\"text-align: center;\">Gabinete ARGB de Media Torre con Vidrio Templado Cristalino<\/h5>\n<\/div>\n<\/div>\n<div class=\"elementor-element elementor-element-a920ef0 elementor-widget elementor-widget-text-editor\" data-id=\"a920ef0\" data-element_type=\"widget\" data-widget_type=\"text-editor.default\">\n<div class=\"elementor-widget-container\">\n<div class=\"elementor-text-editor elementor-clearfix\">\n<p style=\"text-align: center;\">La Archon 2 RGB tiene un dise\u00f1o atractivo y elegante. Con tres ventiladores ARGB incluidos, el panel frontal de cristal templado exhibe una impresionante iluminaci\u00f3n.<\/p>\n<p style=\"text-align: center;\">El bot\u00f3n de iluminaci\u00f3n integrado permite visualizar asombrosos efectos de iluminaci\u00f3n. Su potente soporte para un radiador de 360 mm, una tarjeta gr\u00e1fica de 315 mm y un refrigerador de CPU de 170 mm ofrece un valor superior para usted.<\/p>\n<\/div>\n<\/div>\n<\/div>","protected":false},"featured_media":2194,"comment_status":"open","ping_status":"closed","template":"","meta":[],"product_brand":[37],"product_cat":[25],"product_tag":[29,27,38,28,36],"class_list":{"0":"post-765","1":"product","2":"type-product","3":"status-publish","4":"has-post-thumbnail","6":"product_brand-cougar","7":"product_cat-gabinetes","8":"product_tag-case","9":"product_tag-chasis","10":"product_tag-cougar","11":"product_tag-gabinete","12":"product_tag-gamer","14":"first","15":"outofstock","16":"shipping-taxable","17":"purchasable","18":"product-type-simple"},"yoast_head":"<!-- This site is optimized with the Yoast SEO plugin v27.4 - https:\/\/yoast.com\/product\/yoast-seo-wordpress\/ -->\n<title>GABINETE COUGAR ARCHON 2 RGB - Makertechnology<\/title>\n<meta name=\"robots\" content=\"index, follow, max-snippet:-1, max-image-preview:large, max-video-preview:-1\" \/>\n<link rel=\"canonical\" href=\"https:\/\/makertechnologypc.com\/en\/product\/cougar-archon-2-rgb\/\" \/>\n<meta property=\"og:locale\" content=\"en_US\" \/>\n<meta property=\"og:type\" content=\"article\" \/>\n<meta property=\"og:title\" content=\"GABINETE COUGAR ARCHON 2 RGB - Makertechnology\" \/>\n<meta property=\"og:description\" content=\"Gabinete ARGB de Media Torre con Vidrio Templado Cristalino      La Archon 2 RGB tiene un dise\u00f1o atractivo y elegante. Con tres ventiladores ARGB incluidos, el panel frontal de cristal templado exhibe una impresionante iluminaci\u00f3n. El bot\u00f3n de iluminaci\u00f3n integrado permite visualizar asombrosos efectos de iluminaci\u00f3n. Su potente soporte para un radiador de 360 mm, una tarjeta gr\u00e1fica de 315 mm y un refrigerador de CPU de 170 mm ofrece un valor superior para usted.\" \/>\n<meta property=\"og:url\" content=\"https:\/\/makertechnologypc.com\/en\/product\/cougar-archon-2-rgb\/\" \/>\n<meta property=\"og:site_name\" content=\"Makertechnology\" \/>\n<meta property=\"article:publisher\" content=\"https:\/\/www.facebook.com\/people\/MakerTechnology\/61552346566079\/\" \/>\n<meta property=\"article:modified_time\" content=\"2025-09-04T20:08:14+00:00\" \/>\n<meta property=\"og:image\" content=\"https:\/\/makertechnologypc.com\/wp-content\/uploads\/2025\/05\/56.png\" \/>\n\t<meta property=\"og:image:width\" content=\"1000\" \/>\n\t<meta property=\"og:image:height\" content=\"1000\" \/>\n\t<meta property=\"og:image:type\" content=\"image\/png\" \/>\n<meta name=\"twitter:card\" content=\"summary_large_image\" \/>\n<meta name=\"twitter:label1\" content=\"Est. reading time\" \/>\n\t<meta name=\"twitter:data1\" content=\"1 minute\" \/>\n<script type=\"application\/ld+json\" class=\"yoast-schema-graph\">{\"@context\":\"https:\\\/\\\/schema.org\",\"@graph\":[{\"@type\":\"WebPage\",\"@id\":\"https:\\\/\\\/makertechnologypc.com\\\/product\\\/cougar-archon-2-rgb\\\/\",\"url\":\"https:\\\/\\\/makertechnologypc.com\\\/product\\\/cougar-archon-2-rgb\\\/\",\"name\":\"GABINETE COUGAR ARCHON 2 RGB - Makertechnology\",\"isPartOf\":{\"@id\":\"https:\\\/\\\/makertechnologypc.com\\\/#website\"},\"primaryImageOfPage\":{\"@id\":\"https:\\\/\\\/makertechnologypc.com\\\/product\\\/cougar-archon-2-rgb\\\/#primaryimage\"},\"image\":{\"@id\":\"https:\\\/\\\/makertechnologypc.com\\\/product\\\/cougar-archon-2-rgb\\\/#primaryimage\"},\"thumbnailUrl\":\"https:\\\/\\\/makertechnologypc.com\\\/wp-content\\\/uploads\\\/2025\\\/05\\\/56.png\",\"datePublished\":\"2025-05-07T00:33:16+00:00\",\"dateModified\":\"2025-09-04T20:08:14+00:00\",\"breadcrumb\":{\"@id\":\"https:\\\/\\\/makertechnologypc.com\\\/product\\\/cougar-archon-2-rgb\\\/#breadcrumb\"},\"inLanguage\":\"en-US\",\"potentialAction\":[{\"@type\":\"ReadAction\",\"target\":[\"https:\\\/\\\/makertechnologypc.com\\\/product\\\/cougar-archon-2-rgb\\\/\"]}]},{\"@type\":\"ImageObject\",\"inLanguage\":\"en-US\",\"@id\":\"https:\\\/\\\/makertechnologypc.com\\\/product\\\/cougar-archon-2-rgb\\\/#primaryimage\",\"url\":\"https:\\\/\\\/makertechnologypc.com\\\/wp-content\\\/uploads\\\/2025\\\/05\\\/56.png\",\"contentUrl\":\"https:\\\/\\\/makertechnologypc.com\\\/wp-content\\\/uploads\\\/2025\\\/05\\\/56.png\",\"width\":1000,\"height\":1000},{\"@type\":\"BreadcrumbList\",\"@id\":\"https:\\\/\\\/makertechnologypc.com\\\/product\\\/cougar-archon-2-rgb\\\/#breadcrumb\",\"itemListElement\":[{\"@type\":\"ListItem\",\"position\":1,\"name\":\"Inicio\",\"item\":\"https:\\\/\\\/makertechnologypc.com\\\/\"},{\"@type\":\"ListItem\",\"position\":2,\"name\":\"Tienda\",\"item\":\"https:\\\/\\\/makertechnologypc.com\\\/tienda-de-pc-gamer-y-profesional\\\/\"},{\"@type\":\"ListItem\",\"position\":3,\"name\":\"GABINETE COUGAR ARCHON 2 RGB\"}]},{\"@type\":\"WebSite\",\"@id\":\"https:\\\/\\\/makertechnologypc.com\\\/#website\",\"url\":\"https:\\\/\\\/makertechnologypc.com\\\/\",\"name\":\"makertechnology\",\"description\":\"Arma tu PC gamer o profesional en Colombia. Componentes premium, ensamble experto y hardware para rendimiento, gaming y productividad.\",\"publisher\":{\"@id\":\"https:\\\/\\\/makertechnologypc.com\\\/#organization\"},\"alternateName\":\"makertechnologypc\",\"potentialAction\":[{\"@type\":\"SearchAction\",\"target\":{\"@type\":\"EntryPoint\",\"urlTemplate\":\"https:\\\/\\\/makertechnologypc.com\\\/?s={search_term_string}\"},\"query-input\":{\"@type\":\"PropertyValueSpecification\",\"valueRequired\":true,\"valueName\":\"search_term_string\"}}],\"inLanguage\":\"en-US\"},{\"@type\":\"Organization\",\"@id\":\"https:\\\/\\\/makertechnologypc.com\\\/#organization\",\"name\":\"makertechnology\",\"alternateName\":\"makertechnology\",\"url\":\"https:\\\/\\\/makertechnologypc.com\\\/\",\"logo\":{\"@type\":\"ImageObject\",\"inLanguage\":\"en-US\",\"@id\":\"https:\\\/\\\/makertechnologypc.com\\\/#\\\/schema\\\/logo\\\/image\\\/\",\"url\":\"https:\\\/\\\/makertechnologypc.com\\\/wp-content\\\/uploads\\\/2025\\\/09\\\/makertechnology-logo-2.png\",\"contentUrl\":\"https:\\\/\\\/makertechnologypc.com\\\/wp-content\\\/uploads\\\/2025\\\/09\\\/makertechnology-logo-2.png\",\"width\":125,\"height\":140,\"caption\":\"makertechnology\"},\"image\":{\"@id\":\"https:\\\/\\\/makertechnologypc.com\\\/#\\\/schema\\\/logo\\\/image\\\/\"},\"sameAs\":[\"https:\\\/\\\/www.facebook.com\\\/people\\\/MakerTechnology\\\/61552346566079\\\/\",\"https:\\\/\\\/www.instagram.com\\\/makertechnology82\\\/\"]}]}<\/script>\n<!-- \/ Yoast SEO plugin. -->","yoast_head_json":{"title":"GABINETE COUGAR ARCHON 2 RGB - Makertechnology","robots":{"index":"index","follow":"follow","max-snippet":"max-snippet:-1","max-image-preview":"max-image-preview:large","max-video-preview":"max-video-preview:-1"},"canonical":"https:\/\/makertechnologypc.com\/en\/product\/cougar-archon-2-rgb\/","og_locale":"en_US","og_type":"article","og_title":"GABINETE COUGAR ARCHON 2 RGB - Makertechnology","og_description":"Gabinete ARGB de Media Torre con Vidrio Templado Cristalino      La Archon 2 RGB tiene un dise\u00f1o atractivo y elegante. Con tres ventiladores ARGB incluidos, el panel frontal de cristal templado exhibe una impresionante iluminaci\u00f3n. El bot\u00f3n de iluminaci\u00f3n integrado permite visualizar asombrosos efectos de iluminaci\u00f3n. Su potente soporte para un radiador de 360 mm, una tarjeta gr\u00e1fica de 315 mm y un refrigerador de CPU de 170 mm ofrece un valor superior para usted.","og_url":"https:\/\/makertechnologypc.com\/en\/product\/cougar-archon-2-rgb\/","og_site_name":"Makertechnology","article_publisher":"https:\/\/www.facebook.com\/people\/MakerTechnology\/61552346566079\/","article_modified_time":"2025-09-04T20:08:14+00:00","og_image":[{"width":1000,"height":1000,"url":"https:\/\/makertechnologypc.com\/wp-content\/uploads\/2025\/05\/56.png","type":"image\/png"}],"twitter_card":"summary_large_image","twitter_misc":{"Est. reading time":"1 minute"},"schema":{"@context":"https:\/\/schema.org","@graph":[{"@type":"WebPage","@id":"https:\/\/makertechnologypc.com\/product\/cougar-archon-2-rgb\/","url":"https:\/\/makertechnologypc.com\/product\/cougar-archon-2-rgb\/","name":"GABINETE COUGAR ARCHON 2 RGB - Makertechnology","isPartOf":{"@id":"https:\/\/makertechnologypc.com\/#website"},"primaryImageOfPage":{"@id":"https:\/\/makertechnologypc.com\/product\/cougar-archon-2-rgb\/#primaryimage"},"image":{"@id":"https:\/\/makertechnologypc.com\/product\/cougar-archon-2-rgb\/#primaryimage"},"thumbnailUrl":"https:\/\/makertechnologypc.com\/wp-content\/uploads\/2025\/05\/56.png","datePublished":"2025-05-07T00:33:16+00:00","dateModified":"2025-09-04T20:08:14+00:00","breadcrumb":{"@id":"https:\/\/makertechnologypc.com\/product\/cougar-archon-2-rgb\/#breadcrumb"},"inLanguage":"en-US","potentialAction":[{"@type":"ReadAction","target":["https:\/\/makertechnologypc.com\/product\/cougar-archon-2-rgb\/"]}]},{"@type":"ImageObject","inLanguage":"en-US","@id":"https:\/\/makertechnologypc.com\/product\/cougar-archon-2-rgb\/#primaryimage","url":"https:\/\/makertechnologypc.com\/wp-content\/uploads\/2025\/05\/56.png","contentUrl":"https:\/\/makertechnologypc.com\/wp-content\/uploads\/2025\/05\/56.png","width":1000,"height":1000},{"@type":"BreadcrumbList","@id":"https:\/\/makertechnologypc.com\/product\/cougar-archon-2-rgb\/#breadcrumb","itemListElement":[{"@type":"ListItem","position":1,"name":"Inicio","item":"https:\/\/makertechnologypc.com\/"},{"@type":"ListItem","position":2,"name":"Tienda","item":"https:\/\/makertechnologypc.com\/tienda-de-pc-gamer-y-profesional\/"},{"@type":"ListItem","position":3,"name":"GABINETE COUGAR ARCHON 2 RGB"}]},{"@type":"WebSite","@id":"https:\/\/makertechnologypc.com\/#website","url":"https:\/\/makertechnologypc.com\/","name":"makertechnology","description":"Arma tu PC gamer o profesional en Colombia. Componentes premium, ensamble experto y hardware para rendimiento, gaming y productividad.","publisher":{"@id":"https:\/\/makertechnologypc.com\/#organization"},"alternateName":"makertechnologypc","potentialAction":[{"@type":"SearchAction","target":{"@type":"EntryPoint","urlTemplate":"https:\/\/makertechnologypc.com\/?s={search_term_string}"},"query-input":{"@type":"PropertyValueSpecification","valueRequired":true,"valueName":"search_term_string"}}],"inLanguage":"en-US"},{"@type":"Organization","@id":"https:\/\/makertechnologypc.com\/#organization","name":"makertechnology","alternateName":"makertechnology","url":"https:\/\/makertechnologypc.com\/","logo":{"@type":"ImageObject","inLanguage":"en-US","@id":"https:\/\/makertechnologypc.com\/#\/schema\/logo\/image\/","url":"https:\/\/makertechnologypc.com\/wp-content\/uploads\/2025\/09\/makertechnology-logo-2.png","contentUrl":"https:\/\/makertechnologypc.com\/wp-content\/uploads\/2025\/09\/makertechnology-logo-2.png","width":125,"height":140,"caption":"makertechnology"},"image":{"@id":"https:\/\/makertechnologypc.com\/#\/schema\/logo\/image\/"},"sameAs":["https:\/\/www.facebook.com\/people\/MakerTechnology\/61552346566079\/","https:\/\/www.instagram.com\/makertechnology82\/"]}]}},"_links":{"self":[{"href":"https:\/\/makertechnologypc.com\/en\/wp-json\/wp\/v2\/product\/765","targetHints":{"allow":["GET"]}}],"collection":[{"href":"https:\/\/makertechnologypc.com\/en\/wp-json\/wp\/v2\/product"}],"about":[{"href":"https:\/\/makertechnologypc.com\/en\/wp-json\/wp\/v2\/types\/product"}],"replies":[{"embeddable":true,"href":"https:\/\/makertechnologypc.com\/en\/wp-json\/wp\/v2\/comments?post=765"}],"wp:featuredmedia":[{"embeddable":true,"href":"https:\/\/makertechnologypc.com\/en\/wp-json\/wp\/v2\/media\/2194"}],"wp:attachment":[{"href":"https:\/\/makertechnologypc.com\/en\/wp-json\/wp\/v2\/media?parent=765"}],"wp:term":[{"taxonomy":"product_brand","embeddable":true,"href":"https:\/\/makertechnologypc.com\/en\/wp-json\/wp\/v2\/product_brand?post=765"},{"taxonomy":"product_cat","embeddable":true,"href":"https:\/\/makertechnologypc.com\/en\/wp-json\/wp\/v2\/product_cat?post=765"},{"taxonomy":"product_tag","embeddable":true,"href":"https:\/\/makertechnologypc.com\/en\/wp-json\/wp\/v2\/product_tag?post=765"}],"curies":[{"name":"wp","href":"https:\/\/api.w.org\/{rel}","templated":true}]}}